{"id":5963,"date":"2025-12-16T15:28:54","date_gmt":"2025-12-16T12:28:54","guid":{"rendered":"https:\/\/wristbandfactory.eu\/?post_type=product&#038;p=5963"},"modified":"2025-12-29T16:49:28","modified_gmt":"2025-12-29T13:49:28","slug":"custom-printed-bucket-hats-polyester-reversible-corduroy","status":"publish","type":"product","link":"https:\/\/wristbandfactory.eu\/et\/p\/custom-printed-bucket-hats-polyester-reversible-corduroy\/","title":{"rendered":"Logoga kalamehem\u00fctsid"},"content":{"rendered":"<p data-path-to-node=\"11\"><b>Ikoonilised peakatted br\u00e4ndi maksimaalse n\u00e4htavuse tagamiseks<\/b> Meie <b>Eridisainiga tr\u00fckitud \u00e4mbrim\u00fctsid<\/b> on \u00fclim suvine aksessuaar festivalidele, v\u00e4li\u00fcritustele ja firmakaupade kollektsioonidele. Olenemata sellest, kas vajate kulut\u00f5husat kingitust v\u00f5i kvaliteetset jaem\u00fc\u00fcgiartiklit, meie valik katab k\u00f5ik vajadused erksav\u00e4rvilise tr\u00fcki ja esmaklassiliste kangavalikutega.<\/p>\n<p data-path-to-node=\"12\"><b>Saadaval olevad mudelid ja stiilid<\/b><\/p>\n<ul data-path-to-node=\"13\">\n<li>\n<p data-path-to-node=\"13,0,0\"><b>Standardne t\u00e4isv\u00e4rviline (pol\u00fcester)<\/b><\/p>\n<ul data-path-to-node=\"13,0,1\">\n<li>\n<p data-path-to-node=\"13,0,1,0,0\"><b>Kerge:<\/b> 150 g\/m\u00b2 pol\u00fcester. Ideaalne kuumadeks suvep\u00e4evadeks ja massireklaamideks.<\/p>\n<\/li>\n<li>\n<p data-path-to-node=\"13,0,1,1,0\"><b>Raskekaal:<\/b>\u00a0260 g\/m\u00b2 pol\u00fcester. Tugevam ja struktureeritud tunne k\u00f5rgema tajutava v\u00e4\u00e4rtuse saavutamiseks.<\/p>\n<\/li>\n<li>\n<p data-path-to-node=\"13,0,1,2,0\"><b>Detailid:<\/b> Tr\u00fckitud v\u00e4lisk\u00fcljele ja sisemisele \u00e4\u00e4rele. Must higipael on kaasas.<\/p>\n<\/li>\n<\/ul>\n<\/li>\n<li>\n<p data-path-to-node=\"13,1,0\"><b>P\u00f6\u00f6ratavad \u201c2-\u00fches\u201d m\u00fctsid<\/b><\/p>\n<ul data-path-to-node=\"13,1,1\">\n<li>\n<p data-path-to-node=\"13,1,1,0,0\"><b>(150 g\/m\u00b2) ja (260 g\/m\u00b2):<\/b> Kahekordne br\u00e4ndingu efekt! Need m\u00fctsid on t\u00e4ielikult p\u00f6\u00f6ratavad, v\u00f5imaldades kahte t\u00e4iesti erinevat disaini nii seest kui v\u00e4ljast. Uue ilme paljastamiseks keerake m\u00fcts lihtsalt pahupidi.<\/p>\n<\/li>\n<\/ul>\n<\/li>\n<li>\n<p data-path-to-node=\"13,2,0\"><b>Premium-tekstuur (velvetist)<\/b><\/p>\n<ul data-path-to-node=\"13,2,1\">\n<li>\n<p data-path-to-node=\"13,2,1,0,0\"><b>Klassikaline kordvelvetist:<\/b> 210 g\/m\u00b2 kangas iseloomuliku soonikkoes tekstuuriga. Keskmise profiiliga.<\/p>\n<\/li>\n<li>\n<p data-path-to-node=\"13,2,1,1,0\"><b>Puuvillane kordvelvett:<\/b> 200 g\/m\u00b2 puuvillasegu pehmema ja loomulikuma tunde saavutamiseks.<\/p>\n<\/li>\n<li>\n<p data-path-to-node=\"13,2,1,2,0\"><b>Stiil:<\/b> Retroh\u00f5nguline v\u00e4limus, ideaalne moodsatele br\u00e4ndidele ja t\u00e4navariietusele.<\/p>\n<\/li>\n<\/ul>\n<\/li>\n<li>\n<p data-path-to-node=\"13,3,0\"><b>Erivalikud<\/b><\/p>\n<ul data-path-to-node=\"13,3,1\">\n<li>\n<p data-path-to-node=\"13,3,1,0,0\"><b>Suur \u00e4\u00e4r:<\/b> 200 g\/m\u00b2 pol\u00fcester pikendatud \u00e4\u00e4rega t\u00e4iendava p\u00e4ikesekaitse tagamiseks.<\/p>\n<\/li>\n<li>\n<p data-path-to-node=\"13,3,1,1,0\"><b>Tikitud variant:<\/b> 170 g\/m\u00b2 pol\u00fcester, mis on spetsiaalselt loodud tikkimiseks v\u00f5i t\u00e4pptr\u00fckiks.<\/p>\n<\/li>\n<\/ul>\n<\/li>\n<\/ul>\n<p data-path-to-node=\"14\"><b>Spetsifikatsioonid ja suurused<\/b><\/p>\n<ul data-path-to-node=\"15\">\n<li>\n<p data-path-to-node=\"15,0,0\"><b>Tr\u00fckkimine:<\/b> T\u00e4ispinna CMYK sublimatsioon (pol\u00fcestermudelitel). V\u00f5imaldab fotorealistlikke kujundusi ja mustreid \u00fcle kogu pinna.<\/p>\n<\/li>\n<li>\n<p data-path-to-node=\"15,1,0\"><b>Suurused:<\/b><\/p>\n<ul data-path-to-node=\"15,1,1\">\n<li>\n<p data-path-to-node=\"15,1,1,0,0\"><b>Lapsed:<\/b> 55 cm<\/p>\n<\/li>\n<li>\n<p data-path-to-node=\"15,1,1,1,0\"><b>T\u00e4iskasvanu standardvarustus:<\/b> 58 cm (sobib enamikele naistele ja meestele)<\/p>\n<\/li>\n<li>\n<p data-path-to-node=\"15,1,1,2,0\"><b>Suur t\u00e4iskasvanu:<\/b> 60 cm (vaba l\u00f5ikega)<\/p>\n<\/li>\n<\/ul>\n<\/li>\n<li>\n<p data-path-to-node=\"15,2,0\"><b>Ventilatsioon:<\/b> \u00d5mmeldud sobivad aasad (standardsetel pol\u00fcestermudelitel) tagavad hingavuse soojadel \u00fcritustel.<\/p>\n<\/li>\n<li>\n<p data-path-to-node=\"15,3,0\"><b>\u00c4\u00e4rise laius:<\/b> Standardsed 5,5 cm v\u00f5i 7,5 cm valikud (olenevalt mudelist).<\/p>\n<\/li>\n<\/ul>\n<p data-path-to-node=\"16\"><b>Kasutusjuhud<\/b><\/p>\n<ul data-path-to-node=\"17\">\n<li>\n<p data-path-to-node=\"17,0,0\"><b>Festivalid ja kontserdid:<\/b> H\u00e4sti n\u00e4htavad tooted, mida f\u00e4nnid armastavad kanda.<\/p>\n<\/li>\n<li>\n<p data-path-to-node=\"17,1,0\"><b>Spordimeeskonnad:<\/b> \u00dchtne otsing toetajatele ja klubiliikmetele.<\/p>\n<\/li>\n<li>\n<p data-path-to-node=\"17,2,0\"><b>Tudengi\u00fcritused:<\/b> Orientatsioonip\u00e4evad ja \u00fclikooli kaubad.<\/p>\n<\/li>\n<\/ul>","protected":false},"excerpt":{"rendered":"<ul>\n<li>\n<p data-path-to-node=\"9,0,0\"><b>Lai valik:<\/b> Vali kerge (150 g\/m\u00b2) v\u00f5i raske (260 g\/m\u00b2) pol\u00fcestri, kahepoolsete mudelite v\u00f5i trendika kordvelvetist kanga vahel.<\/p>\n<\/li>\n<li>\n<p data-path-to-node=\"9,1,0\"><b>T\u00e4ielik kohandamine:<\/b> Servast servani CMYK sublimatsioontr\u00fckk piiramatu v\u00e4rvide ja mustrite saamiseks.<\/p>\n<\/li>\n<li>\n<p data-path-to-node=\"9,2,0\"><b>Ideaalne sobivus:<\/b> Saadaval suurustes lastele (55 cm), t\u00e4iskasvanutele (58 cm) ja suurele (60 cm).<\/p>\n<\/li>\n<li>\n<p data-path-to-node=\"9,3,0\"><b>Mitmek\u00fclgne:<\/b> Ideaalne suvefestivalidele, spordikaupadele ja t\u00e4navariiete br\u00e4ndidele.<\/p>\n<\/li>\n<\/ul>","protected":false},"featured_media":6365,"comment_status":"closed","ping_status":"closed","template":"","meta":[],"product_brand":[],"product_cat":[130],"product_tag":[],"class_list":{"0":"post-5963","1":"product","2":"type-product","3":"status-publish","4":"has-post-thumbnail","6":"product_cat-custom-headwear","8":"first","9":"instock","10":"shipping-taxable","11":"purchasable","12":"product-type-simple"},"_links":{"self":[{"href":"https:\/\/wristbandfactory.eu\/et\/wp-json\/wp\/v2\/product\/5963","targetHints":{"allow":["GET"]}}],"collection":[{"href":"https:\/\/wristbandfactory.eu\/et\/wp-json\/wp\/v2\/product"}],"about":[{"href":"https:\/\/wristbandfactory.eu\/et\/wp-json\/wp\/v2\/types\/product"}],"replies":[{"embeddable":true,"href":"https:\/\/wristbandfactory.eu\/et\/wp-json\/wp\/v2\/comments?post=5963"}],"wp:featuredmedia":[{"embeddable":true,"href":"https:\/\/wristbandfactory.eu\/et\/wp-json\/wp\/v2\/media\/6365"}],"wp:attachment":[{"href":"https:\/\/wristbandfactory.eu\/et\/wp-json\/wp\/v2\/media?parent=5963"}],"wp:term":[{"taxonomy":"product_brand","embeddable":true,"href":"https:\/\/wristbandfactory.eu\/et\/wp-json\/wp\/v2\/product_brand?post=5963"},{"taxonomy":"product_cat","embeddable":true,"href":"https:\/\/wristbandfactory.eu\/et\/wp-json\/wp\/v2\/product_cat?post=5963"},{"taxonomy":"product_tag","embeddable":true,"href":"https:\/\/wristbandfactory.eu\/et\/wp-json\/wp\/v2\/product_tag?post=5963"}],"curies":[{"name":"t\u00f6\u00f6leht","href":"https:\/\/api.w.org\/{rel}","templated":true}]}}