{"id":5938,"date":"2025-12-16T15:04:12","date_gmt":"2025-12-16T12:04:12","guid":{"rendered":"https:\/\/wristbandfactory.eu\/?post_type=product&#038;p=5938"},"modified":"2026-01-03T01:24:57","modified_gmt":"2026-01-02T22:24:57","slug":"custom-printed-multifunctional-multiscarfs-tubular-bandanas","status":"publish","type":"product","link":"https:\/\/wristbandfactory.eu\/et\/p\/custom-printed-multifunctional-multiscarfs-tubular-bandanas\/","title":{"rendered":"Multifunktsionaalsed logoga kaelasallid"},"content":{"rendered":"<p data-path-to-node=\"7\">Ava maksimaalne br\u00e4ndi n\u00e4htavus meie eritellimusel tr\u00fckitud multifunktsionaalsete sallidega \u2013 \u00fclim multifunktsionaalne aksessuaar aktiivseks eluviisiks. Need \u00f5mblusteta torukujulised sallid, tuntud ka kui torukujulised bandana\u2019d v\u00f5i kaelakaitsed, on loodud mugavuse ja praktilisuse tagamiseks igasugustes ilmastikutingimustes. Olgu tegemist maratoni, suusakuurordi v\u00f5i suvise ettev\u00f5tte v\u00e4ljas\u00f5iduga, teie br\u00e4nd j\u00e4\u00e4b esiplaanile ja keskpunkti.<\/p>\n<p data-path-to-node=\"8\">Meie multifunktsionaalsed sallid on valmistatud kvaliteetsetest kangastest, mis on eridisainiga teie konkreetsele keskkonnale. Alates kergetest hingavatest mikrokiudmaterjalidest kuni spetsiaalse niiskust imava tehnoloogiani \u2013 pakume teie organisatsiooni identiteedi jaoks ideaalset l\u00f5uendit.<\/p>\n<h2 data-path-to-node=\"9\">Peamised omadused<\/h2>\n<ul data-path-to-node=\"10\">\n<li>\n<p data-path-to-node=\"10,0,0\"><b data-path-to-node=\"10,0,0\" data-index-in-node=\"0\">K\u00f5rglahutusega sublimatsioon:<\/b> Kasutame CMYK t\u00e4isv\u00e4rvitr\u00fcki, kus tint kantakse otse kanga kiududesse, tagades, et disain ei pragune, kooru ega tuhmu.<\/p>\n<\/li>\n<li>\n<p data-path-to-node=\"10,1,0\"><b data-path-to-node=\"10,1,0\" data-index-in-node=\"0\">Sujuv konstruktsioon:<\/b> Torukujuline disain on valmistatud ilma \u00e4rritavate \u00f5mblusteta, pakkudes maksimaalset mugavust nii igap\u00e4evaseks kandmiseks kui ka intensiivseks f\u00fc\u00fcsiliseks tegevuseks.<\/p>\n<\/li>\n<li>\n<p data-path-to-node=\"10,2,0\"><b data-path-to-node=\"10,2,0\" data-index-in-node=\"0\">Erakordne vastupidavus:<\/b> T\u00e4ielikult pestav ja korduvkasutatav, s\u00e4ilitades kuju ja v\u00e4rvi erksuse isegi p\u00e4rast korduvat ja intensiivset kasutamist.<\/p>\n<\/li>\n<li>\n<p data-path-to-node=\"10,3,0\"><b data-path-to-node=\"10,3,0\" data-index-in-node=\"0\">Aastaringne kaitse:<\/b> Pakub kaitset tuule, tolmu, k\u00fclma ja UV-kiirte eest, olenevalt valitud materjali konfiguratsioonist.<\/p>\n<\/li>\n<\/ul>\n<h2 data-path-to-node=\"11\">Spetsifikatsioonid<\/h2>\n<ul data-path-to-node=\"12\">\n<li>\n<p data-path-to-node=\"12,0,0\"><b data-path-to-node=\"12,0,0\" data-index-in-node=\"0\">Materjalid:<\/b> Standardne pol\u00fcester, taaskasutatud RPET, talvine fliis, COOLMAX\u00ae (niiskust imav) v\u00f5i l\u00fckra (UPF50+).<\/p>\n<\/li>\n<li>\n<p data-path-to-node=\"12,1,0\"><b data-path-to-node=\"12,1,0\" data-index-in-node=\"0\">Suurus:<\/b> T\u00e4iskasvanute standardsuurus (eridisainiga suurused on saadaval soovi korral).<\/p>\n<\/li>\n<li>\n<p data-path-to-node=\"12,2,0\"><b data-path-to-node=\"12,2,0\" data-index-in-node=\"0\">Tr\u00fckkimine:<\/b> T\u00e4isv\u00e4rviline servast servani sublimatsioon.<\/p>\n<\/li>\n<li>\n<p data-path-to-node=\"12,3,0\"><b data-path-to-node=\"12,3,0\" data-index-in-node=\"0\">Minimaalne tellimuse kogus:<\/b> 100 \u00fchikut.<\/p>\n<\/li>\n<li>\n<p data-path-to-node=\"12,4,0\"><b data-path-to-node=\"12,4,0\" data-index-in-node=\"0\">Hooldus:<\/b> Masinpestav, kiiresti kuivav.<\/p>\n<\/li>\n<\/ul>\n<h2 data-path-to-node=\"13\">Kasutusjuhud<\/h2>\n<ul data-path-to-node=\"14\">\n<li>\n<p data-path-to-node=\"14,0,0\"><b data-path-to-node=\"14,0,0\" data-index-in-node=\"0\">Sport ja Fitness:<\/b> H\u00e4davajalik varustus jooksuklubidele, jalgrattas\u00f5idumeeskondadele ja j\u00f5usaalikaupadele.<\/p>\n<\/li>\n<li>\n<p data-path-to-node=\"14,1,0\"><b data-path-to-node=\"14,1,0\" data-index-in-node=\"0\">Vaba\u00f5hu\u00fcritused ja festivalid:<\/b> Praktilised ja stiilsed kingitused kontsertidele, matkagruppidele ja vaba\u00f5hufestivalidele.<\/p>\n<\/li>\n<li>\n<p data-path-to-node=\"14,2,0\"><b data-path-to-node=\"14,2,0\" data-index-in-node=\"0\">Ettev\u00f5tte sotsiaalne vastutus:<\/b> Valige meie RPET-materjalist valik j\u00e4tkusuutlikuks ettev\u00f5tte kingituseks, mis on koosk\u00f5las keskkonnas\u00f5bralike v\u00e4\u00e4rtustega.<\/p>\n<\/li>\n<li>\n<p data-path-to-node=\"14,3,0\"><b data-path-to-node=\"14,3,0\" data-index-in-node=\"0\">Talvine turism:<\/b> Ideaalne suusakoolidele, kuurortidele ja talispordi turundusele.<\/p>\n<\/li>\n<\/ul>","protected":false},"excerpt":{"rendered":"<ul>\n<li>\n<p data-path-to-node=\"6,0,0\"><b data-path-to-node=\"6,0,0\" data-index-in-node=\"0\">10+ kandmisviisi:<\/b> \u00c4\u00e4rmiselt mitmek\u00fclgne disain, mis sobib kaelasoojendajaks, peapaelaks, n\u00e4omaskiks, m\u00fctsiks v\u00f5i randmepaelaks.<\/p>\n<\/li>\n<li>\n<p data-path-to-node=\"6,1,0\"><b data-path-to-node=\"6,1,0\" data-index-in-node=\"0\">Kvaliteetsete materjalide valik:<\/b> Valida saab tavalise mikrokiu, keskkonnas\u00f5braliku RPET-i (taaskasutatud plastik), talvise fliisi v\u00f5i k\u00f5rgj\u00f5udlusega Coolmax\u00ae-i vahel.<\/p>\n<\/li>\n<li>\n<p data-path-to-node=\"6,2,0\"><b data-path-to-node=\"6,2,0\" data-index-in-node=\"0\">T\u00e4ispinna kohandamine:<\/b> Servast servani sublimatsioontr\u00fckk v\u00f5imaldab piiramatul hulgal v\u00e4rve, gradiente ja fotodetaile, mis kunagi ei tuhmu.<\/p>\n<\/li>\n<li>\n<p data-path-to-node=\"6,3,0\"><b data-path-to-node=\"6,3,0\" data-index-in-node=\"0\">Professionaalne B2B valik:<\/b> Ideaalne spordimeeskondadele, v\u00e4li\u00fcritustele ja firmakingitustele madala minimaalse tellimuse kogusega 100 \u00fchikut.<\/p>\n<\/li>\n<\/ul>","protected":false},"featured_media":6373,"comment_status":"closed","ping_status":"closed","template":"","meta":[],"product_brand":[],"product_cat":[123,118],"product_tag":[],"class_list":{"0":"post-5938","1":"product","2":"type-product","3":"status-publish","4":"has-post-thumbnail","6":"product_cat-fan-cheering-items","7":"product_cat-sports-fitness","9":"first","10":"instock","11":"shipping-taxable","12":"purchasable","13":"product-type-simple"},"_links":{"self":[{"href":"https:\/\/wristbandfactory.eu\/et\/wp-json\/wp\/v2\/product\/5938","targetHints":{"allow":["GET"]}}],"collection":[{"href":"https:\/\/wristbandfactory.eu\/et\/wp-json\/wp\/v2\/product"}],"about":[{"href":"https:\/\/wristbandfactory.eu\/et\/wp-json\/wp\/v2\/types\/product"}],"replies":[{"embeddable":true,"href":"https:\/\/wristbandfactory.eu\/et\/wp-json\/wp\/v2\/comments?post=5938"}],"wp:featuredmedia":[{"embeddable":true,"href":"https:\/\/wristbandfactory.eu\/et\/wp-json\/wp\/v2\/media\/6373"}],"wp:attachment":[{"href":"https:\/\/wristbandfactory.eu\/et\/wp-json\/wp\/v2\/media?parent=5938"}],"wp:term":[{"taxonomy":"product_brand","embeddable":true,"href":"https:\/\/wristbandfactory.eu\/et\/wp-json\/wp\/v2\/product_brand?post=5938"},{"taxonomy":"product_cat","embeddable":true,"href":"https:\/\/wristbandfactory.eu\/et\/wp-json\/wp\/v2\/product_cat?post=5938"},{"taxonomy":"product_tag","embeddable":true,"href":"https:\/\/wristbandfactory.eu\/et\/wp-json\/wp\/v2\/product_tag?post=5938"}],"curies":[{"name":"t\u00f6\u00f6leht","href":"https:\/\/api.w.org\/{rel}","templated":true}]}}