{"id":5824,"date":"2025-12-11T12:42:06","date_gmt":"2025-12-11T09:42:06","guid":{"rendered":"https:\/\/wristbandfactory.eu\/?post_type=product&#038;p=5824"},"modified":"2025-12-11T18:33:08","modified_gmt":"2025-12-11T15:33:08","slug":"embossed-silicone-wristbands-raised-3d-effect","status":"publish","type":"product","link":"https:\/\/wristbandfactory.eu\/et\/p\/embossed-silicone-wristbands-raised-3d-effect\/","title":{"rendered":"Silikoonist k\u00e4epaelad \u2013 Reljeefsed \/ 3D-efekt"},"content":{"rendered":"<p data-path-to-node=\"10\"><b>Paista silma 3D-viimistlusega<\/b><\/p>\n<p data-path-to-node=\"11\"><b>Reljeefsed silikoonist k\u00e4epaelad<\/b> pakuvad klassikalisele heategevusr\u00f5ngale ainulaadset l\u00e4henemist. Teksti sissepoole graveerimise asemel kasutame spetsiaalset vormi, et teie kujundus r\u00f5nga pinnalt \u00fclespoole t\u00f5sta. See loob silmatorkava tulemuse. <b>3D-reljeefi efekt<\/b> mis on nii visuaalselt eristatav kui ka kombatav.<\/p>\n<p data-path-to-node=\"12\"><b>Kuidas see on tehtud<\/b> Me valmistame neid ribasid spetsiaalse vormimisprotsessi abil, kus silikoon pressitakse vormi, mis loob reljeefse t\u00e4he. Kuna logo on valmistatud samast silikoonmaterjalist kui riba ise, on see <b>f\u00fc\u00fcsiliselt p\u00fcsiv<\/b> ja ei saa praguneda, kooruda ega pleekida.<\/p>\n<p data-path-to-node=\"13\"><b>Disaini stiil<\/b> Reljeefsed ribad on tavaliselt \u00fchev\u00e4rvilised (monotoonsed), kus reljeefne tekst loob peene varjuefekti. Selle tulemuseks on <b>puhas, moodne ja tagasihoidlik v\u00e4limus<\/b> mis on populaarne firma\u00fcrituste, j\u00f5usaali liikmesuste ja premium-br\u00e4ndide aktiveerimiste puhul.<\/p>\n<p data-path-to-node=\"14\"><b>Kohandamine<\/b><\/p>\n<ul data-path-to-node=\"15\">\n<li>\n<p data-path-to-node=\"15,0,0\"><b>V\u00e4rv:<\/b> \u00dchenda b\u00e4nd mis tahes Pantone&#039;i (PMS) v\u00e4rvitooniga.<\/p>\n<\/li>\n<li>\n<p data-path-to-node=\"15,1,0\"><b>Tekst:<\/b> Sobib k\u00f5ige paremini julgete fontide ja lihtsate logode jaoks (peeneid detaile on raskem esile t\u00f5sta).<\/p>\n<\/li>\n<\/ul>\n<p data-path-to-node=\"16\"><b>Peamised omadused:<\/b><\/p>\n<ul data-path-to-node=\"17\">\n<li>\n<p data-path-to-node=\"17,0,0\"><b>Stiil:<\/b> Reljeefne (3D-reljeefne).<\/p>\n<\/li>\n<li>\n<p data-path-to-node=\"17,1,0\"><b>Materjal:<\/b> 100% meditsiinilise kvaliteediga silikoon.<\/p>\n<\/li>\n<li>\n<p data-path-to-node=\"17,2,0\"><b>Vastupidavus:<\/b> \u00c4\u00e4rmuslik (tinti pole vaja maha h\u00f5\u00f5ruda).<\/p>\n<\/li>\n<li>\n<p data-path-to-node=\"17,3,0\"><b>M\u00f5ju:<\/b> Tipptasemel, peen br\u00e4nding.<\/p>\n<\/li>\n<\/ul>","protected":false},"excerpt":{"rendered":"<ul>\n<li>\n<p data-path-to-node=\"8,0,0\"><b>T\u00f5stetud 3D-efekt:<\/b> Teie logo ja tekst paistavad k\u00e4epaela pinnalt f\u00fc\u00fcsiliselt silma.<\/p>\n<\/li>\n<li>\n<p data-path-to-node=\"8,1,0\"><b>Taktiline kogemus:<\/b> Pakub ainulaadset, &quot;konarlikku&quot; tekstuuri, mida kasutajad saavad tunda.<\/p>\n<\/li>\n<li>\n<p data-path-to-node=\"8,2,0\"><b>P\u00fcsiv br\u00e4nding:<\/b> Disain on rihma sisse vormitud, nii et see ei tuhmu ega kulu kunagi.<\/p>\n<\/li>\n<li>\n<p data-path-to-node=\"8,3,0\"><b>Peen ja esmaklassiline:<\/b> Ideaalne br\u00e4ndidele, kes soovivad keerukat ja monotoonset v\u00e4limust ilma tindita<\/p>\n<\/li>\n<\/ul>","protected":false},"featured_media":5825,"comment_status":"closed","ping_status":"closed","template":"","meta":[],"product_brand":[],"product_cat":[49],"product_tag":[],"class_list":{"0":"post-5824","1":"product","2":"type-product","3":"status-publish","4":"has-post-thumbnail","6":"product_cat-silicone","8":"first","9":"instock","10":"shipping-taxable","11":"purchasable","12":"product-type-simple"},"_links":{"self":[{"href":"https:\/\/wristbandfactory.eu\/et\/wp-json\/wp\/v2\/product\/5824","targetHints":{"allow":["GET"]}}],"collection":[{"href":"https:\/\/wristbandfactory.eu\/et\/wp-json\/wp\/v2\/product"}],"about":[{"href":"https:\/\/wristbandfactory.eu\/et\/wp-json\/wp\/v2\/types\/product"}],"replies":[{"embeddable":true,"href":"https:\/\/wristbandfactory.eu\/et\/wp-json\/wp\/v2\/comments?post=5824"}],"wp:featuredmedia":[{"embeddable":true,"href":"https:\/\/wristbandfactory.eu\/et\/wp-json\/wp\/v2\/media\/5825"}],"wp:attachment":[{"href":"https:\/\/wristbandfactory.eu\/et\/wp-json\/wp\/v2\/media?parent=5824"}],"wp:term":[{"taxonomy":"product_brand","embeddable":true,"href":"https:\/\/wristbandfactory.eu\/et\/wp-json\/wp\/v2\/product_brand?post=5824"},{"taxonomy":"product_cat","embeddable":true,"href":"https:\/\/wristbandfactory.eu\/et\/wp-json\/wp\/v2\/product_cat?post=5824"},{"taxonomy":"product_tag","embeddable":true,"href":"https:\/\/wristbandfactory.eu\/et\/wp-json\/wp\/v2\/product_tag?post=5824"}],"curies":[{"name":"t\u00f6\u00f6leht","href":"https:\/\/api.w.org\/{rel}","templated":true}]}}