{"id":5822,"date":"2025-12-11T12:39:16","date_gmt":"2025-12-11T09:39:16","guid":{"rendered":"https:\/\/wristbandfactory.eu\/?post_type=product&#038;p=5822"},"modified":"2025-12-11T12:39:30","modified_gmt":"2025-12-11T09:39:30","slug":"debossed-silicone-wristbands-colour-filled-engraved","status":"publish","type":"product","link":"https:\/\/wristbandfactory.eu\/et\/p\/debossed-silicone-wristbands-colour-filled-engraved\/","title":{"rendered":"Silikoonist k\u00e4epaelad \u2013 Sissepressitud \/ V\u00e4rviga"},"content":{"rendered":"<p data-path-to-node=\"10\"><b>Pikaealisuse t\u00f6\u00f6stusstandard<\/b><\/p>\n<p data-path-to-node=\"11\"><b>V\u00e4rviliselt reljeefsed k\u00e4epaelad<\/b> on esmaklassiline valik kaubam\u00e4rkidele ja organisatsioonidele, kes vajavad kauakestvat k\u00e4epaela. Erinevalt tavalistest tr\u00fckitud k\u00e4epaeladest, kus tint asub pinnal, l\u00e4bivad need k\u00e4epaelad kaheastmelise tootmisprotsessi, et tagada teie s\u00f5numi p\u00fcsimine sama kaua kui k\u00e4epael ise.<\/p>\n<p data-path-to-node=\"12\"><b>Kuidas see on tehtud<\/b><\/p>\n<ol start=\"1\" data-path-to-node=\"13\">\n<li>\n<p data-path-to-node=\"13,0,0\"><b>Graveerimine (reljeeftr\u00fckk):<\/b> Loome eridisainiga vormi, et graveerida teie logo ja tekst s\u00fcgavale silikoonribale.<\/p>\n<\/li>\n<li>\n<p data-path-to-node=\"13,1,0\"><b>V\u00e4rvit\u00e4ite:<\/b> Seej\u00e4rel t\u00e4idetakse s\u00fcvendid k\u00e4sitsi spetsiaalse ja vastupidava kontrastset v\u00e4rvi silikoontindiga.<\/p>\n<\/li>\n<\/ol>\n<p data-path-to-node=\"14\"><b>Miks valida Debossed?<\/b> Kuna disain on pinna alla vajunud, on see f\u00fc\u00fcsiliselt kaitstud h\u00f5\u00f5rdumise ja kulumise eest. See teeb sellest ainsa eluj\u00f5ulise valiku <b>pikaajalised teadlikkuse t\u00f5stmise kampaaniad, koolivaimu esemed ja korjandused<\/b> kus k\u00e4epaela kantakse iga p\u00e4ev kuude v\u00f5i isegi aastate jooksul.<\/p>\n<p data-path-to-node=\"15\"><b>Kohandamine<\/b> Saame silikoonrihma sobitada \u00fcksk\u00f5ik millisega <b>Pantone (PMS)<\/b> V\u00e4rvige ja t\u00e4itke graveeritud tekst mis tahes kontrastse Pantone&#039;i tooniga, et see sobiks ideaalselt teie br\u00e4ndi identiteediga.<\/p>\n<p data-path-to-node=\"16\"><b>Peamised omadused:<\/b><\/p>\n<ul data-path-to-node=\"17\">\n<li>\n<p data-path-to-node=\"17,0,0\"><b>Stiil:<\/b> S\u00fcvistatud ja tindiga t\u00e4idetud.<\/p>\n<\/li>\n<li>\n<p data-path-to-node=\"17,1,0\"><b>Materjal:<\/b> 100% meditsiinilise kvaliteediga silikoon.<\/p>\n<\/li>\n<li>\n<p data-path-to-node=\"17,2,0\"><b>Vastupidavus:<\/b> \u00c4\u00e4rmuslik (kulumiskindel disain).<\/p>\n<\/li>\n<li>\n<p data-path-to-node=\"17,3,0\"><b>Suurused:<\/b> T\u00e4iskasvanu (202 mm) ja noor (180 mm).<\/p>\n<\/li>\n<\/ul>","protected":false},"excerpt":{"rendered":"<ul>\n<li>\n<p data-path-to-node=\"8,0,0\"><b>Maksimaalne vastupidavus:<\/b> Teie logo on silikooni s\u00fcgavgraveeritud (pressitud), mist\u00f5ttu seda on v\u00f5imatu maha h\u00f5\u00f5ruda.<\/p>\n<\/li>\n<li>\n<p data-path-to-node=\"8,1,0\"><b>V\u00e4rviga t\u00e4idetud:<\/b> Graveeritud tekst on t\u00e4idetud kontrastse silikoontindiga, et anda sellele elav ja m\u00f5jus v\u00e4limus.<\/p>\n<\/li>\n<li>\n<p data-path-to-node=\"8,2,0\"><b>Premium-tunne:<\/b> Pakub kombatavat 3D-viimistlust, mida sageli seostatakse tipptasemel heategevuskampaaniatega (nt Livestrong).<\/p>\n<\/li>\n<li>\n<p data-path-to-node=\"8,3,0\"><b>P\u00fcsiv br\u00e4nding:<\/b> Ideaalne pikaajaliseks kandmiseks (kuudeks v\u00f5i aastateks) ilma pleekimiseta.<\/p>\n<\/li>\n<\/ul>","protected":false},"featured_media":5823,"comment_status":"closed","ping_status":"closed","template":"","meta":[],"product_brand":[],"product_cat":[49],"product_tag":[],"class_list":{"0":"post-5822","1":"product","2":"type-product","3":"status-publish","4":"has-post-thumbnail","6":"product_cat-silicone","8":"first","9":"instock","10":"shipping-taxable","11":"purchasable","12":"product-type-simple"},"_links":{"self":[{"href":"https:\/\/wristbandfactory.eu\/et\/wp-json\/wp\/v2\/product\/5822","targetHints":{"allow":["GET"]}}],"collection":[{"href":"https:\/\/wristbandfactory.eu\/et\/wp-json\/wp\/v2\/product"}],"about":[{"href":"https:\/\/wristbandfactory.eu\/et\/wp-json\/wp\/v2\/types\/product"}],"replies":[{"embeddable":true,"href":"https:\/\/wristbandfactory.eu\/et\/wp-json\/wp\/v2\/comments?post=5822"}],"wp:featuredmedia":[{"embeddable":true,"href":"https:\/\/wristbandfactory.eu\/et\/wp-json\/wp\/v2\/media\/5823"}],"wp:attachment":[{"href":"https:\/\/wristbandfactory.eu\/et\/wp-json\/wp\/v2\/media?parent=5822"}],"wp:term":[{"taxonomy":"product_brand","embeddable":true,"href":"https:\/\/wristbandfactory.eu\/et\/wp-json\/wp\/v2\/product_brand?post=5822"},{"taxonomy":"product_cat","embeddable":true,"href":"https:\/\/wristbandfactory.eu\/et\/wp-json\/wp\/v2\/product_cat?post=5822"},{"taxonomy":"product_tag","embeddable":true,"href":"https:\/\/wristbandfactory.eu\/et\/wp-json\/wp\/v2\/product_tag?post=5822"}],"curies":[{"name":"t\u00f6\u00f6leht","href":"https:\/\/api.w.org\/{rel}","templated":true}]}}