{"id":5820,"date":"2025-12-11T12:35:46","date_gmt":"2025-12-11T09:35:46","guid":{"rendered":"https:\/\/wristbandfactory.eu\/?post_type=product&#038;p=5820"},"modified":"2025-12-11T12:37:20","modified_gmt":"2025-12-11T09:37:20","slug":"printed-silicone-wristbands-custom-screen-print","status":"publish","type":"product","link":"https:\/\/wristbandfactory.eu\/et\/p\/printed-silicone-wristbands-custom-screen-print\/","title":{"rendered":"Silikoonist k\u00e4epaelad \u2013 Tr\u00fckiga \/ Logoga"},"content":{"rendered":"<p data-path-to-node=\"12\"><b>Klassikaline valik reklaambr\u00e4ndinguks<\/b><\/p>\n<p data-path-to-node=\"13\"><b>Tr\u00fckitud silikoonist k\u00e4epaelad<\/b> on turunduskampaaniate, messide ja \u00fcrituste jaoks k\u00f5ige populaarsem valik, kus n\u00e4htavus ja eelarve on esmat\u00e4htsad. Erinevalt graveeritud ribadest on neil teie disain. <b>siiditr\u00fckiga otse siledale pinnale<\/b> silikoonist, pakkudes teravat ja puhast viimistlust, mis k\u00f6idab t\u00e4helepanu.<\/p>\n<p data-path-to-node=\"14\"><b>Piiramatud v\u00e4rvivalikud<\/b> Pakume t\u00e4ielikku kohandamisv\u00f5imalust. Saate valida \u00fcksk\u00f5ik millise <b>Pantone&#039;i (PMS) v\u00e4rv<\/b> silikoonriba jaoks ja valige oma logo ja teksti jaoks kontrastset v\u00e4rvi tindiv\u00e4rv. See tagab 100% sobivuse teie ettev\u00f5tte identiteediga.<\/p>\n<p data-path-to-node=\"15\"><b>Materjal ja mugavus<\/b> Valmistatud <b>100% kvaliteetne lateksivaba silikoon<\/b>, Need k\u00e4epaelad on veekindlad, kuumakindlad ja piisavalt mugavad terveks p\u00e4evaks kandmiseks. Need on piisavalt vastupidavad mitmep\u00e4evaste \u00fcrituste jaoks, kuid on eelk\u00f5ige m\u00f5eldud kulut\u00f5husaks reklaamkaubaks.<\/p>\n<p data-path-to-node=\"16\"><i>M\u00e4rkus: Pikaajaliseks igap\u00e4evaseks kandmiseks (kuud\/aastad) soovitame meie reljeefseid k\u00e4epaelu, kuna pinnatr\u00fckk v\u00f5ib tugeva h\u00f5\u00f5rdumise t\u00f5ttu l\u00f5puks kuluda.<\/i><\/p>\n<p data-path-to-node=\"17\"><b>Peamised omadused:<\/b><\/p>\n<ul data-path-to-node=\"18\">\n<li>\n<p data-path-to-node=\"18,0,0\"><b>Meetod:<\/b> \u00dclit\u00e4pne siiditr\u00fckk.<\/p>\n<\/li>\n<li>\n<p data-path-to-node=\"18,1,0\"><b>Materjal:<\/b> 100% pehme silikoon (mittetoksiline).<\/p>\n<\/li>\n<li>\n<p data-path-to-node=\"18,2,0\"><b>Suurus:<\/b> Standardne t\u00e4iskasvanutele (202x12x2mm) ja noortele (180x12x2mm).<\/p>\n<\/li>\n<li>\n<p data-path-to-node=\"18,3,0\"><b>Kasutusjuhtum:<\/b> Loosimised, teadlikkuse t\u00f5stmise kampaaniad, festivalid.<\/p>\n<\/li>\n<\/ul>","protected":false},"excerpt":{"rendered":"<ul data-path-to-node=\"10\">\n<li>\n<p data-path-to-node=\"10,0,0\"><b>Hea n\u00e4htavus:<\/b> Karge siiditr\u00fckk muudab teie logo pinnal selgelt esile.<\/p>\n<\/li>\n<li>\n<p data-path-to-node=\"10,1,0\"><b>Pantone&#039;i vaste:<\/b> Me sobitame nii silikoonrihma kui ka tindi v\u00e4rvi teie br\u00e4ndi juhistega.<\/p>\n<\/li>\n<li>\n<p data-path-to-node=\"10,2,0\"><b>Kulut\u00f5hus:<\/b> K\u00f5ige soodsam variant suuremahuliste reklaamikampaaniate ja loosimiste jaoks.<\/p>\n<\/li>\n<li>\n<p data-path-to-node=\"10,3,0\"><b>Kiire p\u00f6\u00f6rdeaeg:<\/b> Kiirem tootmisaeg v\u00f5rreldes reljeefsete v\u00f5i reljeefsete vormidega.<\/p>\n<\/li>\n<\/ul>","protected":false},"featured_media":5821,"comment_status":"closed","ping_status":"closed","template":"","meta":[],"product_brand":[],"product_cat":[49],"product_tag":[],"class_list":{"0":"post-5820","1":"product","2":"type-product","3":"status-publish","4":"has-post-thumbnail","6":"product_cat-silicone","8":"first","9":"instock","10":"shipping-taxable","11":"purchasable","12":"product-type-simple"},"_links":{"self":[{"href":"https:\/\/wristbandfactory.eu\/et\/wp-json\/wp\/v2\/product\/5820","targetHints":{"allow":["GET"]}}],"collection":[{"href":"https:\/\/wristbandfactory.eu\/et\/wp-json\/wp\/v2\/product"}],"about":[{"href":"https:\/\/wristbandfactory.eu\/et\/wp-json\/wp\/v2\/types\/product"}],"replies":[{"embeddable":true,"href":"https:\/\/wristbandfactory.eu\/et\/wp-json\/wp\/v2\/comments?post=5820"}],"wp:featuredmedia":[{"embeddable":true,"href":"https:\/\/wristbandfactory.eu\/et\/wp-json\/wp\/v2\/media\/5821"}],"wp:attachment":[{"href":"https:\/\/wristbandfactory.eu\/et\/wp-json\/wp\/v2\/media?parent=5820"}],"wp:term":[{"taxonomy":"product_brand","embeddable":true,"href":"https:\/\/wristbandfactory.eu\/et\/wp-json\/wp\/v2\/product_brand?post=5820"},{"taxonomy":"product_cat","embeddable":true,"href":"https:\/\/wristbandfactory.eu\/et\/wp-json\/wp\/v2\/product_cat?post=5820"},{"taxonomy":"product_tag","embeddable":true,"href":"https:\/\/wristbandfactory.eu\/et\/wp-json\/wp\/v2\/product_tag?post=5820"}],"curies":[{"name":"t\u00f6\u00f6leht","href":"https:\/\/api.w.org\/{rel}","templated":true}]}}