{"id":5819,"date":"2025-12-11T12:22:13","date_gmt":"2025-12-11T09:22:13","guid":{"rendered":"https:\/\/wristbandfactory.eu\/?post_type=product&#038;p=5819"},"modified":"2026-03-03T22:09:53","modified_gmt":"2026-03-03T19:09:53","slug":"linen-fabric-wristbands-custom-woven-printed","status":"publish","type":"product","link":"https:\/\/wristbandfactory.eu\/et\/p\/linen-fabric-wristbands-custom-woven-printed\/","title":{"rendered":"Tekstiilist k\u00e4epaelad (Lina) \u2013 Logoga \/ Tr\u00fckiga"},"content":{"rendered":"<p data-path-to-node=\"10\"><b>Elegantsus kohtub j\u00e4tkusuutlikkusega<\/b><\/p>\n<p data-path-to-node=\"11\">\u00dcrituste jaoks, mis n\u00f5uavad keerukust ilma \u00f6kov\u00e4\u00e4rtusi ohverdamata, <b>Linasest riidest k\u00e4epaelad<\/b> on parim valik. Linakiust valmistatud lina on \u00fcks maailma vanimaid ja j\u00e4tkusuutlikumaid tekstiile, mida hinnatakse selle tugevuse, imamisv\u00f5ime ja jaheduse poolest.<\/p>\n<p data-path-to-node=\"12\"><b>Ainulaadne, tekstuurne v\u00e4limus<\/b> Linane kangas paistab silma oma loomuliku, kergelt ebakorrap\u00e4rase koe ja mati viimistlusega. See \u201ct\u00e4iuslikult ebat\u00e4iuslik\u201d tekstuur annab k\u00e4epaelale autentse ja orgaanilise iseloomu, mida s\u00fcnteetilised materjalid ei suuda j\u00e4ljendada. See on eelistatud valik... <b>luksuslikud pulmad, butiikfestivalid ja tipptasemel ettev\u00f5tete retriidid<\/b>.<\/p>\n<p data-path-to-node=\"13\"><b>Br\u00e4nding ja disain<\/b> Kanga loomuliku tekstuuri t\u00e4iendamiseks soovitame:<\/p>\n<ul data-path-to-node=\"14\">\n<li>\n<p data-path-to-node=\"14,0,0\"><b>Siiditr\u00fckk:<\/b> Terava kontrasti loomiseks naturaalse valkja v\u00f5i v\u00e4rvitud linase taustaga kasuta tumedaid \u00fchev\u00e4rvilisi prinditud materjale (n\u00e4iteks tumesinist, musta v\u00f5i metsarohelist).<\/p>\n<\/li>\n<li>\n<p data-path-to-node=\"14,1,0\"><b>Kootud (tikand):<\/b> Peen, toonjas kudumine loob diskreetse ja elegantse br\u00e4ndinguefekti.<\/p>\n<\/li>\n<\/ul>\n<p data-path-to-node=\"15\"><b>Turvaline ja keskkonnas\u00f5bralik<\/b> Kombineeri meiega <b>Bambusest \u00f6kolukk<\/b> 100% plastikvaba profiili s\u00e4ilitamiseks. Turvalise ligip\u00e4\u00e4su kontrollimiseks sobivad ka standardsed k\u00f5rgturvalised liugurid.<\/p>\n<p data-path-to-node=\"16\"><b>Peamised omadused:<\/b><\/p>\n<ul data-path-to-node=\"17\">\n<li>\n<p data-path-to-node=\"17,0,0\"><b>Materjal:<\/b> 100% Naturaalne linane (lina).<\/p>\n<\/li>\n<li>\n<p data-path-to-node=\"17,1,0\"><b>Tunne:<\/b> Puudutades jahe, kasutamisel muutub pehmemaks.<\/p>\n<\/li>\n<li>\n<p data-path-to-node=\"17,2,0\"><b>\u00d6kohinnang:<\/b> V\u00e4ike veejalaj\u00e4lg, biolagunev.<\/p>\n<\/li>\n<li>\n<p data-path-to-node=\"17,3,0\"><b>Vastupidavus:<\/b> Tugevam kui puuvill, v\u00e4ga vastupidav rebenemisele.<\/p>\n<\/li>\n<\/ul>","protected":false},"excerpt":{"rendered":"<ul>\n<li>\n<p data-path-to-node=\"8,0,0\"><b>Kvaliteetne looduslik kiud:<\/b> Valmistatud kvaliteetsest linakiust, pakkudes elegantset ja mati v\u00e4limust.<\/p>\n<\/li>\n<li>\n<p data-path-to-node=\"8,1,0\"><b>Hingav mugavus:<\/b> Erakordne \u00f5hu l\u00e4bilaskvus teeb sellest suviste \u00fcrituste jaoks k\u00f5ige lahedama valiku.<\/p>\n<\/li>\n<li>\n<p data-path-to-node=\"8,2,0\"><b>Ainulaadne tekstuur:<\/b> Klassikalise ehtsa linase tekstuuriga, mis tundub orgaaniline ja kvaliteetne.<\/p>\n<\/li>\n<li>\n<p data-path-to-node=\"8,3,0\"><b>100% J\u00e4tkusuutlik:<\/b> T\u00e4ielikult biolagunev ja kasvatatud minimaalse veekuluga.<\/p>\n<\/li>\n<\/ul>","protected":false},"featured_media":6947,"comment_status":"closed","ping_status":"closed","template":"","meta":[],"product_brand":[],"product_cat":[133,47],"product_tag":[],"class_list":{"0":"post-5819","1":"product","2":"type-product","3":"status-publish","4":"has-post-thumbnail","6":"product_cat-eco-friendly-wristbands","7":"product_cat-fabric-wristbands","9":"first","10":"instock","11":"shipping-taxable","12":"purchasable","13":"product-type-simple"},"_links":{"self":[{"href":"https:\/\/wristbandfactory.eu\/et\/wp-json\/wp\/v2\/product\/5819","targetHints":{"allow":["GET"]}}],"collection":[{"href":"https:\/\/wristbandfactory.eu\/et\/wp-json\/wp\/v2\/product"}],"about":[{"href":"https:\/\/wristbandfactory.eu\/et\/wp-json\/wp\/v2\/types\/product"}],"replies":[{"embeddable":true,"href":"https:\/\/wristbandfactory.eu\/et\/wp-json\/wp\/v2\/comments?post=5819"}],"wp:featuredmedia":[{"embeddable":true,"href":"https:\/\/wristbandfactory.eu\/et\/wp-json\/wp\/v2\/media\/6947"}],"wp:attachment":[{"href":"https:\/\/wristbandfactory.eu\/et\/wp-json\/wp\/v2\/media?parent=5819"}],"wp:term":[{"taxonomy":"product_brand","embeddable":true,"href":"https:\/\/wristbandfactory.eu\/et\/wp-json\/wp\/v2\/product_brand?post=5819"},{"taxonomy":"product_cat","embeddable":true,"href":"https:\/\/wristbandfactory.eu\/et\/wp-json\/wp\/v2\/product_cat?post=5819"},{"taxonomy":"product_tag","embeddable":true,"href":"https:\/\/wristbandfactory.eu\/et\/wp-json\/wp\/v2\/product_tag?post=5819"}],"curies":[{"name":"t\u00f6\u00f6leht","href":"https:\/\/api.w.org\/{rel}","templated":true}]}}