{"id":5818,"date":"2025-12-11T12:18:31","date_gmt":"2025-12-11T09:18:31","guid":{"rendered":"https:\/\/wristbandfactory.eu\/?post_type=product&#038;p=5818"},"modified":"2025-12-19T23:41:51","modified_gmt":"2025-12-19T20:41:51","slug":"hemp-fabric-wristbands-custom-woven-printed","status":"publish","type":"product","link":"https:\/\/wristbandfactory.eu\/et\/p\/hemp-fabric-wristbands-custom-woven-printed\/","title":{"rendered":"Tekstiilist k\u00e4epaelad (Kanep) \u2013 Logoga \/ Tr\u00fckiga"},"content":{"rendered":"<p data-path-to-node=\"11\"><b>Tugevaim looduslik valik<\/b><\/p>\n<p data-path-to-node=\"12\">Tee julge avaldus koos <b>Kanepikangast k\u00e4epaelad<\/b>, meie keskkonnas\u00f5braliku valiku vastupidavaim valik. Kanepikiud on tuntud oma t\u00f5mbetugevuse poolest, mist\u00f5ttu sobivad need ribad ideaalselt v\u00e4lifestivalidele, seiklus\u00fcritustele v\u00f5i mitmen\u00e4dalaseks kasutamiseks, kus kulumine on murettekitav.<\/p>\n<p data-path-to-node=\"13\"><b>Iseloomulik &quot;muldne&quot; v\u00e4limus<\/b> Erinevalt rPETi siledast viimistlusest v\u00f5i bambuse pehmusest pakub kanep... <b>struktureeritud, granuleeritud tekstuur<\/b>. See annab k\u00e4epaelale esmaklassilise \u201ck\u00e4sit\u00f6\u00f6\u201d tunde, mis annab teie k\u00fclalistele koheselt edasi j\u00e4tkusuutlikkust ja autentsust.<\/p>\n<p data-path-to-node=\"14\"><b>Br\u00e4ndingu soovitused<\/b> Kanepikiudude j\u00e4medama tekstuuri t\u00f5ttu:<\/p>\n<ul data-path-to-node=\"15\">\n<li>\n<p data-path-to-node=\"15,0,0\"><b>Siiditr\u00fckk:<\/b> Soovitame julgeid \u00fchev\u00e4rvilisi prinditud tekste (n\u00e4iteks musta v\u00f5i tumerohelist), mis loovad kauni kontrasti kanga loomuliku bee\u017ei\/pruuni taustaga.<\/p>\n<\/li>\n<li>\n<p data-path-to-node=\"15,1,0\"><b>Kootud (tikand):<\/b> P\u00fcsiva viimistluse saavutamiseks saab otse riba sisse p\u00f5imida lihtsa teksti ja logosid.<\/p>\n<\/li>\n<\/ul>\n<p data-path-to-node=\"16\"><b>Keskkonnas\u00f5bralik riistvara<\/b> T\u00e4ienda v\u00e4limust meie toodetega <b>Bambusest \u00f6kolukk<\/b> v\u00f5i korduvkasutatav <b>Puidust helmes<\/b>. Kui on vaja ranget juurdep\u00e4\u00e4sukontrolli, on saadaval ka standardsed turvalised plastliugurid.<\/p>\n<p data-path-to-node=\"17\"><b>Peamised omadused:<\/b><\/p>\n<ul data-path-to-node=\"18\">\n<li>\n<p data-path-to-node=\"18,0,0\"><b>Materjal:<\/b> 100% looduslik kanepikiud.<\/p>\n<\/li>\n<li>\n<p data-path-to-node=\"18,1,0\"><b>Tekstuur:<\/b> J\u00e4me, loomulik ja kombatav.<\/p>\n<\/li>\n<li>\n<p data-path-to-node=\"18,2,0\"><b>Vastupidavus:<\/b> K\u00f5rge vastupidavus venitusele ja veele.<\/p>\n<\/li>\n<li>\n<p data-path-to-node=\"18,3,0\"><b>\u00d6kohinnang:<\/b> S\u00fcsiniknegatiivne kasvuts\u00fckkel, biolagunev.<\/p>\n<\/li>\n<\/ul>","protected":false},"excerpt":{"rendered":"<ul data-path-to-node=\"9\">\n<li>\n<p data-path-to-node=\"9,0,0\"><b>\u00dclimalt vastupidav:<\/b> Kanep on \u00fcks tugevamaid looduslikke kiude, mis sobib ideaalselt karmideks v\u00f5i pikaajalisteks \u00fcritusteks.<\/p>\n<\/li>\n<li>\n<p data-path-to-node=\"9,1,0\"><b>Maal\u00e4hedane esteetika:<\/b> Pakub iseloomulikku tekstuuriga, muldset v\u00e4limust, mis eristub siledatest s\u00fcnteetilistest materjalidest.<\/p>\n<\/li>\n<li>\n<p data-path-to-node=\"9,2,0\"><b>100% J\u00e4tkusuutlik:<\/b> Kasvatatud ilma pestitsiidideta ja t\u00e4ielikult biolagunev.<\/p>\n<\/li>\n<li>\n<p data-path-to-node=\"9,3,0\"><b>Eridisainiga br\u00e4nding:<\/b> Sobib k\u00f5ige paremini julge siiditr\u00fcki v\u00f5i lihtsate kootud kujunduste jaoks.<\/p>\n<\/li>\n<\/ul>","protected":false},"featured_media":5827,"comment_status":"closed","ping_status":"closed","template":"","meta":[],"product_brand":[],"product_cat":[133,47],"product_tag":[],"class_list":{"0":"post-5818","1":"product","2":"type-product","3":"status-publish","4":"has-post-thumbnail","6":"product_cat-eco-friendly-wristbands","7":"product_cat-fabric-wristbands","9":"first","10":"instock","11":"shipping-taxable","12":"purchasable","13":"product-type-simple"},"_links":{"self":[{"href":"https:\/\/wristbandfactory.eu\/et\/wp-json\/wp\/v2\/product\/5818","targetHints":{"allow":["GET"]}}],"collection":[{"href":"https:\/\/wristbandfactory.eu\/et\/wp-json\/wp\/v2\/product"}],"about":[{"href":"https:\/\/wristbandfactory.eu\/et\/wp-json\/wp\/v2\/types\/product"}],"replies":[{"embeddable":true,"href":"https:\/\/wristbandfactory.eu\/et\/wp-json\/wp\/v2\/comments?post=5818"}],"wp:featuredmedia":[{"embeddable":true,"href":"https:\/\/wristbandfactory.eu\/et\/wp-json\/wp\/v2\/media\/5827"}],"wp:attachment":[{"href":"https:\/\/wristbandfactory.eu\/et\/wp-json\/wp\/v2\/media?parent=5818"}],"wp:term":[{"taxonomy":"product_brand","embeddable":true,"href":"https:\/\/wristbandfactory.eu\/et\/wp-json\/wp\/v2\/product_brand?post=5818"},{"taxonomy":"product_cat","embeddable":true,"href":"https:\/\/wristbandfactory.eu\/et\/wp-json\/wp\/v2\/product_cat?post=5818"},{"taxonomy":"product_tag","embeddable":true,"href":"https:\/\/wristbandfactory.eu\/et\/wp-json\/wp\/v2\/product_tag?post=5818"}],"curies":[{"name":"t\u00f6\u00f6leht","href":"https:\/\/api.w.org\/{rel}","templated":true}]}}