{"id":5816,"date":"2025-12-11T12:14:13","date_gmt":"2025-12-11T09:14:13","guid":{"rendered":"https:\/\/wristbandfactory.eu\/?post_type=product&#038;p=5816"},"modified":"2025-12-19T23:41:58","modified_gmt":"2025-12-19T20:41:58","slug":"bamboo-fabric-wristbands-custom-woven-printed","status":"publish","type":"product","link":"https:\/\/wristbandfactory.eu\/et\/p\/bamboo-fabric-wristbands-custom-woven-printed\/","title":{"rendered":"Tekstiilist k\u00e4epaelad (Bambus) \u2013 Logoga \/ Tr\u00fckiga"},"content":{"rendered":"<p data-path-to-node=\"10\"><b>K\u00f5ige leebem valik j\u00e4tkusuutlike \u00fcrituste korraldamiseks<\/b><\/p>\n<p data-path-to-node=\"11\">Pakkuge oma VIP-k\u00fclalistele ja keskkonnateadlikele osalejatele \u00fclimat mugavust meie... <b>Bambusest kangast k\u00e4epaelad<\/b>. Need rihmad on valmistatud \u00fchest maailma kiiremini kasvavast taastuvast ressursist ning \u00fchendavad j\u00e4tkusuutlikkuse esmaklassilise, siidiselt pehme tekstuuriga, mis tundub s\u00fcnteetilistest alternatiividest parem.<\/p>\n<p data-path-to-node=\"12\"><b>Miks valida bambus?<\/b> Bambuskiud on looduslikult <b>antibakteriaalne, h\u00fcpoallergeenne ja niiskust imav<\/b>. See teeb sellest ideaalse valiku mitmep\u00e4evasteks festivalideks kuumas kliimas v\u00f5i tundliku nahaga k\u00fclalistele. Erinevalt plastikust hingab see loomulikult ja on oma eluts\u00fckli l\u00f5pus t\u00e4ielikult biolagunev.<\/p>\n<p data-path-to-node=\"13\"><b>Br\u00e4nding ja kohandamine<\/b> Bambuse loomuliku mati tekstuuri t\u00f5ttu soovitame:<\/p>\n<ul data-path-to-node=\"14\">\n<li>\n<p data-path-to-node=\"14,0,0\"><b>Kootud (tikand):<\/b> Oma logo otse kangasse kudumine (kuni 8 v\u00e4rvi) loob klassikalise ja luksusliku ilme.<\/p>\n<\/li>\n<li>\n<p data-path-to-node=\"14,1,0\"><b>Siiditr\u00fckk:<\/b> Parim kujunduste jaoks, mis n\u00f5uavad teravat teksti v\u00f5i spetsiifilisi t\u00e4ppv\u00e4rve pinnal.<\/p>\n<\/li>\n<\/ul>\n<p data-path-to-node=\"15\"><b>Turvaline ja keskkonnas\u00f5bralik<\/b> Maksimeeri oma keskkonnas\u00f5bralikkust, \u00fchendades need rihmad meie toodetega <b>Bambusest \u00f6kolukk<\/b> (50% v\u00e4hem plastikut). Pakume ka standardseid \u00fcliturvalisi liugureid ja korduvkasutatavaid puidust helmeid.<\/p>\n<p data-path-to-node=\"16\"><b>Peamised omadused:<\/b><\/p>\n<ul data-path-to-node=\"17\">\n<li>\n<p data-path-to-node=\"17,0,0\"><b>Materjal:<\/b> 100% bambuskiust.<\/p>\n<\/li>\n<li>\n<p data-path-to-node=\"17,1,0\"><b>Tunne:<\/b> Luksuslik, pehme ja satiinilaadne.<\/p>\n<\/li>\n<li>\n<p data-path-to-node=\"17,2,0\"><b>\u00d6kohinnang:<\/b> V\u00e4ga taastuv ja biolagunev.<\/p>\n<\/li>\n<li>\n<p data-path-to-node=\"17,3,0\"><b>Kasutamine:<\/b> Ideaalne VIP-p\u00e4\u00e4smeteks, \u00f6kotippkohtumisteks ja luksuslikeks retriitideks.<\/p>\n<\/li>\n<\/ul>","protected":false},"excerpt":{"rendered":"<ul>\n<li>\n<p data-path-to-node=\"8,0,0\"><b>Kvaliteetne materjal:<\/b> Valmistatud kiiresti kasvavast, biolagunevast 100% bambuskiust.<\/p>\n<\/li>\n<li>\n<p data-path-to-node=\"8,1,0\"><b>Siidine mugavus:<\/b> K\u00f5ige pehmem saadaolev k\u00e4epael; loomulikult antibakteriaalne ja h\u00fcpoallergeenne.<\/p>\n<\/li>\n<li>\n<p data-path-to-node=\"8,2,0\"><b>Eridisainiga br\u00e4nding:<\/b> Saadaval kootud (tikand) v\u00f5i siiditr\u00fckiga (Pantone v\u00e4rvitoonis).<\/p>\n<\/li>\n<li>\n<p data-path-to-node=\"8,3,0\"><b>J\u00e4tkusuutlik:<\/b> Taastuv ressurss, mille kasvatamiseks pole vaja pestitsiide.<\/p>\n<\/li>\n<\/ul>","protected":false},"featured_media":5828,"comment_status":"closed","ping_status":"closed","template":"","meta":[],"product_brand":[],"product_cat":[133,47],"product_tag":[],"class_list":{"0":"post-5816","1":"product","2":"type-product","3":"status-publish","4":"has-post-thumbnail","6":"product_cat-eco-friendly-wristbands","7":"product_cat-fabric-wristbands","9":"first","10":"instock","11":"shipping-taxable","12":"purchasable","13":"product-type-simple"},"_links":{"self":[{"href":"https:\/\/wristbandfactory.eu\/et\/wp-json\/wp\/v2\/product\/5816","targetHints":{"allow":["GET"]}}],"collection":[{"href":"https:\/\/wristbandfactory.eu\/et\/wp-json\/wp\/v2\/product"}],"about":[{"href":"https:\/\/wristbandfactory.eu\/et\/wp-json\/wp\/v2\/types\/product"}],"replies":[{"embeddable":true,"href":"https:\/\/wristbandfactory.eu\/et\/wp-json\/wp\/v2\/comments?post=5816"}],"wp:featuredmedia":[{"embeddable":true,"href":"https:\/\/wristbandfactory.eu\/et\/wp-json\/wp\/v2\/media\/5828"}],"wp:attachment":[{"href":"https:\/\/wristbandfactory.eu\/et\/wp-json\/wp\/v2\/media?parent=5816"}],"wp:term":[{"taxonomy":"product_brand","embeddable":true,"href":"https:\/\/wristbandfactory.eu\/et\/wp-json\/wp\/v2\/product_brand?post=5816"},{"taxonomy":"product_cat","embeddable":true,"href":"https:\/\/wristbandfactory.eu\/et\/wp-json\/wp\/v2\/product_cat?post=5816"},{"taxonomy":"product_tag","embeddable":true,"href":"https:\/\/wristbandfactory.eu\/et\/wp-json\/wp\/v2\/product_tag?post=5816"}],"curies":[{"name":"t\u00f6\u00f6leht","href":"https:\/\/api.w.org\/{rel}","templated":true}]}}