{"id":5814,"date":"2025-12-11T12:06:41","date_gmt":"2025-12-11T09:06:41","guid":{"rendered":"https:\/\/wristbandfactory.eu\/?post_type=product&#038;p=5814"},"modified":"2025-12-19T23:45:17","modified_gmt":"2025-12-19T20:45:17","slug":"organic-cotton-wristbands-custom-woven-printed","status":"publish","type":"product","link":"https:\/\/wristbandfactory.eu\/et\/p\/organic-cotton-wristbands-custom-woven-printed\/","title":{"rendered":"Tekstiilist k\u00e4epaelad (Puuvill) \u2013 Logoga \/ Tr\u00fckiga"},"content":{"rendered":"<p data-path-to-node=\"11\"><b>Looduslik valik j\u00e4tkusuutlike \u00fcrituste korraldamiseks<\/b><\/p>\n<p data-path-to-node=\"12\">T\u00f5sta oma br\u00e4ndi \u00f6kom\u00e4rgise v\u00e4\u00e4rtust meie abil <b>Orgaanilisest puuvillast k\u00e4epaelad<\/b>. Erinevalt s\u00fcnteetilistest materjalidest on need rihmad valmistatud 100% looduslikest kiududest, pakkudes matti, maal\u00e4hedast v\u00e4limust ja erakordselt pehmet tunnet naha vastas. Need on ideaalne lahendus mitmep\u00e4evastele festivalidele, VIP-\u00fcritustele ja br\u00e4ndidele, mis soovivad luua plastvaba kuvandit.<\/p>\n<p data-path-to-node=\"13\"><b>Mugavus kohtub vastupidavusega<\/b> Puuvill on loomulikult hingav ja h\u00fcpoallergeenne, mist\u00f5ttu on see pikemaks kandmiseks k\u00f5ige mugavam valik. See ei p\u00f5hjusta \u00e4rritust ega higistamist, tagades teie k\u00fclalistele esmaklassilise kogemuse.<\/p>\n<p data-path-to-node=\"14\"><b>Br\u00e4ndingu valikud<\/b> Naturaalse kiu tekstuuri t\u00f5ttu soovitame kahte erinevat kohandamismeetodit:<\/p>\n<ul data-path-to-node=\"15\">\n<li>\n<p data-path-to-node=\"15,0,0\"><b>Kootud (tikand):<\/b> Teie logo \u00f5mmeldakse otse kangasse kuni kaheksa v\u00e4rvi niidiga. See loob vastupidava ja kvaliteetse viimistluse, mis ei tuhmu.<\/p>\n<\/li>\n<li>\n<p data-path-to-node=\"15,1,0\"><b>Siiditr\u00fckk:<\/b> Ideaalne k\u00e4epaela pinnale sobivate Pantone v\u00e4rvide sobitamiseks.<\/p>\n<\/li>\n<\/ul>\n<p data-path-to-node=\"16\"><b>Turvaline ja j\u00e4tkusuutlik riistvara<\/b> \u00dchenda need looduslikud rihmad meie <b>Bambusest \u00f6kolukk<\/b> (50% bambuskomposiit), et luua t\u00e4iesti keskkonnas\u00f5bralik k\u00e4epaelalahendus. Saadaval on ka standardsed \u00fcliturvalised liugurid ja korduvkasutatavad puidust helmed.<\/p>\n<p data-path-to-node=\"17\"><b>Peamised omadused:<\/b><\/p>\n<ul data-path-to-node=\"18\">\n<li>\n<p data-path-to-node=\"18,0,0\"><b>Materjal:<\/b> 100% orgaaniline puuvill.<\/p>\n<\/li>\n<li>\n<p data-path-to-node=\"18,1,0\"><b>\u00d6kohinnang:<\/b> Biolagunev ja taastuv.<\/p>\n<\/li>\n<li>\n<p data-path-to-node=\"18,2,0\"><b>Tekstuur:<\/b> Pehme, matt viimistlus (mitte l\u00e4ikiv).<\/p>\n<\/li>\n<li>\n<p data-path-to-node=\"18,3,0\"><b>M\u00f5\u00f5tmed:<\/b> Standardm\u00f5\u00f5t 340 mm x 15 mm.<\/p>\n<\/li>\n<\/ul>","protected":false},"excerpt":{"rendered":"<ul>\n<li>\n<p data-path-to-node=\"9,0,0\"><b>Looduslik materjal:<\/b> Valmistatud 100% biolagunevast orgaanilisest puuvillakiust.<\/p>\n<\/li>\n<li>\n<p data-path-to-node=\"9,1,0\"><b>Tipptasemel mugavus:<\/b> Pehme, hingav ja h\u00fcpoallergeenne (ideaalne tundlikule nahale).<\/p>\n<\/li>\n<li>\n<p data-path-to-node=\"9,2,0\"><b>Eridisainiga br\u00e4nding:<\/b> Valige kvaliteetse tikandi (kootud) v\u00f5i siiditr\u00fcki vahel.<\/p>\n<\/li>\n<li>\n<p data-path-to-node=\"9,3,0\"><b>Plastikuvaba:<\/b> T\u00e4iesti j\u00e4tkusuutlik valik, mis \u00fchildub bambusest \u00f6kolukkudega.<\/p>\n<\/li>\n<\/ul>","protected":false},"featured_media":5829,"comment_status":"closed","ping_status":"closed","template":"","meta":[],"product_brand":[],"product_cat":[133,47],"product_tag":[],"class_list":{"0":"post-5814","1":"product","2":"type-product","3":"status-publish","4":"has-post-thumbnail","6":"product_cat-eco-friendly-wristbands","7":"product_cat-fabric-wristbands","9":"first","10":"instock","11":"shipping-taxable","12":"purchasable","13":"product-type-simple"},"_links":{"self":[{"href":"https:\/\/wristbandfactory.eu\/et\/wp-json\/wp\/v2\/product\/5814","targetHints":{"allow":["GET"]}}],"collection":[{"href":"https:\/\/wristbandfactory.eu\/et\/wp-json\/wp\/v2\/product"}],"about":[{"href":"https:\/\/wristbandfactory.eu\/et\/wp-json\/wp\/v2\/types\/product"}],"replies":[{"embeddable":true,"href":"https:\/\/wristbandfactory.eu\/et\/wp-json\/wp\/v2\/comments?post=5814"}],"wp:featuredmedia":[{"embeddable":true,"href":"https:\/\/wristbandfactory.eu\/et\/wp-json\/wp\/v2\/media\/5829"}],"wp:attachment":[{"href":"https:\/\/wristbandfactory.eu\/et\/wp-json\/wp\/v2\/media?parent=5814"}],"wp:term":[{"taxonomy":"product_brand","embeddable":true,"href":"https:\/\/wristbandfactory.eu\/et\/wp-json\/wp\/v2\/product_brand?post=5814"},{"taxonomy":"product_cat","embeddable":true,"href":"https:\/\/wristbandfactory.eu\/et\/wp-json\/wp\/v2\/product_cat?post=5814"},{"taxonomy":"product_tag","embeddable":true,"href":"https:\/\/wristbandfactory.eu\/et\/wp-json\/wp\/v2\/product_tag?post=5814"}],"curies":[{"name":"t\u00f6\u00f6leht","href":"https:\/\/api.w.org\/{rel}","templated":true}]}}