{"id":5810,"date":"2025-12-11T11:26:33","date_gmt":"2025-12-11T08:26:33","guid":{"rendered":"https:\/\/wristbandfactory.eu\/?post_type=product&#038;p=5810"},"modified":"2025-12-19T23:44:55","modified_gmt":"2025-12-19T20:44:55","slug":"recycled-fabric-wristbands-rpet-full-colour-printed","status":"publish","type":"product","link":"https:\/\/wristbandfactory.eu\/et\/p\/recycled-fabric-wristbands-rpet-full-colour-printed\/","title":{"rendered":"Tekstiilist k\u00e4epaelad (rPET) \u2013 Logoga \/ Tr\u00fckiga"},"content":{"rendered":"<p data-path-to-node=\"10\"><b>J\u00e4tkusuutlik br\u00e4nding ilma kompromissideta<\/b><\/p>\n<p data-path-to-node=\"11\">Mine \u00fcle rohelisemale alternatiivile meie abil <b>Taaskasutatud kangast k\u00e4epaelad (rPET)<\/b>. Festivalide, konverentside ja firma\u00fcrituste jaoks loodud k\u00e4epaelad \u00fchendavad endas m\u00f5juka br\u00e4ndingu ja keskkonnas\u00f5bralikkuse.<\/p>\n<p data-path-to-node=\"12\"><b>J\u00e4\u00e4tmetest k\u00e4epaelaks<\/b> Erinevalt tavalisest pol\u00fcestrist on meie rPET-rihmad valmistatud sertifitseeritud tarbijaj\u00e4rgsetest taaskasutatud plastpudelitest kedratud l\u00f5ngast. See protsess v\u00e4hendab oluliselt plastj\u00e4\u00e4tmeid ja s\u00fcsinikdioksiidi heitkoguseid, s\u00e4ilitades samal ajal esmaklassilise kanga vastupidavuse ja pehme, satiinise tunde.<\/p>\n<p data-path-to-node=\"13\"><b>K\u00f5rglahutusega kohandamine<\/b> rPET-materjali sile viimistlus on loodud <b>v\u00e4rvisublimatsioonitr\u00fckk<\/b>. See v\u00f5imaldab randmepaela m\u00f5lemale k\u00fcljele servast servani printida fotorealistlikke detaile, gradiente ja keerukaid sponsori logosid.<\/p>\n<p data-path-to-node=\"14\"><b>Lukustusmehhanismid igale vajadusele<\/b> Kohanda oma turvataset meie laia valiku sulguritega:<\/p>\n<ul data-path-to-node=\"15\">\n<li>\n<p data-path-to-node=\"15,0,0\"><b>K\u00f5rge turvalisusega liugurid:<\/b> Eelnevalt paigaldatud lukustusliugurid (hammastega v\u00f5i \u00fchesuunalised) range juurdep\u00e4\u00e4sukontrolli tagamiseks.<\/p>\n<\/li>\n<li>\n<p data-path-to-node=\"15,1,0\"><b>Bambusest \u00f6kolukud:<\/b> 50% v\u00e4hendatud plastikuga variant, mis sobib j\u00e4tkusuutliku k\u00e4epaelga.<\/p>\n<\/li>\n<li>\n<p data-path-to-node=\"15,2,0\"><b>Korduvkasutatavad l\u00fclitid:<\/b> Reguleeritavad helmed t\u00f6\u00f6tajate p\u00e4\u00e4smete v\u00f5i reklaamkingituste jaoks.<\/p>\n<\/li>\n<\/ul>\n<p data-path-to-node=\"16\"><b>Peamised omadused:<\/b><\/p>\n<ul data-path-to-node=\"17\">\n<li>\n<p data-path-to-node=\"17,0,0\"><b>Materjal:<\/b> 100% taaskasutatud pol\u00fcet\u00fcleentereftalaat (rPET).<\/p>\n<\/li>\n<li>\n<p data-path-to-node=\"17,1,0\"><b>Printimismeetod:<\/b> T\u00e4isv\u00e4rviline CMYK sublimatsioon (ees ja taga).<\/p>\n<\/li>\n<li>\n<p data-path-to-node=\"17,2,0\"><b>Suurus:<\/b> Standardm\u00f5\u00f5t 340 mm x 15 mm (saadaval ka erim\u00f5\u00f5dud).<\/p>\n<\/li>\n<li>\n<p data-path-to-node=\"17,3,0\"><b>Pakend:<\/b> Lihtsaks levitamiseks pakendatud 50 tk kaupa pol\u00fckottidesse.<\/p>\n<\/li>\n<\/ul>","protected":false},"excerpt":{"rendered":"<ul>\n<li>\n<p data-path-to-node=\"8,0,0\"><b>Keskkonnas\u00f5bralik:<\/b> Valmistatud 100% taaskasutatud PET-plastpudelitest (rPET).<\/p>\n<\/li>\n<li>\n<p data-path-to-node=\"8,1,0\"><b>Elav tr\u00fckk:<\/b> Servast servani t\u00e4isv\u00e4rviline sublimatsioon keerukate kujunduste jaoks.<\/p>\n<\/li>\n<li>\n<p data-path-to-node=\"8,2,0\"><b>Turvaline ja paindlik:<\/b> Valikus on \u00fchekordselt kasutatavad turvalukud v\u00f5i korduvkasutatavad helmed.<\/p>\n<\/li>\n<li>\n<p data-path-to-node=\"8,3,0\"><b>Kiire tootmine:<\/b> Hulgipakendis ja valmis kiireloomuliste s\u00fcndmuste t\u00e4htaegadeks.<\/p>\n<\/li>\n<\/ul>","protected":false},"featured_media":5830,"comment_status":"closed","ping_status":"closed","template":"","meta":[],"product_brand":[],"product_cat":[133,47],"product_tag":[],"class_list":{"0":"post-5810","1":"product","2":"type-product","3":"status-publish","4":"has-post-thumbnail","6":"product_cat-eco-friendly-wristbands","7":"product_cat-fabric-wristbands","9":"first","10":"instock","11":"shipping-taxable","12":"purchasable","13":"product-type-simple"},"_links":{"self":[{"href":"https:\/\/wristbandfactory.eu\/et\/wp-json\/wp\/v2\/product\/5810","targetHints":{"allow":["GET"]}}],"collection":[{"href":"https:\/\/wristbandfactory.eu\/et\/wp-json\/wp\/v2\/product"}],"about":[{"href":"https:\/\/wristbandfactory.eu\/et\/wp-json\/wp\/v2\/types\/product"}],"replies":[{"embeddable":true,"href":"https:\/\/wristbandfactory.eu\/et\/wp-json\/wp\/v2\/comments?post=5810"}],"wp:featuredmedia":[{"embeddable":true,"href":"https:\/\/wristbandfactory.eu\/et\/wp-json\/wp\/v2\/media\/5830"}],"wp:attachment":[{"href":"https:\/\/wristbandfactory.eu\/et\/wp-json\/wp\/v2\/media?parent=5810"}],"wp:term":[{"taxonomy":"product_brand","embeddable":true,"href":"https:\/\/wristbandfactory.eu\/et\/wp-json\/wp\/v2\/product_brand?post=5810"},{"taxonomy":"product_cat","embeddable":true,"href":"https:\/\/wristbandfactory.eu\/et\/wp-json\/wp\/v2\/product_cat?post=5810"},{"taxonomy":"product_tag","embeddable":true,"href":"https:\/\/wristbandfactory.eu\/et\/wp-json\/wp\/v2\/product_tag?post=5810"}],"curies":[{"name":"t\u00f6\u00f6leht","href":"https:\/\/api.w.org\/{rel}","templated":true}]}}