{"id":5772,"date":"2025-12-10T15:15:03","date_gmt":"2025-12-10T12:15:03","guid":{"rendered":"https:\/\/wristbandfactory.eu\/?post_type=product&#038;p=5772"},"modified":"2025-12-16T16:08:07","modified_gmt":"2025-12-16T13:08:07","slug":"custom-printed-suspenders-branded-y-back-braces","status":"publish","type":"product","link":"https:\/\/wristbandfactory.eu\/et\/p\/custom-printed-suspenders-branded-y-back-braces\/","title":{"rendered":"Logoga p\u00fcksitraksid \u2013 Y-kujulised traksid"},"content":{"rendered":"<p data-path-to-node=\"12\">Lisa oma ettev\u00f5tte vormiriietusele v\u00f5i kaubavalikule stiilsust meie toodetega <b>Eridisainiga tr\u00fckitud traksid<\/b>. Olgu tegemist trendika baarit\u00f6\u00f6taja, ehitusbrigaadi v\u00f5i moebr\u00e4ndi esindajaga \u2013 need traksid pakuvad funktsionaalset ja stiilset alternatiivi v\u00f6\u00f6dele.<\/p>\n<p data-path-to-node=\"13\"><b>Loodud t\u00f6\u00f6ks ja vaba aja veetmiseks<\/b> Meie traksid on valmistatud kvaliteetsest elastsest rihmast, mis s\u00e4ilitab oma venivuse aja jooksul. Metalldetailid on piisavalt vastupidavad t\u00f6\u00f6stuslikuks t\u00f6\u00f6r\u00f5ivaks, kuid samas piisavalt poleeritud ametlikeks \u00fcritusteks.<\/p>\n<p data-path-to-node=\"14\"><b>Br\u00e4ndingu valikud:<\/b><\/p>\n<ol start=\"1\" data-path-to-node=\"15\">\n<li>\n<p data-path-to-node=\"15,0,0\"><b>Kootud elastne:<\/b> Logo on otse kangasse kootud, et anda sellele esmaklassiline ja tekstuurne v\u00e4limus (nt triibulised mustrid).<\/p>\n<\/li>\n<li>\n<p data-path-to-node=\"15,1,0\"><b>Nahast reljeeftr\u00fckk:<\/b> Nahkseljaosale on pressitud peen ja elegantne logo.<\/p>\n<\/li>\n<\/ol>\n<p data-path-to-node=\"16\"><b>Soovitatavad kasutusjuhud:<\/b><\/p>\n<ul data-path-to-node=\"17\">\n<li>\n<p data-path-to-node=\"17,0,0\"><b>K\u00fclalislahkuse vormiriietus:<\/b> Kelnerid ja baarmenid.<\/p>\n<\/li>\n<li>\n<p data-path-to-node=\"17,1,0\"><b>Ehitus ja kaubandus:<\/b> H\u00e4sti n\u00e4htav v\u00f5i vastupidav t\u00f6\u00f6riistav\u00f6\u00f6 tugi.<\/p>\n<\/li>\n<li>\n<p data-path-to-node=\"17,2,0\"><b>Ettev\u00f5tte kingitused:<\/b> Ainulaadne aksessuaar meeskonnat\u00f6\u00f6 v\u00f5i golfi\u00fcrituste jaoks.<\/p>\n<\/li>\n<\/ul>\n<p data-path-to-node=\"18\"><b>Peamised omadused:<\/b><\/p>\n<ul data-path-to-node=\"19\">\n<li>\n<p data-path-to-node=\"19,0,0\"><b>Materjal:<\/b> Suure tihedusega elastne pol\u00fcester.<\/p>\n<\/li>\n<li>\n<p data-path-to-node=\"19,1,0\"><b>Selja stiil:<\/b> Y-kujuline nahkpolstriga.<\/p>\n<\/li>\n<li>\n<p data-path-to-node=\"19,2,0\"><b>Klipid:<\/b> 3 v\u00f5i 4 metallklambrit (nikkel- v\u00f5i must viimistlus).<\/p>\n<\/li>\n<li>\n<p data-path-to-node=\"19,3,0\"><b>Laius:<\/b> Standardne 25 mm, 35 mm v\u00f5i 50 mm.<\/p>\n<\/li>\n<\/ul>","protected":false},"excerpt":{"rendered":"<ul>\n<li>\n<p data-path-to-node=\"10,0,0\"><b>Klassikaline disain:<\/b> Traditsiooniline Y- v\u00f5i X-seljaga konstruktsioon koos esmaklassilise nahast ristlapiga vastupidavuse ja stiili tagamiseks.<\/p>\n<\/li>\n<li>\n<p data-path-to-node=\"10,1,0\"><b>Tugev haare:<\/b> Varustatud vastupidavate metallklambritega, mis hoiavad p\u00fckse kindlalt paigal kangast kahjustamata.<\/p>\n<\/li>\n<li>\n<p data-path-to-node=\"10,2,0\"><b>T\u00e4ielikult reguleeritav:<\/b> Metallist liugregulaatorid tagavad mugava sobivuse igale pikkusele.<\/p>\n<\/li>\n<li>\n<p data-path-to-node=\"10,3,0\"><b>Eridisainiga br\u00e4nding:<\/b> Teie logo saab kootud elastsesse rihma (\u017eakaar) v\u00f5i pressida nahast seljale.<\/p>\n<\/li>\n<\/ul>","protected":false},"featured_media":5808,"comment_status":"closed","ping_status":"closed","template":"","meta":[],"product_brand":[],"product_cat":[127],"product_tag":[],"class_list":{"0":"post-5772","1":"product","2":"type-product","3":"status-publish","4":"has-post-thumbnail","6":"product_cat-custom-straps-belts","8":"first","9":"instock","10":"shipping-taxable","11":"product-type-simple"},"_links":{"self":[{"href":"https:\/\/wristbandfactory.eu\/et\/wp-json\/wp\/v2\/product\/5772","targetHints":{"allow":["GET"]}}],"collection":[{"href":"https:\/\/wristbandfactory.eu\/et\/wp-json\/wp\/v2\/product"}],"about":[{"href":"https:\/\/wristbandfactory.eu\/et\/wp-json\/wp\/v2\/types\/product"}],"replies":[{"embeddable":true,"href":"https:\/\/wristbandfactory.eu\/et\/wp-json\/wp\/v2\/comments?post=5772"}],"wp:featuredmedia":[{"embeddable":true,"href":"https:\/\/wristbandfactory.eu\/et\/wp-json\/wp\/v2\/media\/5808"}],"wp:attachment":[{"href":"https:\/\/wristbandfactory.eu\/et\/wp-json\/wp\/v2\/media?parent=5772"}],"wp:term":[{"taxonomy":"product_brand","embeddable":true,"href":"https:\/\/wristbandfactory.eu\/et\/wp-json\/wp\/v2\/product_brand?post=5772"},{"taxonomy":"product_cat","embeddable":true,"href":"https:\/\/wristbandfactory.eu\/et\/wp-json\/wp\/v2\/product_cat?post=5772"},{"taxonomy":"product_tag","embeddable":true,"href":"https:\/\/wristbandfactory.eu\/et\/wp-json\/wp\/v2\/product_tag?post=5772"}],"curies":[{"name":"t\u00f6\u00f6leht","href":"https:\/\/api.w.org\/{rel}","templated":true}]}}