{"id":5765,"date":"2025-12-10T15:10:44","date_gmt":"2025-12-10T12:10:44","guid":{"rendered":"https:\/\/wristbandfactory.eu\/?post_type=product&#038;p=5765"},"modified":"2025-12-16T16:05:47","modified_gmt":"2025-12-16T13:05:47","slug":"custom-printed-shoelaces-flat-round-sneaker-laces","status":"publish","type":"product","link":"https:\/\/wristbandfactory.eu\/et\/p\/custom-printed-shoelaces-flat-round-sneaker-laces\/","title":{"rendered":"Kujundusega kingapaelad \u2013 Lamedad ja \u00fcmmargused"},"content":{"rendered":"<p data-path-to-node=\"12\">Muutke iga samm br\u00e4ndinguv\u00f5imaluseks meie abil <b>Eridisainiga tr\u00fckitud kingapaelad<\/b>. Olgu tegemist ettev\u00f5tte maratonimeeskonna, tossubr\u00e4ndi lansseerimise v\u00f5i ainulaadse \u00fclikooli kaubaga \u2013 need paelad pakuvad l\u00f5busat ja funktsionaalset viisi teie logo esitlemiseks.<\/p>\n<p data-path-to-node=\"13\"><b>Sinu kingaga sobivad stiilid:<\/b><\/p>\n<ol start=\"1\" data-path-to-node=\"14\">\n<li>\n<p data-path-to-node=\"14,0,0\"><b>Lamedad paelad:<\/b> Tossude ja rulade standard. Neil on lai l\u00f5uend (8\u201315 mm), mis sobib ideaalselt teksti ja logode selgeks lugemiseks kaugelt.<\/p>\n<\/li>\n<li>\n<p data-path-to-node=\"14,1,0\"><b>\u00dcmarad paelad:<\/b> Ideaalne jooksujalatsite, saabaste ja kapuutsiga dressipluuside jaoks. Br\u00e4nding on tavaliselt kootud v\u00f5i tr\u00fckitud otstesse, et saavutada peen ja jaem\u00fc\u00fcgikvaliteediga viimistlus.<\/p>\n<\/li>\n<\/ol>\n<p data-path-to-node=\"15\"><b>Eridisainiga agletid (otsad)<\/b> Vii see j\u00e4rgmisele tasemele, tr\u00fckkides oma br\u00e4ndi nime v\u00f5i veebisaidi otse paelte plast- v\u00f5i metallotstele. See detail lisab tootele m\u00e4rkimisv\u00e4\u00e4rset tajutavat v\u00e4\u00e4rtust.<\/p>\n<p data-path-to-node=\"16\"><b>Soovitatavad kasutusjuhud:<\/b><\/p>\n<ul data-path-to-node=\"17\">\n<li>\n<p data-path-to-node=\"17,0,0\"><b>Maratonid ja 5 km jooksud:<\/b> Lisa need osaleja kinkekotti.\u201c<\/p>\n<\/li>\n<li>\n<p data-path-to-node=\"17,1,0\"><b>T\u00f6\u00f6tajate heaolu:<\/b> Suurep\u00e4rane sammude loendamise v\u00e4ljakutsete jaoks.\u201c<\/p>\n<\/li>\n<li>\n<p data-path-to-node=\"17,2,0\"><b>Mood ja jaem\u00fc\u00fck:<\/b> M\u00fc\u00fc neid eraldiseisva aksessuaarina v\u00f5i kingitusena ostu sooritades.<\/p>\n<\/li>\n<\/ul>\n<p data-path-to-node=\"18\"><b>Peamised omadused:<\/b><\/p>\n<ul data-path-to-node=\"19\">\n<li>\n<p data-path-to-node=\"19,0,0\"><b>Materjal:<\/b> Vastupidav pol\u00fcester.<\/p>\n<\/li>\n<li>\n<p data-path-to-node=\"19,1,0\"><b>Pikkus:<\/b> Standardsuurused (90cm, 120cm, 140cm) v\u00f5i eritellimusel.<\/p>\n<\/li>\n<li>\n<p data-path-to-node=\"19,2,0\"><b>Prindi:<\/b> Soojus\u00fclekanne (sublimatsioon) v\u00f5i siiditr\u00fckk.<\/p>\n<\/li>\n<li>\n<p data-path-to-node=\"19,3,0\"><b>Pakend:<\/b> Paarid pakitakse tavaliselt l\u00e4bipaistvasse kilekotti v\u00f5i eridisainiga kaardip\u00e4isesse.<\/p>\n<\/li>\n<\/ul>","protected":false},"excerpt":{"rendered":"<ul>\n<li>\n<p data-path-to-node=\"10,0,0\"><b>T\u00e4ielikult kohandatav:<\/b> Saadaval klassikalises lameda stiilis julgete v\u00e4rviliste mustrite jaoks v\u00f5i \u00fcmara paelaga stiilis sportliku ilme saavutamiseks.<\/p>\n<\/li>\n<li>\n<p data-path-to-node=\"10,1,0\"><b>Kogu br\u00e4nding:<\/b> Saame teie logo tr\u00fckkida kogu pitsi pikkusele ja isegi kohandada plast- v\u00f5i metallotsi (aglete).<\/p>\n<\/li>\n<li>\n<p data-path-to-node=\"10,2,0\"><b>Erksad kujundused:<\/b> Sublimatsioonitr\u00fcki abil saame saavutada detailseid graafikaid nagu s\u00fcdamed, koomikseid v\u00f5i keerulisi gradiente.<\/p>\n<\/li>\n<li>\n<p data-path-to-node=\"10,3,0\"><b>\u00dcrituseks valmis:<\/b> V\u00e4\u00e4rtuslik kingitus heategevusjooksudele, spordimeeskondadele ja tossukonventsioonidele, mida saajad ka tegelikult kasutavad.<\/p>\n<\/li>\n<\/ul>","protected":false},"featured_media":5839,"comment_status":"closed","ping_status":"closed","template":"","meta":[],"product_brand":[],"product_cat":[127],"product_tag":[],"class_list":{"0":"post-5765","1":"product","2":"type-product","3":"status-publish","4":"has-post-thumbnail","6":"product_cat-custom-straps-belts","8":"first","9":"instock","10":"shipping-taxable","11":"product-type-simple"},"_links":{"self":[{"href":"https:\/\/wristbandfactory.eu\/et\/wp-json\/wp\/v2\/product\/5765","targetHints":{"allow":["GET"]}}],"collection":[{"href":"https:\/\/wristbandfactory.eu\/et\/wp-json\/wp\/v2\/product"}],"about":[{"href":"https:\/\/wristbandfactory.eu\/et\/wp-json\/wp\/v2\/types\/product"}],"replies":[{"embeddable":true,"href":"https:\/\/wristbandfactory.eu\/et\/wp-json\/wp\/v2\/comments?post=5765"}],"wp:featuredmedia":[{"embeddable":true,"href":"https:\/\/wristbandfactory.eu\/et\/wp-json\/wp\/v2\/media\/5839"}],"wp:attachment":[{"href":"https:\/\/wristbandfactory.eu\/et\/wp-json\/wp\/v2\/media?parent=5765"}],"wp:term":[{"taxonomy":"product_brand","embeddable":true,"href":"https:\/\/wristbandfactory.eu\/et\/wp-json\/wp\/v2\/product_brand?post=5765"},{"taxonomy":"product_cat","embeddable":true,"href":"https:\/\/wristbandfactory.eu\/et\/wp-json\/wp\/v2\/product_cat?post=5765"},{"taxonomy":"product_tag","embeddable":true,"href":"https:\/\/wristbandfactory.eu\/et\/wp-json\/wp\/v2\/product_tag?post=5765"}],"curies":[{"name":"t\u00f6\u00f6leht","href":"https:\/\/api.w.org\/{rel}","templated":true}]}}