{"id":5753,"date":"2025-12-10T14:54:23","date_gmt":"2025-12-10T11:54:23","guid":{"rendered":"https:\/\/wristbandfactory.eu\/?post_type=product&#038;p=5753"},"modified":"2025-12-11T21:53:25","modified_gmt":"2025-12-11T18:53:25","slug":"high-visibility-reflective-strip-lanyards-safety-wear","status":"publish","type":"product","link":"https:\/\/wristbandfactory.eu\/et\/p\/high-visibility-reflective-strip-lanyards-safety-wear\/","title":{"rendered":"Helkurribaga kaelapaelad \u2013 K\u00f5rgn\u00e4htavusega turvatoode"},"content":{"rendered":"<p data-path-to-node=\"14\">Sea esikohale ohutus, ohverdamata seejuures br\u00e4ndingut meie <b>Helkurribadega kaelapaelad<\/b>. Erinevalt tavalistest peente helkurniitidega kaelapaeladest on sellel vastupidaval mudelil kangaga sulatatud silmapaistev h\u00f5bedane helkurkiht, mis pakub maksimaalset peegeldust, mis sarnaneb professionaalsetele turvavarustusele.<\/p>\n<p data-path-to-node=\"15\"><b>Ehitatud t\u00f6\u00f6stuslikuks ja \u00f6iseks kasutamiseks<\/b> See on t\u00f6\u00f6stusstandard <b>ehitusplatsid, lennujaama maapealne personal ja turvat\u00f6\u00f6tajad<\/b>. Auto esitulede v\u00f5i taskulampide valguses valgustab keskne riba eredalt, tagades, et teie t\u00f6\u00f6tajad v\u00f5i \u00fcritusel osalejad on kaugelt n\u00e4htavad.<\/p>\n<p data-path-to-node=\"16\"><b>Vastupidav konstruktsioon<\/b> Helkurmaterjal on \u00fchendatud tugeva pol\u00fcesteraluskihiga. See kahev\u00e4rviline disain (v\u00e4rv + h\u00f5bedane) ei n\u00e4e mitte ainult professionaalne v\u00e4lja, vaid lisab ka vastupidavust. Soovitame tungivalt lisada <b>Turvaline lahti\u00fchendatav pannal<\/b> selle toote vastavust t\u00f6\u00f6koha ohutusn\u00f5uetele.<\/p>\n<p data-path-to-node=\"17\"><b>Soovitatavad kasutusjuhud:<\/b><\/p>\n<ul data-path-to-node=\"18\">\n<li>\n<p data-path-to-node=\"18,0,0\"><b>Ehitus ja logistika:<\/b> Kohapealsetele t\u00f6\u00f6tajatele on isikut t\u00f5endava dokumendi omamine kohustuslik.<\/p>\n<\/li>\n<li>\n<p data-path-to-node=\"18,1,0\"><b>\u00d6ised festivalid:<\/b> Osalejate turvalisuse ja n\u00e4htavuse tagamine pimedas rahvahulgas.<\/p>\n<\/li>\n<li>\n<p data-path-to-node=\"18,2,0\"><b>Koolid:<\/b> N\u00e4htavus lastele talvekuudel ekskursioonidel.<\/p>\n<\/li>\n<\/ul>\n<p data-path-to-node=\"19\"><b>Peamised omadused:<\/b><\/p>\n<ul data-path-to-node=\"20\">\n<li>\n<p data-path-to-node=\"20,0,0\"><b>Materjal:<\/b> Pol\u00fcesterrihm + lamineeritud helkurlint.<\/p>\n<\/li>\n<li>\n<p data-path-to-node=\"20,1,0\"><b>M\u00f5ju:<\/b> Tugev v\u00e4lgu peegeldus (h\u00f5bedane\/hall alus).<\/p>\n<\/li>\n<li>\n<p data-path-to-node=\"20,2,0\"><b>Laius:<\/b> Tavaliselt 15 mm v\u00f5i 20 mm.<\/p>\n<\/li>\n<li>\n<p data-path-to-node=\"20,3,0\"><b>Prindi:<\/b> Siiditr\u00fckk peegeldava kihi peal.<\/p>\n<\/li>\n<\/ul>","protected":false},"excerpt":{"rendered":"<ul>\n<li>\n<p data-path-to-node=\"12,0,0\"><b>Hea n\u00e4htavus:<\/b> Keskel kulgeb lai lamineeritud hall helkurriba, mis sarnaneb turvavestidega ja peegeldab pimedas intensiivselt valgust.<\/p>\n<\/li>\n<li>\n<p data-path-to-node=\"12,1,0\"><b>P\u00e4evane ja \u00f6ine ohutus:<\/b> Erksav\u00e4rviline alusrihm (kollane, oran\u017e, sinine) tagab n\u00e4htavuse p\u00e4evasel ajal, h\u00f5bedane riba aga kaitseb \u00f6\u00f6sel.<\/p>\n<\/li>\n<li>\n<p data-path-to-node=\"12,2,0\"><b>Ohutusl\u00fcliti:<\/b> H\u00e4davajalik t\u00f6\u00f6stuslikuks kasutamiseks; tavaliselt varustatud turvapandlaga l\u00e4mbumis\u00f5nnetuste v\u00e4ltimiseks.<\/p>\n<\/li>\n<li>\n<p data-path-to-node=\"12,3,0\"><b>Eridisainiga br\u00e4nding:<\/b> Teie logo saab br\u00e4ndi n\u00e4htavuse suurendamiseks siiditr\u00fckiga otse helkurribale v\u00f5i v\u00e4rvilistele servadele printida.<\/p>\n<\/li>\n<\/ul>","protected":false},"featured_media":5758,"comment_status":"closed","ping_status":"closed","template":"","meta":[],"product_brand":[],"product_cat":[109],"product_tag":[],"class_list":{"0":"post-5753","1":"product","2":"type-product","3":"status-publish","4":"has-post-thumbnail","6":"product_cat-reflective-lanyards","8":"first","9":"instock","10":"shipping-taxable","11":"product-type-simple"},"_links":{"self":[{"href":"https:\/\/wristbandfactory.eu\/et\/wp-json\/wp\/v2\/product\/5753","targetHints":{"allow":["GET"]}}],"collection":[{"href":"https:\/\/wristbandfactory.eu\/et\/wp-json\/wp\/v2\/product"}],"about":[{"href":"https:\/\/wristbandfactory.eu\/et\/wp-json\/wp\/v2\/types\/product"}],"replies":[{"embeddable":true,"href":"https:\/\/wristbandfactory.eu\/et\/wp-json\/wp\/v2\/comments?post=5753"}],"wp:featuredmedia":[{"embeddable":true,"href":"https:\/\/wristbandfactory.eu\/et\/wp-json\/wp\/v2\/media\/5758"}],"wp:attachment":[{"href":"https:\/\/wristbandfactory.eu\/et\/wp-json\/wp\/v2\/media?parent=5753"}],"wp:term":[{"taxonomy":"product_brand","embeddable":true,"href":"https:\/\/wristbandfactory.eu\/et\/wp-json\/wp\/v2\/product_brand?post=5753"},{"taxonomy":"product_cat","embeddable":true,"href":"https:\/\/wristbandfactory.eu\/et\/wp-json\/wp\/v2\/product_cat?post=5753"},{"taxonomy":"product_tag","embeddable":true,"href":"https:\/\/wristbandfactory.eu\/et\/wp-json\/wp\/v2\/product_tag?post=5753"}],"curies":[{"name":"t\u00f6\u00f6leht","href":"https:\/\/api.w.org\/{rel}","templated":true}]}}