{"id":5747,"date":"2025-12-10T13:55:38","date_gmt":"2025-12-10T10:55:38","guid":{"rendered":"https:\/\/wristbandfactory.eu\/?post_type=product&#038;p=5747"},"modified":"2025-12-11T21:59:04","modified_gmt":"2025-12-11T18:59:04","slug":"custom-silicone-pvc-lanyards-waterproof-cleanable","status":"publish","type":"product","link":"https:\/\/wristbandfactory.eu\/et\/p\/custom-silicone-pvc-lanyards-waterproof-cleanable\/","title":{"rendered":"Silikoonist ja PVC-st kaelapaelad \u2013 Veekindlad ja pestavad"},"content":{"rendered":"<p data-path-to-node=\"12\">S\u00e4ilitage k\u00f5rgeimad h\u00fcgieenistandardid meie abil <b>Eridisainiga silikoonist ja PVC-st kaelapaelad<\/b>. Erinevalt traditsioonilistest pol\u00fcesterrihmadest, mis imavad higi ja mustust, on need kummist kaelapaelad t\u00e4iesti veekindlad ja p\u00fchkitavad.<\/p>\n<p data-path-to-node=\"13\"><b>Sanitaar- ja ohutusn\u00f5uded<\/b> Ideaalsed \u00f5dedele, arstidele ja toiduainete t\u00f6\u00f6tlemise personalile \u2013 need kaelapaelad saab steriliseerida alkoholiga immutatud salvr\u00e4tikutega v\u00f5i pesta seebivees ilma pleekimata. Need pakuvad puhast ja kliinilist v\u00e4limust, mis sobib ideaalselt professionaalsele vormiriietusele.<\/p>\n<p data-path-to-node=\"14\"><b>Materjalivalikud:<\/b><\/p>\n<ol start=\"1\" data-path-to-node=\"15\">\n<li>\n<p data-path-to-node=\"15,0,0\"><b>Pehme silikoon:<\/b> Suur paindlikkus ja mugavus naha vastas. Suurep\u00e4rane esmaklassilise br\u00e4ndi loomiseks.<\/p>\n<\/li>\n<li>\n<p data-path-to-node=\"15,1,0\"><b>Pehme PVC:<\/b> Tugev, veidi j\u00e4igem plastik, mis hoiab h\u00e4sti oma kuju ja pakub suurep\u00e4rast vastupidavust madalama hinnaga.<\/p>\n<\/li>\n<\/ol>\n<p data-path-to-node=\"16\"><b>Soovitatavad kasutusjuhud:<\/b><\/p>\n<ul data-path-to-node=\"17\">\n<li>\n<p data-path-to-node=\"17,0,0\"><b>Tervishoid:<\/b> Lihtne desinfitseerida vahetuste vahel.<\/p>\n<\/li>\n<li>\n<p data-path-to-node=\"17,1,0\"><b>Veekeskused:<\/b> Ei l\u00e4he basseinide l\u00e4hedal m\u00e4rjaks ega hallitama.<\/p>\n<\/li>\n<li>\n<p data-path-to-node=\"17,2,0\"><b>T\u00f6\u00f6stuslik:<\/b> Vastupidav \u00f5li- ja rasvapritsmetele.<\/p>\n<\/li>\n<\/ul>\n<p data-path-to-node=\"18\"><b>Peamised omadused:<\/b><\/p>\n<ul data-path-to-node=\"19\">\n<li>\n<p data-path-to-node=\"19,0,0\"><b>Materjal:<\/b> 100% silikoon v\u00f5i pehme PVC.<\/p>\n<\/li>\n<li>\n<p data-path-to-node=\"19,1,0\"><b>Br\u00e4nding:<\/b> Siiditr\u00fckk (karge, vastupidav tint).<\/p>\n<\/li>\n<li>\n<p data-path-to-node=\"19,2,0\"><b>Manused:<\/b> Metallist krimpsukinnitus p\u00f6\u00f6rleva konksuga.<\/p>\n<\/li>\n<li>\n<p data-path-to-node=\"19,3,0\"><b>Lisad:<\/b> Saadaval on ohutusl\u00fcliti valikud.<\/p>\n<\/li>\n<\/ul>","protected":false},"excerpt":{"rendered":"<ul>\n<li>\n<p data-path-to-node=\"10,0,0\"><b>100% veekindel:<\/b> Mitteimav materjal t\u00f5rjub vett, higi ja kemikaale, muutes selle puhastamise v\u00f5i desinfitseerimise lihtsaks.<\/p>\n<\/li>\n<li>\n<p data-path-to-node=\"10,1,0\"><b>Silikooni variant:<\/b> Pehme, painduv ja h\u00fcpoallergeenne kumm esmaklassilise mati viimistlusega (nt Subaru n\u00e4ide).<\/p>\n<\/li>\n<li>\n<p data-path-to-node=\"10,2,0\"><b>PVC variant:<\/b> Vastupidav, sile ja kulut\u00f5hus plastvariant kerge l\u00e4ikega (nt Penteris).<\/p>\n<\/li>\n<li>\n<p data-path-to-node=\"10,3,0\"><b>H\u00fcgieenile keskendunud:<\/b> Eelistatud valik haiglatele, laboritele ja k\u00f6\u00f6kidele, kus riidest kaelapaelad v\u00f5ivad bakterid koguneda.<\/p>\n<\/li>\n<\/ul>","protected":false},"featured_media":5854,"comment_status":"closed","ping_status":"closed","template":"","meta":[],"product_brand":[],"product_cat":[104,108],"product_tag":[],"class_list":{"0":"post-5747","1":"product","2":"type-product","3":"status-publish","4":"has-post-thumbnail","6":"product_cat-custom-printed-lanyards","7":"product_cat-multifunctional-lanyards","9":"first","10":"instock","11":"shipping-taxable","12":"product-type-simple"},"_links":{"self":[{"href":"https:\/\/wristbandfactory.eu\/et\/wp-json\/wp\/v2\/product\/5747","targetHints":{"allow":["GET"]}}],"collection":[{"href":"https:\/\/wristbandfactory.eu\/et\/wp-json\/wp\/v2\/product"}],"about":[{"href":"https:\/\/wristbandfactory.eu\/et\/wp-json\/wp\/v2\/types\/product"}],"replies":[{"embeddable":true,"href":"https:\/\/wristbandfactory.eu\/et\/wp-json\/wp\/v2\/comments?post=5747"}],"wp:featuredmedia":[{"embeddable":true,"href":"https:\/\/wristbandfactory.eu\/et\/wp-json\/wp\/v2\/media\/5854"}],"wp:attachment":[{"href":"https:\/\/wristbandfactory.eu\/et\/wp-json\/wp\/v2\/media?parent=5747"}],"wp:term":[{"taxonomy":"product_brand","embeddable":true,"href":"https:\/\/wristbandfactory.eu\/et\/wp-json\/wp\/v2\/product_brand?post=5747"},{"taxonomy":"product_cat","embeddable":true,"href":"https:\/\/wristbandfactory.eu\/et\/wp-json\/wp\/v2\/product_cat?post=5747"},{"taxonomy":"product_tag","embeddable":true,"href":"https:\/\/wristbandfactory.eu\/et\/wp-json\/wp\/v2\/product_tag?post=5747"}],"curies":[{"name":"t\u00f6\u00f6leht","href":"https:\/\/api.w.org\/{rel}","templated":true}]}}