{"id":5730,"date":"2025-12-10T13:44:29","date_gmt":"2025-12-10T10:44:29","guid":{"rendered":"https:\/\/wristbandfactory.eu\/?post_type=product&#038;p=5730"},"modified":"2025-12-11T22:18:11","modified_gmt":"2025-12-11T19:18:11","slug":"magnetic-elastic-cord-lanyards-modern-badge-holder","status":"publish","type":"product","link":"https:\/\/wristbandfactory.eu\/et\/p\/magnetic-elastic-cord-lanyards-modern-badge-holder\/","title":{"rendered":"Magnetkinnitusega elastsed paelad \u2013 Moodne disain"},"content":{"rendered":"<p data-path-to-node=\"12\">V\u00f5ta omaks moodne minimalism meiega <b>Magnetilised elastsed paelaga kaelapaelad<\/b>. Eemaldudes traditsioonilistest lamedatest pol\u00fcesterlintidest, pakub see toode elegantset ja tehnoloogiliselt edumeelset esteetikat, mis on idufirmade, disainiagentuuride ja eksklusiivsete konverentside seas v\u00e4ga populaarne.<\/p>\n<p data-path-to-node=\"13\"><b>Magnetite maagia<\/b> Selle kaelapaela keskne element on selle <b>magnetiline \u00fchenduspesa<\/b>. Klambritega kobamise asemel kl\u00f5psavad kaks otsa lihtsalt kokku. Seda on meeldiv kasutada ja see toimib ka kiirvabastusega turvamehhanismina.<\/p>\n<p data-path-to-node=\"14\"><b>Peen, kuid t\u00f5hus br\u00e4nding<\/b> Teksti paelale tr\u00fckkimise asemel kantakse br\u00e4nding sellele. <b>\u00fcmmargune plastmassist liugur\/nupp<\/b>. See v\u00f5imaldab rinnal silmapaistvalt paiknevat t\u00e4isv\u00e4rvilist logo (kumer v\u00f5i lametr\u00fckk), tagades, et teie br\u00e4nd on alati n\u00e4htav ilma kujundust segamata.<\/p>\n<p data-path-to-node=\"15\"><b>Peamised omadused:<\/b><\/p>\n<ul data-path-to-node=\"16\">\n<li>\n<p data-path-to-node=\"16,0,0\"><b>Materjal:<\/b> Elastne \u00fcmmargune pael (valge, must v\u00f5i eridisainiga v\u00e4rvid).<\/p>\n<\/li>\n<li>\n<p data-path-to-node=\"16,1,0\"><b>Kinnitusvalikud:<\/b> Kvaliteetne metallist torpeedo v\u00f5i lame plastik.<\/p>\n<\/li>\n<li>\n<p data-path-to-node=\"16,2,0\"><b>Logo paigutus:<\/b> \u00dcmmargune plastmassist reguleerimisnupp.<\/p>\n<\/li>\n<li>\n<p data-path-to-node=\"16,3,0\"><b>Stiil:<\/b> Minimalistlik, sportlik, tehnoloogiline.<\/p>\n<\/li>\n<\/ul>","protected":false},"excerpt":{"rendered":"<ul>\n<li>\n<p data-path-to-node=\"10,0,0\"><b>Nutikas magnetiline pannal:<\/b> Sisaldab elegantset metallist v\u00f5i plastist magnet\u00fchendust, mis kl\u00f5psab koheselt kokku, et h\u00f5lbustada kandmist.<\/p>\n<\/li>\n<li>\n<p data-path-to-node=\"10,1,0\"><b>Elastne mugavus:<\/b> Valmistatud pehmest ja venivast \u00fcmmargusest paelast, mis tundub kaelas kerge ja mugav kogu p\u00e4eva.<\/p>\n<\/li>\n<li>\n<p data-path-to-node=\"10,2,0\"><b>Nupu br\u00e4nding:<\/b> Teie logo on tr\u00fckitud kohandatavale plastmassist liugurnupule, hoides juhtme kujunduse puhta ja minimalistliku.<\/p>\n<\/li>\n<li>\n<p data-path-to-node=\"10,3,0\"><b>Ohutusfunktsioon:<\/b> Magnetiline pannal toimib ka ohutusl\u00fclitina, vabanedes pinge all, et v\u00e4ltida l\u00e4mbumisohtu.<\/p>\n<\/li>\n<\/ul>","protected":false},"featured_media":5870,"comment_status":"closed","ping_status":"closed","template":"","meta":[],"product_brand":[],"product_cat":[125,108,124],"product_tag":[],"class_list":{"0":"post-5730","1":"product","2":"type-product","3":"status-publish","4":"has-post-thumbnail","6":"product_cat-cord-lanyards","7":"product_cat-multifunctional-lanyards","8":"product_cat-id-solutions","10":"first","11":"instock","12":"shipping-taxable","13":"product-type-simple"},"_links":{"self":[{"href":"https:\/\/wristbandfactory.eu\/et\/wp-json\/wp\/v2\/product\/5730","targetHints":{"allow":["GET"]}}],"collection":[{"href":"https:\/\/wristbandfactory.eu\/et\/wp-json\/wp\/v2\/product"}],"about":[{"href":"https:\/\/wristbandfactory.eu\/et\/wp-json\/wp\/v2\/types\/product"}],"replies":[{"embeddable":true,"href":"https:\/\/wristbandfactory.eu\/et\/wp-json\/wp\/v2\/comments?post=5730"}],"wp:featuredmedia":[{"embeddable":true,"href":"https:\/\/wristbandfactory.eu\/et\/wp-json\/wp\/v2\/media\/5870"}],"wp:attachment":[{"href":"https:\/\/wristbandfactory.eu\/et\/wp-json\/wp\/v2\/media?parent=5730"}],"wp:term":[{"taxonomy":"product_brand","embeddable":true,"href":"https:\/\/wristbandfactory.eu\/et\/wp-json\/wp\/v2\/product_brand?post=5730"},{"taxonomy":"product_cat","embeddable":true,"href":"https:\/\/wristbandfactory.eu\/et\/wp-json\/wp\/v2\/product_cat?post=5730"},{"taxonomy":"product_tag","embeddable":true,"href":"https:\/\/wristbandfactory.eu\/et\/wp-json\/wp\/v2\/product_tag?post=5730"}],"curies":[{"name":"t\u00f6\u00f6leht","href":"https:\/\/api.w.org\/{rel}","templated":true}]}}