{"id":5704,"date":"2025-12-10T13:16:26","date_gmt":"2025-12-10T10:16:26","guid":{"rendered":"https:\/\/wristbandfactory.eu\/?post_type=product&#038;p=5704"},"modified":"2025-12-18T23:43:31","modified_gmt":"2025-12-18T20:43:31","slug":"custom-faux-fur-backed-lanyards-ultra-soft-lining","status":"publish","type":"product","link":"https:\/\/wristbandfactory.eu\/et\/p\/custom-faux-fur-backed-lanyards-ultra-soft-lining\/","title":{"rendered":"Pehme karvavoodriga kaelapaelad"},"content":{"rendered":"<p data-path-to-node=\"11\">Kogege turu pehmeimat kaelapaela meiega <b>Eridisainiga kunstkarusnahast kaelapaelad<\/b>. See toode, mis on loodud kaubam\u00e4rkidele, kes soovivad pakkuda midagi t\u00f5eliselt ainulaadset ja k\u00e4egakatsutavat, \u00fchendab endas vastupidava praktilisuse luksusliku mugavusega.<\/p>\n<p data-path-to-node=\"12\"><b>Loodud k\u00fclma ja mugavuse jaoks<\/b> Erinevalt tavalistest \u00f5hukestest paeltest on sellel kaelapaelal paks kiht <b>valge kunstkarusnahk<\/b> \u00f5mmeldud otse rihma tagak\u00fcljele. See mitte ainult ei tundu naha vastas uskumatult pehme, vaid pakub ka soojuskihti, muutes selle #1 valikuks <b>talispordi\u00fcritused, suusap\u00e4\u00e4smed ja v\u00e4litingimustes toimuvad autoesitlused<\/b>.<\/p>\n<p data-path-to-node=\"13\"><b>Suure m\u00f5juga br\u00e4nding<\/b> Nagu n\u00e4ha \u201cSkoda Yeti\u201d n\u00e4ites, loob tehnilise pol\u00fcesterist v\u00e4liskesta ja koheva sisevoodri kontrast silmatorkava visuaalse ilme. See annab m\u00e4rku, et teie br\u00e4nd p\u00f6\u00f6rab t\u00e4helepanu detailidele ja kasutaja heaolule.<\/p>\n<p data-path-to-node=\"14\"><b>Soovitatavad kasutusjuhud:<\/b><\/p>\n<ul data-path-to-node=\"15\">\n<li>\n<p data-path-to-node=\"15,0,0\"><b>Suusakuurordid ja talisport:<\/b> Tipptasemel piletihoidjad hooajapileti omanikele.<\/p>\n<\/li>\n<li>\n<p data-path-to-node=\"15,1,0\"><b>Autot\u00f6\u00f6stuse s\u00fcndmused:<\/b> Ideaalne proovis\u00f5iduks karmides v\u00f5i talvistes tingimustes.<\/p>\n<\/li>\n<li>\n<p data-path-to-node=\"15,2,0\"><b>VIP-p\u00e4\u00e4s:<\/b> Mugav alternatiiv k\u00fclalistele, kes kannavad pikka aega kaelapaele.<\/p>\n<\/li>\n<\/ul>\n<p data-path-to-node=\"16\"><b>Peamised omadused:<\/b><\/p>\n<ul data-path-to-node=\"17\">\n<li>\n<p data-path-to-node=\"17,0,0\"><b>Vooder:<\/b> Pehme s\u00fcnteetiline kunstkarusnahk (valge).<\/p>\n<\/li>\n<li>\n<p data-path-to-node=\"17,1,0\"><b>V\u00e4limine:<\/b> Kvaliteetne pol\u00fcesterrihm.<\/p>\n<\/li>\n<li>\n<p data-path-to-node=\"17,2,0\"><b>Riistvara:<\/b> Tugev plastmassist pannal ja metallist p\u00f6\u00f6rdkonks.<\/p>\n<\/li>\n<li>\n<p data-path-to-node=\"17,3,0\"><b>Laius:<\/b> Laiem profiil (umbes 20\u201325 mm) karva mahutamiseks.<\/p>\n<\/li>\n<\/ul>","protected":false},"excerpt":{"rendered":"<ul>\n<li>\n<p data-path-to-node=\"9,0,0\"><b>Kahekihiline disain:<\/b> Vastupidavast pol\u00fcesterist v\u00e4liskihist br\u00e4ndingu jaoks, mis on \u00f5mmeldud pehmele valgele kunstkarusnahast aluskihile.<\/p>\n<\/li>\n<li>\n<p data-path-to-node=\"9,1,0\"><b>\u00dclim mugavus:<\/b> Pehme karusnahast vooder hoiab \u00e4ra kaela\u00e4rrituse ja lisab soojust, mist\u00f5ttu sobib see ideaalselt kandmiseks kogu p\u00e4eva jooksul k\u00fclmas kliimas.<\/p>\n<\/li>\n<li>\n<p data-path-to-node=\"9,2,0\"><b>Talveks valmis:<\/b> Ideaalne reklaam suusakuurortidesse, talvistesse autokampaaniatesse (nt Skoda Yeti) ja vaba\u00f5hufestivalidesse.<\/p>\n<\/li>\n<li>\n<p data-path-to-node=\"9,3,0\"><b>T\u00e4ielik kohandamine:<\/b> Pol\u00fcesterriba v\u00f5imaldab logode ja mustrite teravat siidi- v\u00f5i sublimatsioonitr\u00fcki.<\/p>\n<\/li>\n<\/ul>","protected":false},"featured_media":5893,"comment_status":"closed","ping_status":"closed","template":"","meta":[],"product_brand":[],"product_cat":[104,108,118],"product_tag":[],"class_list":{"0":"post-5704","1":"product","2":"type-product","3":"status-publish","4":"has-post-thumbnail","6":"product_cat-custom-printed-lanyards","7":"product_cat-multifunctional-lanyards","8":"product_cat-sports-fitness","10":"first","11":"instock","12":"shipping-taxable","13":"product-type-simple"},"_links":{"self":[{"href":"https:\/\/wristbandfactory.eu\/et\/wp-json\/wp\/v2\/product\/5704","targetHints":{"allow":["GET"]}}],"collection":[{"href":"https:\/\/wristbandfactory.eu\/et\/wp-json\/wp\/v2\/product"}],"about":[{"href":"https:\/\/wristbandfactory.eu\/et\/wp-json\/wp\/v2\/types\/product"}],"replies":[{"embeddable":true,"href":"https:\/\/wristbandfactory.eu\/et\/wp-json\/wp\/v2\/comments?post=5704"}],"wp:featuredmedia":[{"embeddable":true,"href":"https:\/\/wristbandfactory.eu\/et\/wp-json\/wp\/v2\/media\/5893"}],"wp:attachment":[{"href":"https:\/\/wristbandfactory.eu\/et\/wp-json\/wp\/v2\/media?parent=5704"}],"wp:term":[{"taxonomy":"product_brand","embeddable":true,"href":"https:\/\/wristbandfactory.eu\/et\/wp-json\/wp\/v2\/product_brand?post=5704"},{"taxonomy":"product_cat","embeddable":true,"href":"https:\/\/wristbandfactory.eu\/et\/wp-json\/wp\/v2\/product_cat?post=5704"},{"taxonomy":"product_tag","embeddable":true,"href":"https:\/\/wristbandfactory.eu\/et\/wp-json\/wp\/v2\/product_tag?post=5704"}],"curies":[{"name":"t\u00f6\u00f6leht","href":"https:\/\/api.w.org\/{rel}","templated":true}]}}