{"id":5694,"date":"2025-12-10T13:02:37","date_gmt":"2025-12-10T10:02:37","guid":{"rendered":"https:\/\/wristbandfactory.eu\/?post_type=product&#038;p=5694"},"modified":"2025-12-12T13:05:58","modified_gmt":"2025-12-12T10:05:58","slug":"custom-tubular-lanyards-soft-shoelace-style","status":"publish","type":"product","link":"https:\/\/wristbandfactory.eu\/et\/p\/custom-tubular-lanyards-soft-shoelace-style\/","title":{"rendered":"Torukujulised kaelapaelad \u2013 Pehme pael-stiil"},"content":{"rendered":"<p data-path-to-node=\"12\">Saage parim tasakaal mugavuse ja v\u00e4\u00e4rtuse vahel meie abil <b>Eridisainiga torukujulised kaelapaelad<\/b>. Neid nimetatakse sageli &quot;kingapaelte kaelapaeladeks&quot; ja need on valmistatud torukujuliselt \u00f5mmeldud pol\u00fcestrist, luues kahekordse kangakihi, mis on seestpoolt \u00f5\u00f5nes.<\/p>\n<p data-path-to-node=\"13\"><b>Miks valida Tubular?<\/b><\/p>\n<ol start=\"1\" data-path-to-node=\"14\">\n<li>\n<p data-path-to-node=\"14,0,0\"><b>Mugavus:<\/b> Kuna \u00f5mmeldud servi pole, on need saadaolevatest k\u00f5ige pehmemad kaelapaelad, mis sobib ideaalselt vabatahtlikele v\u00f5i t\u00f6\u00f6tajatele, kes kannavad neid 8+ tundi.<\/p>\n<\/li>\n<li>\n<p data-path-to-node=\"14,1,0\"><b>Hind:<\/b> See on meie k\u00f5ige \u00f6konoomsem eridisainiga kaelapaela variant, mis teeb sellest t\u00f6\u00f6stusstandardi suurtel messidel, festivalidel ja koolides.<\/p>\n<\/li>\n<\/ol>\n<p data-path-to-node=\"15\"><b>M\u00e4rkuste printimine<\/b> Torukujuline pind loob tekstuurse tausta. Soovitame. <b>Siiditr\u00fckk<\/b> rasvase teksti ja lihtsate logode (1-2 v\u00e4rvi) jaoks, et tagada k\u00f5ige selgemad tulemused.<\/p>\n<p data-path-to-node=\"16\"><b>Soovitatavad kasutusjuhud:<\/b><\/p>\n<ul data-path-to-node=\"17\">\n<li>\n<p data-path-to-node=\"17,0,0\"><b>Koolid ja \u00fclikoolid:<\/b> Vastupidavad ja odavad ID-hoidjad \u00f5pilastele.<\/p>\n<\/li>\n<li>\n<p data-path-to-node=\"17,1,0\"><b>Suured konverentsid:<\/b> Kulut\u00f5hus br\u00e4nding tuhandetele osalejatele.<\/p>\n<\/li>\n<li>\n<p data-path-to-node=\"17,2,0\"><b>Spordi\u00fcritused:<\/b> Sportlik \u201ckingapaeltega\u201d v\u00e4limus sobib ideaalselt sportlike teemadega.<\/p>\n<\/li>\n<\/ul>\n<p data-path-to-node=\"18\"><b>Peamised omadused:<\/b><\/p>\n<ul data-path-to-node=\"19\">\n<li>\n<p data-path-to-node=\"19,0,0\"><b>Materjal:<\/b> Torukujuline kootud pol\u00fcester.<\/p>\n<\/li>\n<li>\n<p data-path-to-node=\"19,1,0\"><b>Laius:<\/b> Standardlaiused 10 mm, 12 mm v\u00f5i 15 mm (laiused on toru kuju t\u00f5ttu ligikaudsed).<\/p>\n<\/li>\n<li>\n<p data-path-to-node=\"19,2,0\"><b>Prindi:<\/b> Siiditr\u00fckk br\u00e4nding.<\/p>\n<\/li>\n<li>\n<p data-path-to-node=\"19,3,0\"><b>Manused:<\/b> \u00dchildub k\u00f5igi standardsete konksude, klambrite ja turvapiduritega.<\/p>\n<\/li>\n<\/ul>","protected":false},"excerpt":{"rendered":"<ul>\n<li>\n<p data-path-to-node=\"10,0,0\"><b>Toru konstruktsioon:<\/b> Kootud \u00f5\u00f5nsaks, torukujuliseks kujuks (sarnaselt kingapaelaga), v\u00e4ltides teravaid servi maksimaalse mugavuse tagamiseks.<\/p>\n<\/li>\n<li>\n<p data-path-to-node=\"10,1,0\"><b>Eelarves\u00f5bralik:<\/b> tavaliselt k\u00f5ige kulut\u00f5husam lahendus suuremahuliste \u00fcrituste ja personali jaoks.<\/p>\n<\/li>\n<li>\n<p data-path-to-node=\"10,2,0\"><b>Suure kontrastsusega printimine:<\/b> Ideaalne julge siiditr\u00fcki teksti ja logode jaoks, mis peavad v\u00e4rvilisel taustal silma paistma.<\/p>\n<\/li>\n<li>\n<p data-path-to-node=\"10,3,0\"><b>Pehme ja paindlik:<\/b> L\u00f5dvalt kootud pol\u00fcester pakub j\u00e4ikade lamedate kaelapaeltega v\u00f5rreldes l\u00f5dvestunud ja vaba langevust.<\/p>\n<\/li>\n<\/ul>","protected":false},"featured_media":5898,"comment_status":"closed","ping_status":"closed","template":"","meta":[],"product_brand":[],"product_cat":[104],"product_tag":[],"class_list":{"0":"post-5694","1":"product","2":"type-product","3":"status-publish","4":"has-post-thumbnail","6":"product_cat-custom-printed-lanyards","8":"first","9":"instock","10":"shipping-taxable","11":"product-type-simple"},"_links":{"self":[{"href":"https:\/\/wristbandfactory.eu\/et\/wp-json\/wp\/v2\/product\/5694","targetHints":{"allow":["GET"]}}],"collection":[{"href":"https:\/\/wristbandfactory.eu\/et\/wp-json\/wp\/v2\/product"}],"about":[{"href":"https:\/\/wristbandfactory.eu\/et\/wp-json\/wp\/v2\/types\/product"}],"replies":[{"embeddable":true,"href":"https:\/\/wristbandfactory.eu\/et\/wp-json\/wp\/v2\/comments?post=5694"}],"wp:featuredmedia":[{"embeddable":true,"href":"https:\/\/wristbandfactory.eu\/et\/wp-json\/wp\/v2\/media\/5898"}],"wp:attachment":[{"href":"https:\/\/wristbandfactory.eu\/et\/wp-json\/wp\/v2\/media?parent=5694"}],"wp:term":[{"taxonomy":"product_brand","embeddable":true,"href":"https:\/\/wristbandfactory.eu\/et\/wp-json\/wp\/v2\/product_brand?post=5694"},{"taxonomy":"product_cat","embeddable":true,"href":"https:\/\/wristbandfactory.eu\/et\/wp-json\/wp\/v2\/product_cat?post=5694"},{"taxonomy":"product_tag","embeddable":true,"href":"https:\/\/wristbandfactory.eu\/et\/wp-json\/wp\/v2\/product_tag?post=5694"}],"curies":[{"name":"t\u00f6\u00f6leht","href":"https:\/\/api.w.org\/{rel}","templated":true}]}}