{"id":5689,"date":"2025-12-10T12:53:36","date_gmt":"2025-12-10T09:53:36","guid":{"rendered":"https:\/\/wristbandfactory.eu\/?post_type=product&#038;p=5689"},"modified":"2025-12-12T13:09:15","modified_gmt":"2025-12-12T10:09:15","slug":"custom-jacquard-woven-lanyards-embroidered-logo","status":"publish","type":"product","link":"https:\/\/wristbandfactory.eu\/et\/p\/custom-jacquard-woven-lanyards-embroidered-logo\/","title":{"rendered":"Eridisainiga \u017eakaarkangast kootud kaelapaelad \u2013 tikitud logoga"},"content":{"rendered":"<p data-path-to-node=\"11\">T\u00e4iustage oma ettev\u00f5tte identiteeti meie abil <b>Eridisainiga \u017eakaarmustriga kootud kaelapaelad<\/b>. Kuigi tr\u00fckitud kaelapaelad sobivad suurep\u00e4raselt l\u00fchikesteks \u00fcritusteks, on kootud kaelapaelad loodud kestma aastaid, mist\u00f5ttu on need parim valik t\u00f6\u00f6tajate ID-kaartide ja turvapasside jaoks.<\/p>\n<p data-path-to-node=\"12\"><b>\u017dakaari erinevus<\/b> Traditsioonilise kudumisprotsessi abil kudume teie logo v\u00e4rvitud niitide abil otse kangasse. See loob kujunduse, mis on osa materjalist endast. Nagu n\u00e4ha n\u00e4ites \u201cCrete Carrier\u201d, annab see professionaalse viimistluse, kus logo on n\u00e4htav m\u00f5lemalt poolt (tagak\u00fcljel on v\u00e4rvid vastupidised).<\/p>\n<p data-path-to-node=\"13\"><b>Miks valida kootud?<\/b><\/p>\n<ul data-path-to-node=\"14\">\n<li>\n<p data-path-to-node=\"14,0,0\"><b>Vastupidavus:<\/b> Disain on p\u00fcsiv ning talub pesemist ja h\u00f5\u00f5rdumist.<\/p>\n<\/li>\n<li>\n<p data-path-to-node=\"14,1,0\"><b>Prestii\u017e:<\/b> Tekstuurne, tikitud v\u00e4limus annab edasi k\u00f5rgemat tajutavat v\u00e4\u00e4rtust kui lameda tr\u00fckiga.<\/p>\n<\/li>\n<\/ul>\n<p data-path-to-node=\"15\"><b>Soovitatavad kasutusjuhud:<\/b><\/p>\n<ul data-path-to-node=\"16\">\n<li>\n<p data-path-to-node=\"16,0,0\"><b>T\u00f6\u00f6taja ID:<\/b> Igap\u00e4evaseks kandmiseks kontorites ja haiglates.<\/p>\n<\/li>\n<li>\n<p data-path-to-node=\"16,1,0\"><b>\u00dclikoolid:<\/b> Vastupidavad \u00f5pilaspiletid, mis kestavad terve \u00f5ppeaasta.<\/p>\n<\/li>\n<li>\n<p data-path-to-node=\"16,2,0\"><b>Premium-kaup:<\/b> Kvaliteetne f\u00e4nnivarustus (nt Yas Marina Circuit).<\/p>\n<\/li>\n<\/ul>\n<p data-path-to-node=\"17\"><b>Peamised omadused:<\/b><\/p>\n<ul data-path-to-node=\"18\">\n<li>\n<p data-path-to-node=\"18,0,0\"><b>Materjal:<\/b> K\u00f5rge tugevusega kootud pol\u00fcester.<\/p>\n<\/li>\n<li>\n<p data-path-to-node=\"18,1,0\"><b>Kudumise stiil:<\/b> \u017dakaar (selguse tagamiseks soovitatav maksimaalselt 2-3 v\u00e4rvi).<\/p>\n<\/li>\n<li>\n<p data-path-to-node=\"18,2,0\"><b>Manused:<\/b> Metallist p\u00f6\u00f6rdkonksud, l\u00f5hestatud r\u00f5ngad v\u00f5i plastpandlad.<\/p>\n<\/li>\n<li>\n<p data-path-to-node=\"18,3,0\"><b>Laius:<\/b> Standardne 15 mm, 20 mm v\u00f5i 25 mm.<\/p>\n<\/li>\n<\/ul>","protected":false},"excerpt":{"rendered":"<ul>\n<li>\n<p data-path-to-node=\"9,0,0\"><b>Kootud br\u00e4nding:<\/b> Logo on rihma k\u00fclge \u00f5mmeldud, mitte peale tr\u00fckitud, tagades, et see ei kooru ega tuhmu.<\/p>\n<\/li>\n<li>\n<p data-path-to-node=\"9,1,0\"><b>Premium-tekstuur:<\/b> Pakub kvaliteetset tikitud tunnet, mis on paksem ja vastupidavam kui tavalised pol\u00fcesterkaelapaelad.<\/p>\n<\/li>\n<li>\n<p data-path-to-node=\"9,2,0\"><b>Tagak\u00fclg:<\/b> Kujundus on tagak\u00fcljel vastupidistes v\u00e4rvides, mis kinnitab autentset kootud konstruktsiooni.<\/p>\n<\/li>\n<li>\n<p data-path-to-node=\"9,3,0\"><b>Raskeveokite:<\/b> Ideaalne pikaajaliseks kasutamiseks t\u00f6\u00f6tajatele, turvat\u00f6\u00f6tajatele v\u00f5i \u00fcli\u00f5pilastele.<\/p>\n<\/li>\n<\/ul>","protected":false},"featured_media":5903,"comment_status":"closed","ping_status":"closed","template":"","meta":[],"product_brand":[],"product_cat":[104],"product_tag":[],"class_list":{"0":"post-5689","1":"product","2":"type-product","3":"status-publish","4":"has-post-thumbnail","6":"product_cat-custom-printed-lanyards","8":"first","9":"instock","10":"shipping-taxable","11":"product-type-simple"},"_links":{"self":[{"href":"https:\/\/wristbandfactory.eu\/et\/wp-json\/wp\/v2\/product\/5689","targetHints":{"allow":["GET"]}}],"collection":[{"href":"https:\/\/wristbandfactory.eu\/et\/wp-json\/wp\/v2\/product"}],"about":[{"href":"https:\/\/wristbandfactory.eu\/et\/wp-json\/wp\/v2\/types\/product"}],"replies":[{"embeddable":true,"href":"https:\/\/wristbandfactory.eu\/et\/wp-json\/wp\/v2\/comments?post=5689"}],"wp:featuredmedia":[{"embeddable":true,"href":"https:\/\/wristbandfactory.eu\/et\/wp-json\/wp\/v2\/media\/5903"}],"wp:attachment":[{"href":"https:\/\/wristbandfactory.eu\/et\/wp-json\/wp\/v2\/media?parent=5689"}],"wp:term":[{"taxonomy":"product_brand","embeddable":true,"href":"https:\/\/wristbandfactory.eu\/et\/wp-json\/wp\/v2\/product_brand?post=5689"},{"taxonomy":"product_cat","embeddable":true,"href":"https:\/\/wristbandfactory.eu\/et\/wp-json\/wp\/v2\/product_cat?post=5689"},{"taxonomy":"product_tag","embeddable":true,"href":"https:\/\/wristbandfactory.eu\/et\/wp-json\/wp\/v2\/product_tag?post=5689"}],"curies":[{"name":"t\u00f6\u00f6leht","href":"https:\/\/api.w.org\/{rel}","templated":true}]}}