{"id":5686,"date":"2025-12-10T12:49:01","date_gmt":"2025-12-10T09:49:01","guid":{"rendered":"https:\/\/wristbandfactory.eu\/?post_type=product&#038;p=5686"},"modified":"2025-12-12T13:14:03","modified_gmt":"2025-12-12T10:14:03","slug":"glow-in-the-dark-lanyards-night-event-branding","status":"publish","type":"product","link":"https:\/\/wristbandfactory.eu\/et\/p\/glow-in-the-dark-lanyards-night-event-branding\/","title":{"rendered":"Pimedas helendavad kaelapaelad \u2013 Fosforestseeruv tr\u00fckk"},"content":{"rendered":"<p data-path-to-node=\"12\">Valgustage oma j\u00e4rgmist \u00fcritust meiega <b>Eridisainiga pimedas helendavad kaelapaelad<\/b>. T\u00e4iustatud fosforestseeriva siiditr\u00fckiv\u00e4rvi abil pakuvad need kaelapaelad ainulaadset interaktiivset elementi, millele tavalised tr\u00fckitud kaelapaelad ei vastandu.<\/p>\n<p data-path-to-node=\"13\"><b>Kuidas see toimib<\/b> Spetsiaalne tint sisaldab fosforeid, mis neelavad energiat \u00fcmbritsevatest valgusallikatest (p\u00e4ikesevalgusest v\u00f5i tehisvalgusest). Pimedas olles vabaneb see salvestatud energia pehme rohelise kuma kujul. See teeb need uskumatult populaarseks <b>\u00f6ised s\u00fcndmused<\/b> kus n\u00e4htavus ja atmosf\u00e4\u00e4r on v\u00f5tmet\u00e4htsusega.<\/p>\n<p data-path-to-node=\"14\"><b>Eristamine<\/b> Erinevalt erksav\u00e4rvilistest neoon- v\u00f5i fluorestseeruvatest kaelapaeltest tekitavad need kaelapaelad pimeduses tegelikult oma valgust.<\/p>\n<p data-path-to-node=\"15\"><b>Soovitatavad kasutusjuhud:<\/b><\/p>\n<ul data-path-to-node=\"16\">\n<li>\n<p data-path-to-node=\"16,0,0\"><b>\u00d6\u00f6elu ja klubid:<\/b> VIP-passid, mis tantsup\u00f5randal silma paistavad.<\/p>\n<\/li>\n<li>\n<p data-path-to-node=\"16,1,0\"><b>\u00d5htused spordialad:<\/b> \u201cKesk\u00f6\u00f6jooksud\u201d ehk heategevuslikud jalutusk\u00e4igud, kus n\u00e4htavus on osa l\u00f5bust.<\/p>\n<\/li>\n<li>\n<p data-path-to-node=\"16,2,0\"><b>Ohutus ja turvalisus:<\/b> Aitab tuvastada t\u00f6\u00f6tajaid h\u00e4maras lavatagustes piirkondades.<\/p>\n<\/li>\n<\/ul>\n<p data-path-to-node=\"17\"><b>Peamised omadused:<\/b><\/p>\n<ul data-path-to-node=\"18\">\n<li>\n<p data-path-to-node=\"18,0,0\"><b>Alusmaterjal:<\/b> Pol\u00fcester (kontrastsuse saavutamiseks on soovitatav must).<\/p>\n<\/li>\n<li>\n<p data-path-to-node=\"18,1,0\"><b>Prindi:<\/b> P\u00e4eval valkjas \/ \u00f6\u00f6sel rohekas kuma.<\/p>\n<\/li>\n<li>\n<p data-path-to-node=\"18,2,0\"><b>Aktiveerimine:<\/b> Laeb l\u00f5putult valgusega.<\/p>\n<\/li>\n<li>\n<p data-path-to-node=\"18,3,0\"><b>Manused:<\/b> \u00dchildub k\u00f5igi standardsete konksude ja klambritega.<\/p>\n<\/li>\n<\/ul>","protected":false},"excerpt":{"rendered":"<ul data-path-to-node=\"10\">\n<li>\n<p data-path-to-node=\"10,0,0\"><b>Fosforestseeruv efekt:<\/b> Spetsiaalne tint neelab p\u00e4eva jooksul valgust ja kiirgab pimedas rohelist kuma.<\/p>\n<\/li>\n<li>\n<p data-path-to-node=\"10,1,0\"><b>K\u00f5rge kontrastsus:<\/b> Parimad tulemused saavutatakse musta pol\u00fcesterrihmaga, mis paneb helendava teksti eredalt esile t\u00f5usma.<\/p>\n<\/li>\n<li>\n<p data-path-to-node=\"10,2,0\"><b>Kahekordne n\u00e4htavus:<\/b> P\u00e4evavalguses n\u00e4eb v\u00e4lja nagu tavaline valge\/kollane prinditud pilt, kuid muutub automaatselt, kui tuled kustuvad.<\/p>\n<\/li>\n<li>\n<p data-path-to-node=\"10,3,0\"><b>\u00dcrituseks valmis:<\/b> \u00d6\u00f6klubide, \u00f5htuste festivalide ja \u201chelendavate jooksude\u201d spordi\u00fcrituste m\u00fc\u00fcgihitt.<\/p>\n<\/li>\n<\/ul>","protected":false},"featured_media":5906,"comment_status":"closed","ping_status":"closed","template":"","meta":[],"product_brand":[],"product_cat":[104,76],"product_tag":[],"class_list":{"0":"post-5686","1":"product","2":"type-product","3":"status-publish","4":"has-post-thumbnail","6":"product_cat-custom-printed-lanyards","7":"product_cat-glow-led-products","9":"first","10":"instock","11":"shipping-taxable","12":"product-type-simple"},"_links":{"self":[{"href":"https:\/\/wristbandfactory.eu\/et\/wp-json\/wp\/v2\/product\/5686","targetHints":{"allow":["GET"]}}],"collection":[{"href":"https:\/\/wristbandfactory.eu\/et\/wp-json\/wp\/v2\/product"}],"about":[{"href":"https:\/\/wristbandfactory.eu\/et\/wp-json\/wp\/v2\/types\/product"}],"replies":[{"embeddable":true,"href":"https:\/\/wristbandfactory.eu\/et\/wp-json\/wp\/v2\/comments?post=5686"}],"wp:featuredmedia":[{"embeddable":true,"href":"https:\/\/wristbandfactory.eu\/et\/wp-json\/wp\/v2\/media\/5906"}],"wp:attachment":[{"href":"https:\/\/wristbandfactory.eu\/et\/wp-json\/wp\/v2\/media?parent=5686"}],"wp:term":[{"taxonomy":"product_brand","embeddable":true,"href":"https:\/\/wristbandfactory.eu\/et\/wp-json\/wp\/v2\/product_brand?post=5686"},{"taxonomy":"product_cat","embeddable":true,"href":"https:\/\/wristbandfactory.eu\/et\/wp-json\/wp\/v2\/product_cat?post=5686"},{"taxonomy":"product_tag","embeddable":true,"href":"https:\/\/wristbandfactory.eu\/et\/wp-json\/wp\/v2\/product_tag?post=5686"}],"curies":[{"name":"t\u00f6\u00f6leht","href":"https:\/\/api.w.org\/{rel}","templated":true}]}}