{"id":5680,"date":"2025-12-10T12:42:42","date_gmt":"2025-12-10T09:42:42","guid":{"rendered":"https:\/\/wristbandfactory.eu\/?post_type=product&#038;p=5680"},"modified":"2025-12-12T13:27:25","modified_gmt":"2025-12-12T10:27:25","slug":"custom-puff-print-lanyards-raised-foam-texture","status":"publish","type":"product","link":"https:\/\/wristbandfactory.eu\/et\/p\/custom-puff-print-lanyards-raised-foam-texture\/","title":{"rendered":"Puff-tr\u00fckiga kaelapaelad \u2013 Reljeefne vahutr\u00fckk"},"content":{"rendered":"<p data-path-to-node=\"11\">Lisa oma br\u00e4ndingule uus dimensioon meie abil <b>Eridisainiga Puff Print kaelapaelad<\/b>. Spetsiaalse vahutava tindiprotsessi abil loome logosid, mis s\u00f5na otseses m\u00f5ttes kangast v\u00e4lja t\u00f5usevad, pakkudes esmaklassilist v\u00e4limust ja ainulaadset kombatavat tunnet.<\/p>\n<p data-path-to-node=\"12\"><b>Miks valida puudri-\/vahttr\u00fckk?<\/b> Erinevalt tavalisest lamedast siiditr\u00fckist loob Puff Print pehme, \u00fcmara 3D-reljeefi. See on suurep\u00e4rane kompromiss tavalise tr\u00fcki ja kallite silikoonvormide vahel. Tekstuur kutsub puudutama ja p\u00fc\u00fcab valgust, andes teie logole silmapaistva efekti, mida on raske eirata.<\/p>\n<p data-path-to-node=\"13\"><b>Ideaalne julgetele kaubam\u00e4rkidele<\/b> Nagu v\u00f5idus\u00f5idun\u00e4idiste (GASGAS) puhul n\u00e4ha, toimib see tehnika k\u00f5ige paremini rasvaste fontide ja plokklogodega. See annab edasi energiat ja tegevust, mist\u00f5ttu sobib see ideaalselt spordikaupadele, m\u00e4ngu\u00fcritustele ja aktiivse eluviisi br\u00e4ndidele.<\/p>\n<p data-path-to-node=\"14\"><b>Peamised omadused:<\/b><\/p>\n<ul data-path-to-node=\"15\">\n<li>\n<p data-path-to-node=\"15,0,0\"><b>Prindi stiil:<\/b> Reljeefne \u201cpuhv\u201d \/ vahtplastist siiditr\u00fckk.<\/p>\n<\/li>\n<li>\n<p data-path-to-node=\"15,1,0\"><b>Tekstuur:<\/b> Pehme, kummine tunne \u00fcmarate servadega.<\/p>\n<\/li>\n<li>\n<p data-path-to-node=\"15,2,0\"><b>Materjal:<\/b> Lame pol\u00fcester (laiusega 15 mm, 20 mm v\u00f5i 25 mm).<\/p>\n<\/li>\n<li>\n<p data-path-to-node=\"15,3,0\"><b>Vastupidavus:<\/b> Vahttint paindub koos kangaga, hoides \u00e4ra pragunemise.<\/p>\n<\/li>\n<\/ul>","protected":false},"excerpt":{"rendered":"<ul>\n<li>\n<p data-path-to-node=\"9,0,0\"><b>Taktiilne tekstuur:<\/b> Spetsiaalne \u201cpahvaku\u201d tint paisub kuivamise ajal, luues reljeefse, vahutaolise 3D-efekti.<\/p>\n<\/li>\n<li>\n<p data-path-to-node=\"9,1,0\"><b>Paksukirjas n\u00e4htavus:<\/b> T\u00f5stetud profiil lisab logodele s\u00fcgavust ja kontrasti, muutes need lamedatest tr\u00fckistest silmapaistvamaks.<\/p>\n<\/li>\n<li>\n<p data-path-to-node=\"9,2,0\"><b>Sportlik esteetika:<\/b> D\u00fcnaamilise v\u00e4limuse t\u00f5ttu populaarne valik v\u00f5idus\u00f5idumeeskondade, energiajookide ja t\u00e4navariiete br\u00e4ndide seas.<\/p>\n<\/li>\n<li>\n<p data-path-to-node=\"9,3,0\"><b>Vastupidav alus:<\/b> Tr\u00fckitud kvaliteetsele lamedale pol\u00fcesterrihmale maksimaalse haarduvuse ja pikaealisuse tagamiseks.<\/p>\n<\/li>\n<\/ul>","protected":false},"featured_media":5908,"comment_status":"closed","ping_status":"closed","template":"","meta":[],"product_brand":[],"product_cat":[104],"product_tag":[],"class_list":{"0":"post-5680","1":"product","2":"type-product","3":"status-publish","4":"has-post-thumbnail","6":"product_cat-custom-printed-lanyards","8":"first","9":"instock","10":"shipping-taxable","11":"product-type-simple"},"_links":{"self":[{"href":"https:\/\/wristbandfactory.eu\/et\/wp-json\/wp\/v2\/product\/5680","targetHints":{"allow":["GET"]}}],"collection":[{"href":"https:\/\/wristbandfactory.eu\/et\/wp-json\/wp\/v2\/product"}],"about":[{"href":"https:\/\/wristbandfactory.eu\/et\/wp-json\/wp\/v2\/types\/product"}],"replies":[{"embeddable":true,"href":"https:\/\/wristbandfactory.eu\/et\/wp-json\/wp\/v2\/comments?post=5680"}],"wp:featuredmedia":[{"embeddable":true,"href":"https:\/\/wristbandfactory.eu\/et\/wp-json\/wp\/v2\/media\/5908"}],"wp:attachment":[{"href":"https:\/\/wristbandfactory.eu\/et\/wp-json\/wp\/v2\/media?parent=5680"}],"wp:term":[{"taxonomy":"product_brand","embeddable":true,"href":"https:\/\/wristbandfactory.eu\/et\/wp-json\/wp\/v2\/product_brand?post=5680"},{"taxonomy":"product_cat","embeddable":true,"href":"https:\/\/wristbandfactory.eu\/et\/wp-json\/wp\/v2\/product_cat?post=5680"},{"taxonomy":"product_tag","embeddable":true,"href":"https:\/\/wristbandfactory.eu\/et\/wp-json\/wp\/v2\/product_tag?post=5680"}],"curies":[{"name":"t\u00f6\u00f6leht","href":"https:\/\/api.w.org\/{rel}","templated":true}]}}