{"id":5671,"date":"2025-12-10T12:33:03","date_gmt":"2025-12-10T09:33:03","guid":{"rendered":"https:\/\/wristbandfactory.eu\/?post_type=product&#038;p=5671"},"modified":"2025-12-16T16:05:14","modified_gmt":"2025-12-16T13:05:14","slug":"custom-canvas-webbing-belts-metal-plastic-buckles","status":"publish","type":"product","link":"https:\/\/wristbandfactory.eu\/et\/p\/custom-canvas-webbing-belts-metal-plastic-buckles\/","title":{"rendered":"Tekstiilv\u00f6\u00f6d logoga \u2013 Metallist v\u00f5i plastikust pannal"},"content":{"rendered":"<p data-path-to-node=\"12\">Laiendage oma kaubam\u00e4rgiga r\u00f5ivaste valikut meie toodetega <b>Eridisainiga l\u00f5uendist v\u00f6\u00f6d<\/b>. Olgu tegemist t\u00f6\u00f6r\u00f5ivaste vormiriietuse v\u00f5i trendika t\u00e4navariietusega, need v\u00f6\u00f6d pakuvad praktilist ja h\u00e4sti n\u00e4htavat br\u00e4ndinguv\u00f5imalust.<\/p>\n<p data-path-to-node=\"13\"><b>Kaks pandla stiili, mis sobivad teie br\u00e4ndiga:<\/b><\/p>\n<ol start=\"1\" data-path-to-node=\"14\">\n<li>\n<p data-path-to-node=\"14,0,0\"><b>T\u00f6\u00f6riiete standard (metall):<\/b> Nagu meie Milwaukee n\u00e4ites n\u00e4ha, pakub metallist klapppandlaga esmaklassilist tunnet. Saame teie logo otse metalli sisse reljeefselt pressida ja selle emailv\u00e4rviga t\u00e4ita, et saavutada vastupidav ja professionaalne viimistlus.<\/p>\n<\/li>\n<li>\n<p data-path-to-node=\"14,1,0\"><b>\u201cT\u00e4nava\u201d standard (plastik):<\/b> Kergema ja vabama esteetika saavutamiseks vali vastupidav plastmassist klamberpandlaga. See on vastupidav, korrosioonikindel ja sobib ideaalselt aktiivseks kasutamiseks.<\/p>\n<\/li>\n<\/ol>\n<p data-path-to-node=\"15\"><b>Miks valida eridisainiga v\u00f6\u00f6d?<\/b> V\u00f6\u00f6d on sageli meeldej\u00e4\u00e4vad esemed \u2013 saajad kannavad neid iga p\u00e4ev. Need on sisuliselt teie br\u00e4ndi \u201cliikuvad reklaamtahvlid\u201d, mis on eriti t\u00f5husad ehitusettev\u00f5tete, rula-\/surfibr\u00e4ndide ja vormiriietuse tarnijate jaoks.<\/p>\n<p data-path-to-node=\"16\"><b>Peamised omadused:<\/b><\/p>\n<ul data-path-to-node=\"17\">\n<li>\n<p data-path-to-node=\"17,0,0\"><b>Rihma laius:<\/b> Standardlaius 30 mm v\u00f5i 38 mm.<\/p>\n<\/li>\n<li>\n<p data-path-to-node=\"17,1,0\"><b>Pandla mehhanism:<\/b> Usaldusv\u00e4\u00e4rne hammastega kinnituss\u00fcsteem hoiab \u00e4ra libisemise.<\/p>\n<\/li>\n<li>\n<p data-path-to-node=\"17,2,0\"><b>Kohandamine:<\/b> Logo pandlal (reljeefne\/tr\u00fckitud) + kootud sildi valikud.<\/p>\n<\/li>\n<li>\n<p data-path-to-node=\"17,3,0\"><b>Pakend:<\/b> Jaem\u00fc\u00fcgiks saadaval individuaalne pol\u00fckotipakend<\/p>\n<\/li>\n<\/ul>","protected":false},"excerpt":{"rendered":"<ul>\n<li>\n<p data-path-to-node=\"10,0,0\"><b>Tugev rihm:<\/b> Valmistatud paksust ja vastupidavast pol\u00fcester- v\u00f5i puuvillakangast, mis on loodud taluma igap\u00e4evast kulumist.<\/p>\n<\/li>\n<li>\n<p data-path-to-node=\"10,1,0\"><b>Metallist pandla valik:<\/b> Klassikaline \u201cflip-top\u201d militaarstiilis metallpannal, mis sobib ideaalselt reljeefsete logode (nt Milwaukee) ja firmakingituste jaoks.<\/p>\n<\/li>\n<li>\n<p data-path-to-node=\"10,2,0\"><b>Plastpandla valik:<\/b> Tugev ja kerge must plastpannal (YKK-stiilis) moodsa ilme v\u00f5i turvalisust n\u00f5udvate keskkondade jaoks.<\/p>\n<\/li>\n<li>\n<p data-path-to-node=\"10,3,0\"><b>T\u00e4ielikult reguleeritav:<\/b> Pikkusesse l\u00f5igatud disain v\u00f5imaldab v\u00f6\u00f6l kergesti sobida igale v\u00f6\u00f6\u00fcmberm\u00f5\u00f5dule.<\/p>\n<\/li>\n<\/ul>","protected":false},"featured_media":5914,"comment_status":"closed","ping_status":"closed","template":"","meta":[],"product_brand":[],"product_cat":[127],"product_tag":[],"class_list":{"0":"post-5671","1":"product","2":"type-product","3":"status-publish","4":"has-post-thumbnail","6":"product_cat-custom-straps-belts","8":"first","9":"instock","10":"shipping-taxable","11":"product-type-simple"},"_links":{"self":[{"href":"https:\/\/wristbandfactory.eu\/et\/wp-json\/wp\/v2\/product\/5671","targetHints":{"allow":["GET"]}}],"collection":[{"href":"https:\/\/wristbandfactory.eu\/et\/wp-json\/wp\/v2\/product"}],"about":[{"href":"https:\/\/wristbandfactory.eu\/et\/wp-json\/wp\/v2\/types\/product"}],"replies":[{"embeddable":true,"href":"https:\/\/wristbandfactory.eu\/et\/wp-json\/wp\/v2\/comments?post=5671"}],"wp:featuredmedia":[{"embeddable":true,"href":"https:\/\/wristbandfactory.eu\/et\/wp-json\/wp\/v2\/media\/5914"}],"wp:attachment":[{"href":"https:\/\/wristbandfactory.eu\/et\/wp-json\/wp\/v2\/media?parent=5671"}],"wp:term":[{"taxonomy":"product_brand","embeddable":true,"href":"https:\/\/wristbandfactory.eu\/et\/wp-json\/wp\/v2\/product_brand?post=5671"},{"taxonomy":"product_cat","embeddable":true,"href":"https:\/\/wristbandfactory.eu\/et\/wp-json\/wp\/v2\/product_cat?post=5671"},{"taxonomy":"product_tag","embeddable":true,"href":"https:\/\/wristbandfactory.eu\/et\/wp-json\/wp\/v2\/product_tag?post=5671"}],"curies":[{"name":"t\u00f6\u00f6leht","href":"https:\/\/api.w.org\/{rel}","templated":true}]}}