{"id":5654,"date":"2025-12-10T12:17:37","date_gmt":"2025-12-10T09:17:37","guid":{"rendered":"https:\/\/wristbandfactory.eu\/?post_type=product&#038;p=5654"},"modified":"2026-01-12T00:02:22","modified_gmt":"2026-01-11T21:02:22","slug":"custom-printed-round-cord-lanyards-direct-text-branding","status":"publish","type":"product","link":"https:\/\/wristbandfactory.eu\/et\/p\/custom-printed-round-cord-lanyards-direct-text-branding\/","title":{"rendered":"Tr\u00fckiga \u00fcmmargused kaelapaelad \u2013 Tekst paelal"},"content":{"rendered":"<p data-path-to-node=\"12\">Paista rahvahulgast silma meie <b>Eridisainiga tr\u00fckitud \u00fcmmargused paelast kaelapaelad<\/b>. Erinevalt traditsioonilistest paelkaelapaeladest, millel on br\u00e4ndinguks eraldi PVC-silt, on selle esmaklassilise valiku puhul teie tekst v\u00f5i logo tr\u00fckitud otse k\u00f6ie pinnale.<\/p>\n<p data-path-to-node=\"13\"><b>Minimalistlik ja moodne<\/b> See tehnika loob elegantse ja sportliku v\u00e4limuse, mis on populaarne tehnoloogiaettev\u00f5tete, v\u00e4libr\u00e4ndide ja koolide seas. \u00dcmar profiil (tavaliselt 5 mm v\u00f5i 8 mm) on mugav kanda terve p\u00e4eva ja ei keerdu nagu lamedad paelad.<\/p>\n<p data-path-to-node=\"14\"><b>Elastne vs staatiline<\/b> Saate valida j\u00e4rgmiste vahel:<\/p>\n<ol start=\"1\" data-path-to-node=\"15\">\n<li>\n<p data-path-to-node=\"15,0,0\"><b>Torukujuline pol\u00fcester:<\/b> Klassikaline, vastupidav ja venimatu variant, mis sobib ideaalselt ID-kaartide jaoks.<\/p>\n<\/li>\n<li>\n<p data-path-to-node=\"15,1,0\"><b>Elastne pael:<\/b> Veniv \u201cbenji-stiilis\u201d materjal, mis lisab ainulaadset kombatavust ja paindlikkust.<\/p>\n<\/li>\n<\/ol>\n<p data-path-to-node=\"16\"><b>Soovitatavad kasutusjuhud:<\/b><\/p>\n<ul data-path-to-node=\"17\">\n<li>\n<p data-path-to-node=\"17,0,0\"><b>Sport ja vaba aeg:<\/b> Vastupidav k\u00f6iestiil sobib ideaalselt spordi\u00fcritustega.<\/p>\n<\/li>\n<li>\n<p data-path-to-node=\"17,1,0\"><b>Koolid ja \u00fclikoolid:<\/b> Lihtsad ja vastupidavad ID-hoidjad \u00f5pilastele.<\/p>\n<\/li>\n<li>\n<p data-path-to-node=\"17,2,0\"><b>Tehniline nipsasjake:<\/b> Moodne alternatiiv tavalisele lamedale kaelapaelale.<\/p>\n<\/li>\n<\/ul>\n<p data-path-to-node=\"18\"><b>Peamised omadused:<\/b><\/p>\n<ul data-path-to-node=\"19\">\n<li>\n<p data-path-to-node=\"19,0,0\"><b>Tr\u00fckkimine:<\/b> Siiditr\u00fckk paela kumeruse \u00fcmber.<\/p>\n<\/li>\n<li>\n<p data-path-to-node=\"19,1,0\"><b>L\u00e4bim\u00f5\u00f5t:<\/b> Saadaval paksusega 5 mm, 8 mm v\u00f5i eritellimusel.<\/p>\n<\/li>\n<li>\n<p data-path-to-node=\"19,2,0\"><b>Reguleerijad:<\/b> Suuruse reguleerimiseks on saadaval plastmassist n\u00f6\u00f6pidega liugurid.<\/p>\n<\/li>\n<li>\n<p data-path-to-node=\"19,3,0\"><b>Manused:<\/b> Tugevad metallkonksud v\u00f5i \u00f5rnad paelaaasad.<\/p>\n<\/li>\n<\/ul>","protected":false},"excerpt":{"rendered":"<ul data-path-to-node=\"10\">\n<li>\n<p data-path-to-node=\"10,0,0\"><b>Otsene br\u00e4nding:<\/b> Teie logo v\u00f5i loosung tr\u00fckitakse siiditr\u00fckiga pidevalt m\u00f6\u00f6da \u00fcmarat paela, pakkudes 360-kraadist n\u00e4htavust.<\/p>\n<\/li>\n<li>\n<p data-path-to-node=\"10,1,0\"><b>Materjali valikud:<\/b> Saadaval tavalisest torukujulisest pol\u00fcestrist v\u00f5i lisafunktsionaalsuse tagamiseks venivast elastsest paelast.<\/p>\n<\/li>\n<li>\n<p data-path-to-node=\"10,2,0\"><b>Nutikad liugurid:<\/b> Sisaldab reguleeritavaid plastliugureid v\u00f5i &quot;nuppe&quot; pikkuse reguleerimiseks v\u00f5i juhtme korras hoidmiseks.<\/p>\n<\/li>\n<li>\n<p data-path-to-node=\"10,3,0\"><b>Mitmek\u00fclgsed klipid:<\/b> \u00dchildub metallkarabiinide, p\u00f6\u00f6rdkonksude v\u00f5i mobiiltelefoni aasadega.<\/p>\n<\/li>\n<\/ul>","protected":false},"featured_media":6805,"comment_status":"closed","ping_status":"closed","template":"","meta":[],"product_brand":[],"product_cat":[125,104,108],"product_tag":[],"class_list":{"0":"post-5654","1":"product","2":"type-product","3":"status-publish","4":"has-post-thumbnail","6":"product_cat-cord-lanyards","7":"product_cat-custom-printed-lanyards","8":"product_cat-multifunctional-lanyards","10":"first","11":"instock","12":"shipping-taxable","13":"product-type-simple"},"_links":{"self":[{"href":"https:\/\/wristbandfactory.eu\/et\/wp-json\/wp\/v2\/product\/5654","targetHints":{"allow":["GET"]}}],"collection":[{"href":"https:\/\/wristbandfactory.eu\/et\/wp-json\/wp\/v2\/product"}],"about":[{"href":"https:\/\/wristbandfactory.eu\/et\/wp-json\/wp\/v2\/types\/product"}],"replies":[{"embeddable":true,"href":"https:\/\/wristbandfactory.eu\/et\/wp-json\/wp\/v2\/comments?post=5654"}],"wp:featuredmedia":[{"embeddable":true,"href":"https:\/\/wristbandfactory.eu\/et\/wp-json\/wp\/v2\/media\/6805"}],"wp:attachment":[{"href":"https:\/\/wristbandfactory.eu\/et\/wp-json\/wp\/v2\/media?parent=5654"}],"wp:term":[{"taxonomy":"product_brand","embeddable":true,"href":"https:\/\/wristbandfactory.eu\/et\/wp-json\/wp\/v2\/product_brand?post=5654"},{"taxonomy":"product_cat","embeddable":true,"href":"https:\/\/wristbandfactory.eu\/et\/wp-json\/wp\/v2\/product_cat?post=5654"},{"taxonomy":"product_tag","embeddable":true,"href":"https:\/\/wristbandfactory.eu\/et\/wp-json\/wp\/v2\/product_tag?post=5654"}],"curies":[{"name":"t\u00f6\u00f6leht","href":"https:\/\/api.w.org\/{rel}","templated":true}]}}