{"id":5642,"date":"2025-12-10T11:59:44","date_gmt":"2025-12-10T08:59:44","guid":{"rendered":"https:\/\/wristbandfactory.eu\/?post_type=product&#038;p=5642"},"modified":"2026-01-05T00:37:38","modified_gmt":"2026-01-04T21:37:38","slug":"natural-cork-lanyards-with-bottle-opener-eco-metal","status":"publish","type":"product","link":"https:\/\/wristbandfactory.eu\/et\/p\/natural-cork-lanyards-with-bottle-opener-eco-metal\/","title":{"rendered":"Korgist kaelapaelad pudeliavajaga \u2013 Looduss\u00f5bralik"},"content":{"rendered":"<p data-path-to-node=\"13\">\u00dchendage j\u00e4tkusuutlikkus suure kasulikkusega, kasutades meie <b>Naturaalsest korgist kaelapaelad pudeliavajaga<\/b>. See toode \u00fchendab keskkonnateadliku br\u00e4ndingu ja praktilise \u00fcrituste kauba.<\/p>\n<p data-path-to-node=\"14\">Erinevalt tavalistest pol\u00fcesterkaelapaeladest on rihm valmistatud <b>p\u00e4ris kork<\/b>, andes sellele ainulaadse, orgaanilise v\u00e4limuse ja pehme tunde naha vastas. Selle mudeli esilet\u00f5stmiseks on <b>integreeritud metallist pudeliavaja<\/b>, muutes selle festivalidel ja pidudel osalejate jaoks v\u00e4ga ihaldusv\u00e4\u00e4rseks \u201choiuartikliks esemeks\u201d.<\/p>\n<p data-path-to-node=\"15\"><b>Miks valida Cork + avaja?<\/b> See saadab kahetise s\u00f5numi: teie br\u00e4nd hoolib keskkonnast (\u00f6ko) ja teab, kuidas m\u00f5nusalt aega veeta (sotsiaalne). Tugev metalldetail tagab toote vastupidavuse aastaid, hoides teie logo ringluses veel kaua p\u00e4rast \u00fcrituse l\u00f5ppu.<\/p>\n<p data-path-to-node=\"16\"><b>Soovitatavad kasutusjuhud:<\/b><\/p>\n<ul data-path-to-node=\"17\">\n<li>\n<p data-path-to-node=\"17,0,0\"><b>Toit ja jook S\u00fcndmused:<\/b> \u00d5llefestivalid, veinide degusteerimised ja suvelaadad.<\/p>\n<\/li>\n<li>\n<p data-path-to-node=\"17,1,0\"><b>Keskkonnas\u00f5bralikud kampaaniad:<\/b> Br\u00e4ndid, mis otsivad plastvabu alternatiive.<\/p>\n<\/li>\n<li>\n<p data-path-to-node=\"17,2,0\"><b>VIP-kingitused:<\/b> Funktsionaalne kingitus, mis pakub suuremat tajutavat v\u00e4\u00e4rtust kui tavaline kaelapael.<\/p>\n<\/li>\n<\/ul>\n<p data-path-to-node=\"18\"><b>Peamised omadused:<\/b><\/p>\n<ul data-path-to-node=\"19\">\n<li>\n<p data-path-to-node=\"19,0,0\"><b>Materjal:<\/b> Ehtne naturaalne korkalus.<\/p>\n<\/li>\n<li>\n<p data-path-to-node=\"19,1,0\"><b>Lisatud:<\/b> Metallist pudeliavaja + p\u00f6\u00f6rlev konks (homaariklamber).<\/p>\n<\/li>\n<li>\n<p data-path-to-node=\"19,2,0\"><b>Kohandamine:<\/b> Saadaval siiditr\u00fcki v\u00f5i lasergraveeringuga korgile.<\/p>\n<\/li>\n<li>\n<p data-path-to-node=\"19,3,0\"><b>Vastupidavus:<\/b> Tugevdatud metallist pressitud osad igap\u00e4evaseks kasutamiseks.<\/p>\n<\/li>\n<\/ul>","protected":false},"excerpt":{"rendered":"<ul data-path-to-node=\"11\">\n<li>\n<p data-path-to-node=\"11,0,0\"><b>Keskkonnas\u00f5bralik materjal:<\/b> Valmistatud naturaalsest ja j\u00e4tkusuutlikust korgist, millel on pehme ja esmaklassiline tekstuur.<\/p>\n<\/li>\n<li>\n<p data-path-to-node=\"11,1,0\"><b>Sisseehitatud t\u00f6\u00f6riist:<\/b> Rihma k\u00fclge on integreeritud vastupidav metallist pudeliavaja plaat.<\/p>\n<\/li>\n<li>\n<p data-path-to-node=\"11,2,0\"><b>Premium-klassi riistvara:<\/b> Viimistletud kvaliteetsete metallklambrite ja homaari k\u00fc\u00fcniskonksuga, mis v\u00e4listab odavad plastosad.<\/p>\n<\/li>\n<li>\n<p data-path-to-node=\"11,3,0\"><b>\u00dcrituseks valmis:<\/b> Ideaalne funktsionaalne aksessuaar \u00f5llefestivalidele, vaba\u00f5hu\u00fcritustele ja jookide turustamiseks.<\/p>\n<\/li>\n<\/ul>","protected":false},"featured_media":6557,"comment_status":"closed","ping_status":"closed","template":"","meta":[],"product_brand":[],"product_cat":[107,108,119],"product_tag":[],"class_list":{"0":"post-5642","1":"product","2":"type-product","3":"status-publish","4":"has-post-thumbnail","6":"product_cat-eco-friendly-lanyards","7":"product_cat-multifunctional-lanyards","8":"product_cat-drinkware-accessories","10":"first","11":"instock","12":"shipping-taxable","13":"product-type-simple"},"_links":{"self":[{"href":"https:\/\/wristbandfactory.eu\/et\/wp-json\/wp\/v2\/product\/5642","targetHints":{"allow":["GET"]}}],"collection":[{"href":"https:\/\/wristbandfactory.eu\/et\/wp-json\/wp\/v2\/product"}],"about":[{"href":"https:\/\/wristbandfactory.eu\/et\/wp-json\/wp\/v2\/types\/product"}],"replies":[{"embeddable":true,"href":"https:\/\/wristbandfactory.eu\/et\/wp-json\/wp\/v2\/comments?post=5642"}],"wp:featuredmedia":[{"embeddable":true,"href":"https:\/\/wristbandfactory.eu\/et\/wp-json\/wp\/v2\/media\/6557"}],"wp:attachment":[{"href":"https:\/\/wristbandfactory.eu\/et\/wp-json\/wp\/v2\/media?parent=5642"}],"wp:term":[{"taxonomy":"product_brand","embeddable":true,"href":"https:\/\/wristbandfactory.eu\/et\/wp-json\/wp\/v2\/product_brand?post=5642"},{"taxonomy":"product_cat","embeddable":true,"href":"https:\/\/wristbandfactory.eu\/et\/wp-json\/wp\/v2\/product_cat?post=5642"},{"taxonomy":"product_tag","embeddable":true,"href":"https:\/\/wristbandfactory.eu\/et\/wp-json\/wp\/v2\/product_tag?post=5642"}],"curies":[{"name":"t\u00f6\u00f6leht","href":"https:\/\/api.w.org\/{rel}","templated":true}]}}