{"id":5636,"date":"2025-12-10T11:51:32","date_gmt":"2025-12-10T08:51:32","guid":{"rendered":"https:\/\/wristbandfactory.eu\/?post_type=product&#038;p=5636"},"modified":"2025-12-16T16:05:01","modified_gmt":"2025-12-16T13:05:01","slug":"custom-camera-neck-straps-woven-printed-branding","status":"publish","type":"product","link":"https:\/\/wristbandfactory.eu\/et\/p\/custom-camera-neck-straps-woven-printed-branding\/","title":{"rendered":"Kujundusega kaamerarihmad \u2013 Kootud v\u00f5i tr\u00fckitud"},"content":{"rendered":"<p data-path-to-node=\"12\">Laienda oma kaubavalikut meie toodetega <b>Eridisainiga kaamera kaelapaelad<\/b>. Need rihmad on loodud fotostuudiotele, tehnikabr\u00e4ndidele ja muuseumide suveniiripoodidele ning pakuvad v\u00e4\u00e4rtuslikku br\u00e4ndipinda, mis on n\u00e4htav iga kord, kui foto tehakse.<\/p>\n<p data-path-to-node=\"13\">Erinevalt odavatest kingitustest on need jaem\u00fc\u00fcgikvaliteediga rihmad. Saate valida oma br\u00e4ndile sobiva materjali ja meetodi:<\/p>\n<ol start=\"1\" data-path-to-node=\"14\">\n<li>\n<p data-path-to-node=\"14,0,0\"><b>Pol\u00fcester sublimatsioon:<\/b> Ideaalne keerukate, v\u00e4rviliste graafikate, gradientide ja fotode (nt lille- v\u00f5i loomaprindid) jaoks.<\/p>\n<\/li>\n<li>\n<p data-path-to-node=\"14,1,0\"><b>\u017dakaarkudumine (kootud):<\/b> Ideaalne \u201cvintage\u201d v\u00f5i \u201cboho\u201d stiilide jaoks, kus muster on tekstuuri ja vastupidavuse tagamiseks kangasse kootud.<\/p>\n<\/li>\n<\/ol>\n<p data-path-to-node=\"15\"><b>Miks m\u00fc\u00fca kaubam\u00e4rgiga kaamerarihmasid?<\/b> Fotograafid armastavad oma varustust isikup\u00e4rastada. Eridisainiga rihm on funktsionaalne aksessuaar, mis asendab kaameraga kaasasolevat igavat standardrihma, muutes selle suurep\u00e4raseks esemeks nii firmakingitusteks kui ka edasim\u00fc\u00fcgiks.<\/p>\n<p data-path-to-node=\"16\"><b>Peamised omadused:<\/b><\/p>\n<ul data-path-to-node=\"17\">\n<li>\n<p data-path-to-node=\"17,0,0\"><b>Materjalid:<\/b> Vastupidav puuvilla, pol\u00fcestri v\u00f5i nailoni segu.<\/p>\n<\/li>\n<li>\n<p data-path-to-node=\"17,1,0\"><b>Manused:<\/b> Standardsed 10 mm rihmaaasad v\u00f5i metallist p\u00f6\u00f6rdkonksud.<\/p>\n<\/li>\n<li>\n<p data-path-to-node=\"17,2,0\"><b>Reguleeritav pikkus:<\/b> Varustatud vastupidavate plastpandlatega kaela- v\u00f5i \u00f5lakandmiseks.<\/p>\n<\/li>\n<li>\n<p data-path-to-node=\"17,3,0\"><b>Nahkotsad:<\/b> PU v\u00f5i p\u00e4risnahast viimistlus vastupidavuse ja stiili tagamiseks.<\/p>\n<\/li>\n<\/ul>","protected":false},"excerpt":{"rendered":"<ul>\n<li>\n<p data-path-to-node=\"10,0,0\"><b>T\u00e4ielikult kohandatav:<\/b> Valige k\u00f5rglahutusega sublimatsioonitr\u00fcki v\u00f5i esmaklassiliste kootud mustrite vahel.<\/p>\n<\/li>\n<li>\n<p data-path-to-node=\"10,1,0\"><b>Premium-viimistlus:<\/b> Otsad on tugevdatud kvaliteetse PU-naha v\u00f5i ehtsa nahaga, et saavutada jaem\u00fc\u00fcgivalmis v\u00e4limus.<\/p>\n<\/li>\n<li>\n<p data-path-to-node=\"10,2,0\"><b>Universaalne sobivus:<\/b> Reguleeritavad nailonist rihm\u00fchendused sobivad peaaegu k\u00f5ikidele peegelkaameratele ja h\u00fcbriidkaameratele (Canon, Nikon, Sony jne).<\/p>\n<\/li>\n<li>\n<p data-path-to-node=\"10,3,0\"><b>Mitmek\u00fclgsed stiilid:<\/b> Saadaval boheemlaslikus, vintage- v\u00f5i modernses firmastiilis, mis on eridisainiga teie br\u00e4ndi identiteediga.<\/p>\n<\/li>\n<\/ul>","protected":false},"featured_media":5641,"comment_status":"closed","ping_status":"closed","template":"","meta":[],"product_brand":[],"product_cat":[127],"product_tag":[],"class_list":{"0":"post-5636","1":"product","2":"type-product","3":"status-publish","4":"has-post-thumbnail","6":"product_cat-custom-straps-belts","8":"first","9":"instock","10":"shipping-taxable","11":"product-type-simple"},"_links":{"self":[{"href":"https:\/\/wristbandfactory.eu\/et\/wp-json\/wp\/v2\/product\/5636","targetHints":{"allow":["GET"]}}],"collection":[{"href":"https:\/\/wristbandfactory.eu\/et\/wp-json\/wp\/v2\/product"}],"about":[{"href":"https:\/\/wristbandfactory.eu\/et\/wp-json\/wp\/v2\/types\/product"}],"replies":[{"embeddable":true,"href":"https:\/\/wristbandfactory.eu\/et\/wp-json\/wp\/v2\/comments?post=5636"}],"wp:featuredmedia":[{"embeddable":true,"href":"https:\/\/wristbandfactory.eu\/et\/wp-json\/wp\/v2\/media\/5641"}],"wp:attachment":[{"href":"https:\/\/wristbandfactory.eu\/et\/wp-json\/wp\/v2\/media?parent=5636"}],"wp:term":[{"taxonomy":"product_brand","embeddable":true,"href":"https:\/\/wristbandfactory.eu\/et\/wp-json\/wp\/v2\/product_brand?post=5636"},{"taxonomy":"product_cat","embeddable":true,"href":"https:\/\/wristbandfactory.eu\/et\/wp-json\/wp\/v2\/product_cat?post=5636"},{"taxonomy":"product_tag","embeddable":true,"href":"https:\/\/wristbandfactory.eu\/et\/wp-json\/wp\/v2\/product_tag?post=5636"}],"curies":[{"name":"t\u00f6\u00f6leht","href":"https:\/\/api.w.org\/{rel}","templated":true}]}}