{"id":5626,"date":"2025-12-10T11:40:47","date_gmt":"2025-12-10T08:40:47","guid":{"rendered":"https:\/\/wristbandfactory.eu\/?post_type=product&#038;p=5626"},"modified":"2025-12-16T16:07:54","modified_gmt":"2025-12-16T13:07:54","slug":"custom-lanyards-with-water-bottle-holder-hands-free-clip","status":"publish","type":"product","link":"https:\/\/wristbandfactory.eu\/et\/p\/custom-lanyards-with-water-bottle-holder-hands-free-clip\/","title":{"rendered":"Kaelapaelad joogipudeli hoidjaga \u2013 Plastikust klamber"},"content":{"rendered":"<p data-path-to-node=\"12\">Lahenda oma j\u00e4rgmise v\u00e4li\u00fcrituse vedelikuprobleem meie abiga <b>Eridisainiga kaelapaelad veepudelihoidja klambriga<\/b>. Aktiivseks keskkonnaks loodud funktsionaalne kaelapael muudab tavalise veepudeli kantavaks aksessuaariks.<\/p>\n<p data-path-to-node=\"13\">Erinevalt silikoonist topsihoidjatest on sellel mudelil a <b>vastupidav k\u00f5vast plastist kronstein<\/b> Mis kinnitub kindlalt tavaliste PET-pudelite (vesi, limonaad, mahl) kaela \u00fcmber. See tagab, et pudel p\u00fcsib paigal ka liikumise ajal, muutes selle ideaalseks kaubaks muusikafestivalidele, maratonidele, heategevuslikele jalutusk\u00e4ikudele ja lastelaagritesse.<\/p>\n<p data-path-to-node=\"14\"><b>Miks valida pudelihoidja klamber?<\/b> See on v\u00e4ga kasutatav reklaamtoode. Kuna saaja kasutab seda kohe oma joogi kaasa v\u00f5tmiseks, on teie br\u00e4nd pidevalt silmade k\u00f5rgusel n\u00e4htav. K\u00e4ed-vabad olemise eelis on peamine m\u00fc\u00fcgiargument k\u00fclastajatele, kes vajavad k\u00e4si telefoni, toidu v\u00f5i muude tegevuste jaoks.<\/p>\n<p data-path-to-node=\"15\"><b>Soovitatavad kasutusjuhud:<\/b><\/p>\n<ul data-path-to-node=\"16\">\n<li>\n<p data-path-to-node=\"16,0,0\"><b>Muusikafestivalid:<\/b> Hoiab \u00e4ra pudelite kaotamise ja hoiab vedeliku k\u00e4ttesaadavana.<\/p>\n<\/li>\n<li>\n<p data-path-to-node=\"16,1,0\"><b>Sport ja maratonid:<\/b> Praktilised kingitused osalejatele ja pealtvaatajatele.<\/p>\n<\/li>\n<li>\n<p data-path-to-node=\"16,2,0\"><b>Ettev\u00f5tte piknikud:<\/b> Br\u00e4nditud kingitus, mida t\u00f6\u00f6tajad ka p\u00e4riselt kasutavad.<\/p>\n<\/li>\n<\/ul>\n<p data-path-to-node=\"17\"><b>Peamised omadused:<\/b><\/p>\n<ul data-path-to-node=\"18\">\n<li>\n<p data-path-to-node=\"18,0,0\"><b>Materjal:<\/b> Pol\u00fcesterrihm ABS-plastist pudeliklambriga.<\/p>\n<\/li>\n<li>\n<p data-path-to-node=\"18,1,0\"><b>\u00dchilduvus:<\/b> Sobib tavaliste kaubanduslike PET-pudelite kaeladega.<\/p>\n<\/li>\n<li>\n<p data-path-to-node=\"18,2,0\"><b>Tr\u00fckkimine:<\/b> K\u00f5rglahutusega soojus\u00fclekanne logode ja mustrite jaoks.<\/p>\n<\/li>\n<li>\n<p data-path-to-node=\"18,3,0\"><b>Pannal:<\/b> Mugavuse huvides on kaasas eemaldatav plastpannal.<\/p>\n<\/li>\n<\/ul>","protected":false},"excerpt":{"rendered":"<ul>\n<li>\n<p data-path-to-node=\"10,0,0\"><b>Universaalne sobivus:<\/b> J\u00e4ik plastklamber kinnitub kindlalt tavaliste \u00fchekordselt kasutatavate PET-veepudelite kaela \u00fcmber.<\/p>\n<\/li>\n<li>\n<p data-path-to-node=\"10,1,0\"><b>K\u00e4ed-vabad mugavus:<\/b> V\u00f5imaldab osalejatel v\u00e4li\u00fcritustel jooke h\u00f5lpsalt kaasas kanda ilma neid k\u00e4es hoidmata.<\/p>\n<\/li>\n<li>\n<p data-path-to-node=\"10,2,0\"><b>T\u00e4ielik kohandamine:<\/b> Vastupidav pol\u00fcesterrihm on saadaval t\u00e4isv\u00e4rvilise sublimatsioonitr\u00fckiga keerukate kujunduste jaoks.<\/p>\n<\/li>\n<li>\n<p data-path-to-node=\"10,3,0\"><b>Turvaline manus:<\/b> Sisaldab tugevat plastpandlat pudeli h\u00f5lpsaks eemaldamiseks joomise ajal.<\/p>\n<\/li>\n<\/ul>","protected":false},"featured_media":5628,"comment_status":"closed","ping_status":"closed","template":"","meta":[],"product_brand":[],"product_cat":[108,119],"product_tag":[],"class_list":{"0":"post-5626","1":"product","2":"type-product","3":"status-publish","4":"has-post-thumbnail","6":"product_cat-multifunctional-lanyards","7":"product_cat-drinkware-accessories","9":"first","10":"instock","11":"shipping-taxable","12":"product-type-simple"},"_links":{"self":[{"href":"https:\/\/wristbandfactory.eu\/et\/wp-json\/wp\/v2\/product\/5626","targetHints":{"allow":["GET"]}}],"collection":[{"href":"https:\/\/wristbandfactory.eu\/et\/wp-json\/wp\/v2\/product"}],"about":[{"href":"https:\/\/wristbandfactory.eu\/et\/wp-json\/wp\/v2\/types\/product"}],"replies":[{"embeddable":true,"href":"https:\/\/wristbandfactory.eu\/et\/wp-json\/wp\/v2\/comments?post=5626"}],"wp:featuredmedia":[{"embeddable":true,"href":"https:\/\/wristbandfactory.eu\/et\/wp-json\/wp\/v2\/media\/5628"}],"wp:attachment":[{"href":"https:\/\/wristbandfactory.eu\/et\/wp-json\/wp\/v2\/media?parent=5626"}],"wp:term":[{"taxonomy":"product_brand","embeddable":true,"href":"https:\/\/wristbandfactory.eu\/et\/wp-json\/wp\/v2\/product_brand?post=5626"},{"taxonomy":"product_cat","embeddable":true,"href":"https:\/\/wristbandfactory.eu\/et\/wp-json\/wp\/v2\/product_cat?post=5626"},{"taxonomy":"product_tag","embeddable":true,"href":"https:\/\/wristbandfactory.eu\/et\/wp-json\/wp\/v2\/product_tag?post=5626"}],"curies":[{"name":"t\u00f6\u00f6leht","href":"https:\/\/api.w.org\/{rel}","templated":true}]}}