{"id":5559,"date":"2025-11-17T00:22:15","date_gmt":"2025-11-16T21:22:15","guid":{"rendered":"https:\/\/wristbandfactory.eu\/?post_type=product&#038;p=5559"},"modified":"2026-01-03T00:22:02","modified_gmt":"2026-01-02T21:22:02","slug":"rechargeable-dmx-led-wristbands-type-c","status":"publish","type":"product","link":"https:\/\/wristbandfactory.eu\/et\/p\/rechargeable-dmx-led-wristbands-type-c\/","title":{"rendered":"Laetavad LED-k\u00e4epaelad"},"content":{"rendered":"<p data-path-to-node=\"10\">Muutke oma \u00fcritus maailmatasemel valgusproduktsiooniks meie k\u00f5ige arenenuma LED-k\u00e4epaelaga. Laetav DMX-mudel on loodud spetsiaalselt tipptasemel ekskursioonide, suuremahuliste firma\u00fcrituste ja k\u00f5igi B2B-klientide jaoks, kes vajavad absoluutset detailset kontrolli. \u00dchekordselt kasutatavatest patareidest kaugemale mineval mudelil on j\u00e4tkusuutlik C-t\u00fc\u00fcpi laadimiss\u00fcsteem, mis teeb sellest mitmep\u00e4evaste konverentside jaoks k\u00f5ige kulut\u00f5husama ja keskkonnas\u00f5bralikuma lahenduse. 256 saadaoleva v\u00e4rvipaletiga ja t\u00e4ieliku DMX-tarkvara integratsiooniga on see professionaalsete \u00fcrituste korraldajate parim valik kogu maailmas.<\/p>\n<h2 data-path-to-node=\"11\">Peamised omadused<\/h2>\n<ul data-path-to-node=\"12\">\n<li>\n<p data-path-to-node=\"12,0,0\"><b data-path-to-node=\"12,0,0\" data-index-in-node=\"0\">C-t\u00fc\u00fcpi USB laetav:<\/b> Kaasaegne toites\u00fcsteem, mis toetab mitmep\u00e4evast intensiivset kasutamist ilma aku vahetamise vajaduseta.<\/p>\n<\/li>\n<li>\n<p data-path-to-node=\"12,1,0\"><b data-path-to-node=\"12,1,0\" data-index-in-node=\"0\">T\u00e4ielik DMX ja tarkvaraline kontroll:<\/b> V\u00f5imaldab professionaalseid ja keerukaid valgustusjadasid, mida hallatakse kesksete valgustuslaudade v\u00f5i spetsiaalse tarkvara abil.<\/p>\n<\/li>\n<li>\n<p data-path-to-node=\"12,2,0\"><b data-path-to-node=\"12,2,0\" data-index-in-node=\"0\">256-v\u00e4rviline RGB-spekter:<\/b> Pakub t\u00e4ielikku v\u00e4rvivalikut, mis \u00fcletab kaugelt standardseid 15-v\u00e4rvilisi mudeleid, v\u00f5imaldades t\u00e4pset br\u00e4ndisobitamist ja kunstilisi \u00fcleminekuid.<\/p>\n<\/li>\n<li>\n<p data-path-to-node=\"12,3,0\"><b data-path-to-node=\"12,3,0\" data-index-in-node=\"0\">2-aastane professionaalne garantii:<\/b> Spetsiaalne B2B kvaliteedigarantii, mis tagab teie investeeringu pikaajalise kaitse.<\/p>\n<\/li>\n<li>\n<p data-path-to-node=\"12,4,0\"><b data-path-to-node=\"12,4,0\" data-index-in-node=\"0\">Sertifitseeritud ohutus:<\/b> Vastab k\u00f5igile Euroopa CE ja RoHS standarditele materjalide ja ohutuse osas professionaalses keskkonnas.<\/p>\n<\/li>\n<\/ul>\n<h2 data-path-to-node=\"13\">Spetsifikatsioonid<\/h2>\n<ul data-path-to-node=\"14\">\n<li>\n<p data-path-to-node=\"14,0,0\"><b data-path-to-node=\"14,0,0\" data-index-in-node=\"0\">Materjal:<\/b> L\u00f6\u00f6gikindlast ABS-korpus ja vastupidav PVC-rihm<\/p>\n<\/li>\n<li>\n<p data-path-to-node=\"14,1,0\"><b data-path-to-node=\"14,1,0\" data-index-in-node=\"0\">\u00dchiku suurus:<\/b> 6,77 \u00d7 8,5 \u00d7 3,3 cm<\/p>\n<\/li>\n<li>\n<p data-path-to-node=\"14,2,0\"><b data-path-to-node=\"14,2,0\" data-index-in-node=\"0\">Logo tr\u00fckkimise ala:<\/b> 2 x 4 cm<\/p>\n<\/li>\n<li>\n<p data-path-to-node=\"14,3,0\"><b data-path-to-node=\"14,3,0\" data-index-in-node=\"0\">Suhtlus:<\/b> RF 433MHz \/ DMX512 \/ Tarkvaraline juhtimine \/ Manuaalne nupp<\/p>\n<\/li>\n<li>\n<p data-path-to-node=\"14,4,0\"><b data-path-to-node=\"14,4,0\" data-index-in-node=\"0\">V\u00f5imsus:<\/b> USB-laetav (Type-C 5V-1A)<\/p>\n<\/li>\n<li>\n<p data-path-to-node=\"14,5,0\"><b data-path-to-node=\"14,5,0\" data-index-in-node=\"0\">Garantii:<\/b> 2 aastat<\/p>\n<\/li>\n<li>\n<p data-path-to-node=\"14,6,0\"><b data-path-to-node=\"14,6,0\" data-index-in-node=\"0\">Sertifikaadid:<\/b> CE, RoHS<\/p>\n<\/li>\n<li>\n<p data-path-to-node=\"14,7,0\"><b data-path-to-node=\"14,7,0\" data-index-in-node=\"0\">LED-v\u00e4rvid:<\/b> 256-v\u00e4rviline RGB palett<\/p>\n<\/li>\n<\/ul>\n<h2 data-path-to-node=\"15\">Kasutusjuhud<\/h2>\n<ul data-path-to-node=\"16\">\n<li>\n<p data-path-to-node=\"16,0,0\"><b data-path-to-node=\"16,0,0\" data-index-in-node=\"0\">Mitmep\u00e4evased muusikafestivalid:<\/b> V\u00e4ldib aku raiskamist, v\u00f5imaldades samal ajal korraldajatel tuhandeid seadmeid \u00fcle\u00f6\u00f6 laadida.<\/p>\n<\/li>\n<li>\n<p data-path-to-node=\"16,1,0\"><b data-path-to-node=\"16,1,0\" data-index-in-node=\"0\">Tipptasemel firmapidustused:<\/b> Pakub detailset valguse juhtimist, mis on vajalik keerukate br\u00e4ndipalettidega sobitamiseks ja s\u00fcnkroniseerimiseks p\u00f5hiesinemiste avalikustamisega.<\/p>\n<\/li>\n<li>\n<p data-path-to-node=\"16,2,0\"><b data-path-to-node=\"16,2,0\" data-index-in-node=\"0\">Professionaalsed staadionituurid:<\/b> Piisavalt vastupidav ja usaldusv\u00e4\u00e4rne, et taluda korduvat kasutamist ja igap\u00e4evast laadimist mitme tuurikuup\u00e4eva jooksul.<\/p>\n<\/li>\n<li>\n<p data-path-to-node=\"16,3,0\"><b data-path-to-node=\"16,3,0\" data-index-in-node=\"0\">VIP-k\u00fclalislahkus:<\/b> K\u00f5rgtehnoloogiline ja esmaklassiline suveniir, mis peegeldab p\u00fchendumust innovatsioonile ja j\u00e4tkusuutlikkusele.<\/p>\n<\/li>\n<\/ul>\n<p data-path-to-node=\"17\">","protected":false},"excerpt":{"rendered":"<ul>\n<li>\n<p data-path-to-node=\"9,0,0\"><b data-path-to-node=\"9,0,0\" data-index-in-node=\"0\">Keskkonnas\u00f5bralik laadimine:<\/b> Sellel on kaasaegne C-t\u00fc\u00fcpi USB-port kiireks USB-laadimiseks, mis v\u00e4hendab aku raiskamist ja muudab selle ideaalseks mitmep\u00e4evaste \u00fcrituste jaoks.<\/p>\n<\/li>\n<li>\n<p data-path-to-node=\"9,1,0\"><b data-path-to-node=\"9,1,0\" data-index-in-node=\"0\">Professionaalne tarkvarakontroll:<\/b> T\u00e4ielikult \u00fchilduv DMX512 ja spetsiaalse tarkvaraga detailseks, staadionitasemel valgustuse juhtimiseks.<\/p>\n<\/li>\n<li>\n<p data-path-to-node=\"9,2,0\"><b data-path-to-node=\"9,2,0\" data-index-in-node=\"0\">256 RGB v\u00e4rvipalett:<\/b> Massiivne uuendus standardmudelitega v\u00f5rreldes, pakkudes keerukate ja ideaalselt s\u00fcnkroniseeritud valgusshow&#039;de jaoks t\u00e4ielikku v\u00e4rvispektrit.<\/p>\n<\/li>\n<li>\n<p data-path-to-node=\"9,3,0\"><b data-path-to-node=\"9,3,0\" data-index-in-node=\"0\">Sertifitseeritud t\u00f6\u00f6kindlus:<\/b> 2-aastane B2B garantii ja t\u00e4ielik CE\/RoHS sertifikaat k\u00f5rgetasemeliste professionaalsete \u00fcrituste tootmiseks.<\/p>\n<\/li>\n<\/ul>","protected":false},"featured_media":5558,"comment_status":"closed","ping_status":"closed","template":"","meta":[],"product_brand":[],"product_cat":[80],"product_tag":[],"class_list":{"0":"post-5559","1":"product","2":"type-product","3":"status-publish","4":"has-post-thumbnail","6":"product_cat-led-wristbands","8":"first","9":"instock","10":"shipping-taxable","11":"purchasable","12":"product-type-simple"},"_links":{"self":[{"href":"https:\/\/wristbandfactory.eu\/et\/wp-json\/wp\/v2\/product\/5559","targetHints":{"allow":["GET"]}}],"collection":[{"href":"https:\/\/wristbandfactory.eu\/et\/wp-json\/wp\/v2\/product"}],"about":[{"href":"https:\/\/wristbandfactory.eu\/et\/wp-json\/wp\/v2\/types\/product"}],"replies":[{"embeddable":true,"href":"https:\/\/wristbandfactory.eu\/et\/wp-json\/wp\/v2\/comments?post=5559"}],"wp:featuredmedia":[{"embeddable":true,"href":"https:\/\/wristbandfactory.eu\/et\/wp-json\/wp\/v2\/media\/5558"}],"wp:attachment":[{"href":"https:\/\/wristbandfactory.eu\/et\/wp-json\/wp\/v2\/media?parent=5559"}],"wp:term":[{"taxonomy":"product_brand","embeddable":true,"href":"https:\/\/wristbandfactory.eu\/et\/wp-json\/wp\/v2\/product_brand?post=5559"},{"taxonomy":"product_cat","embeddable":true,"href":"https:\/\/wristbandfactory.eu\/et\/wp-json\/wp\/v2\/product_cat?post=5559"},{"taxonomy":"product_tag","embeddable":true,"href":"https:\/\/wristbandfactory.eu\/et\/wp-json\/wp\/v2\/product_tag?post=5559"}],"curies":[{"name":"t\u00f6\u00f6leht","href":"https:\/\/api.w.org\/{rel}","templated":true}]}}