{"id":5497,"date":"2025-11-15T16:43:25","date_gmt":"2025-11-15T13:43:25","guid":{"rendered":"https:\/\/wristbandfactory.eu\/?post_type=product&#038;p=5497"},"modified":"2025-12-18T12:32:33","modified_gmt":"2025-12-18T09:32:33","slug":"custom-printed-tyvek-wristbands","status":"publish","type":"product","link":"https:\/\/wristbandfactory.eu\/et\/p\/custom-printed-tyvek-wristbands\/","title":{"rendered":"Tr\u00fckitud Tyveki k\u00e4epaelad (1-v\u00e4rviline tr\u00fckk)"},"content":{"rendered":"<p data-path-to-node=\"12\">Turva oma \u00fcritus ja lihtsusta sissep\u00e4\u00e4sude haldamist meie abil <b data-path-to-node=\"12\" data-index-in-node=\"84\">Tr\u00fckitud Tyveki k\u00e4epaelad (1-v\u00e4rvilised)<\/b>. Need sagedusribad on loodud efektiivsust ja taskukohasust silmas pidades ning on t\u00f6\u00f6stusstandard festivalidel, kontsertidel, klubides ja ettev\u00f5tete \u00fcritustel, mis vajavad usaldusv\u00e4\u00e4rset juurdep\u00e4\u00e4sukontrolli.<\/p>\n<p data-path-to-node=\"13\">Erinevalt tavalistest valikutest v\u00f5imaldab meie eridisainiga tr\u00fckiteenus teil lisada oma logo, \u00fcrituse nime v\u00f5i eridisainiga teksti terava graafikuga. <b data-path-to-node=\"13\" data-index-in-node=\"117\">Must v\u00f5i valge tint<\/b>. See \u00fchev\u00e4rviline siiditr\u00fcki meetod pakub ideaalset tasakaalu madala hinna ja hea n\u00e4htavuse vahel, muutes selle ideaalseks valikuks osalejate liigitamiseks (nt VIP, t\u00f6\u00f6tajad, \u00fcldsissep\u00e4\u00e4s) ilma eelarvet l\u00f5hkumata.<\/p>\n<h2 data-path-to-node=\"14\">Peamised omadused<\/h2>\n<ul data-path-to-node=\"15\">\n<li>\n<p data-path-to-node=\"15,0,0\"><b data-path-to-node=\"15,0,0\" data-index-in-node=\"0\">Majanduslik tr\u00fckilahendus:<\/b> Kiire \u00fchev\u00e4rviline siiditr\u00fckk (must\/valge) tagab madalad \u00fchikuhinnad, mis sobib ideaalselt suuremahuliste \u00fcrituste jaoks.<\/p>\n<\/li>\n<li>\n<p data-path-to-node=\"15,1,0\"><b data-path-to-node=\"15,1,0\" data-index-in-node=\"0\">V\u00f5ltsimiskindel turvalisus:<\/b> Igal paelal on stantsitud liimkinnitus, mis puruneb eemaldamise katsel, hoides \u00e4ra \u00fclekandmise ja tulude v\u00e4henemise.<\/p>\n<\/li>\n<li>\n<p data-path-to-node=\"15,2,0\"><b data-path-to-node=\"15,2,0\" data-index-in-node=\"0\">J\u00e4rjestikune nummerdamine:<\/b> K\u00f5ikidel rihmadel on eelnevalt tr\u00fckitud unikaalsed seerianumbrid, mis aitavad teil j\u00e4lgida kohalk\u00e4imist ja kontrollida piletim\u00fc\u00fcki.<\/p>\n<\/li>\n<li>\n<p data-path-to-node=\"15,3,1\"><span data-path-to-node=\"15,3,1,0\"><b data-path-to-node=\"15,3,1,0\" data-index-in-node=\"0\"><span class=\"citation-19\">Ehtne DuPont\u2122 Tyvek\u00ae:<\/span><\/b><span class=\"citation-19\"> Kasutame ainult autentset materjali, mis on kerge, t\u00e4ielikult veekindel ja rebenemiskindel kuni 5 p\u00e4eva. <\/span><\/span><\/p>\n<\/li>\n<li>\n<p data-path-to-node=\"15,4,0\"><b data-path-to-node=\"15,4,0\" data-index-in-node=\"0\">Lai v\u00e4rvivalik:<\/b> Must tr\u00fckk paistab silma meie laia neoon-, metallik- ja \u00fchev\u00e4rviliste alusrihmade valiku taustal.<\/p>\n<\/li>\n<\/ul>\n<h2 data-path-to-node=\"16\">Spetsifikatsioonid<\/h2>\n<ul data-path-to-node=\"17\">\n<li>\n<p data-path-to-node=\"17,0,1\"><span data-path-to-node=\"17,0,1,0\"><b data-path-to-node=\"17,0,1,0\" data-index-in-node=\"0\"><span class=\"citation-18\">Materjal:<\/span><\/b><span class=\"citation-18\"> DuPont\u2122 Tyvek\u00ae (taaskasutatav suure tihedusega pol\u00fcet\u00fcleen). <\/span><\/span><\/p>\n<\/li>\n<li>\n<p data-path-to-node=\"17,1,0\"><b data-path-to-node=\"17,1,0\" data-index-in-node=\"0\">Prindi t\u00fc\u00fcp:<\/b> \u00dchev\u00e4rviline siiditr\u00fckk (standard: must tint).<\/p>\n<\/li>\n<li>\n<p data-path-to-node=\"17,2,0\"><b data-path-to-node=\"17,2,0\" data-index-in-node=\"0\">Suurus:<\/b> Standardlaius 19 mm v\u00f5i 25 mm (reguleeritav pikkus).<\/p>\n<\/li>\n<li>\n<p data-path-to-node=\"17,3,0\"><b data-path-to-node=\"17,3,0\" data-index-in-node=\"0\">Sulgemine:<\/b> \u00dchekordselt kasutatav avamiskindel liim.<\/p>\n<\/li>\n<li>\n<p data-path-to-node=\"17,4,0\"><b data-path-to-node=\"17,4,0\" data-index-in-node=\"0\">Vastupidavus:<\/b> Veekindel, rebenemiskindel, sobib 1-5 p\u00e4evaks.<\/p>\n<\/li>\n<\/ul>\n<h2 data-path-to-node=\"18\">Kasutusjuhud<\/h2>\n<ul data-path-to-node=\"19\">\n<li>\n<p data-path-to-node=\"19,0,0\"><b data-path-to-node=\"19,0,0\" data-index-in-node=\"0\">V\u00e4rava kontroll:<\/b> \u00d6\u00f6klubides ja baarides maksvate k\u00fclaliste kiire visuaalne tuvastamine.<\/p>\n<\/li>\n<li>\n<p data-path-to-node=\"19,1,0\"><b data-path-to-node=\"19,1,0\" data-index-in-node=\"0\">Rahvahulkade juhtimine:<\/b> Piiratud alade jaoks on vaja eristavat teksti (nt \u201cT\u00d6\u00d6TAJA\u201d, \u201cKUNSTNIK\u201d).<\/p>\n<\/li>\n<li>\n<p data-path-to-node=\"19,2,0\"><b data-path-to-node=\"19,2,0\" data-index-in-node=\"0\">Suured festivalid:<\/b> K\u00f5ige eelarves\u00f5bralikum viis tuhandete osalejate kindlustamiseks.<\/p>\n<\/li>\n<li>\n<p data-path-to-node=\"19,3,0\"><b data-path-to-node=\"19,3,0\" data-index-in-node=\"0\">Riiete kontroll ja piletim\u00fc\u00fck:<\/b> Mahtuvuse kontrollimiseks j\u00e4rjekorranumbrite kasutamine.<\/p>\n<\/li>\n<\/ul>","protected":false},"excerpt":{"rendered":"<ul>\n<li>\n<p data-path-to-node=\"11,0,1\"><span data-path-to-node=\"11,0,1,0\"><b data-path-to-node=\"11,0,1,0\" data-index-in-node=\"0\"><span class=\"citation-22\">Kulut\u00f5hus br\u00e4nding:<\/span><\/b><span class=\"citation-22\"> Karge \u00fchev\u00e4rviline siiditr\u00fckk (must v\u00f5i valge) sobib ideaalselt logode ja teksti jaoks<\/span><\/span><\/p>\n<\/li>\n<li>\n<p data-path-to-node=\"11,1,1\"><span data-path-to-node=\"11,1,1,0\"><b data-path-to-node=\"11,1,1,0\" data-index-in-node=\"0\"><span class=\"citation-21\">K\u00f5rge turvalisus:<\/span><\/b><span class=\"citation-21\"> Eelnevalt nummerdatud j\u00e4rjestikuste seerianumbrite ja v\u00f5ltsimiskindla liimiga. <\/span><\/span><\/p>\n<\/li>\n<li>\n<p data-path-to-node=\"11,2,1\"><span data-path-to-node=\"11,2,1,0\"><b data-path-to-node=\"11,2,1,0\" data-index-in-node=\"0\"><span class=\"citation-20\">Vastupidav materjal:<\/span><\/b><span class=\"citation-20\"> Valmistatud ehtsast DuPont\u2122 Tyvek\u00ae materjalist \u2013 veekindel ja rebenemiskindel. <\/span><\/span><\/p>\n<\/li>\n<li>\n<p data-path-to-node=\"11,3,0\"><b data-path-to-node=\"11,3,0\" data-index-in-node=\"0\">Kiire tootmine:<\/b> Kiireim eridisainiga lahendus l\u00fchikeste t\u00e4htaegade jaoks.<\/p>\n<\/li>\n<\/ul>","protected":false},"featured_media":6108,"comment_status":"closed","ping_status":"closed","template":"","meta":[],"product_brand":[],"product_cat":[41],"product_tag":[],"class_list":{"0":"post-5497","1":"product","2":"type-product","3":"status-publish","4":"has-post-thumbnail","6":"product_cat-tyvek","8":"first","9":"instock","10":"shipping-taxable","11":"purchasable","12":"product-type-simple"},"_links":{"self":[{"href":"https:\/\/wristbandfactory.eu\/et\/wp-json\/wp\/v2\/product\/5497","targetHints":{"allow":["GET"]}}],"collection":[{"href":"https:\/\/wristbandfactory.eu\/et\/wp-json\/wp\/v2\/product"}],"about":[{"href":"https:\/\/wristbandfactory.eu\/et\/wp-json\/wp\/v2\/types\/product"}],"replies":[{"embeddable":true,"href":"https:\/\/wristbandfactory.eu\/et\/wp-json\/wp\/v2\/comments?post=5497"}],"wp:featuredmedia":[{"embeddable":true,"href":"https:\/\/wristbandfactory.eu\/et\/wp-json\/wp\/v2\/media\/6108"}],"wp:attachment":[{"href":"https:\/\/wristbandfactory.eu\/et\/wp-json\/wp\/v2\/media?parent=5497"}],"wp:term":[{"taxonomy":"product_brand","embeddable":true,"href":"https:\/\/wristbandfactory.eu\/et\/wp-json\/wp\/v2\/product_brand?post=5497"},{"taxonomy":"product_cat","embeddable":true,"href":"https:\/\/wristbandfactory.eu\/et\/wp-json\/wp\/v2\/product_cat?post=5497"},{"taxonomy":"product_tag","embeddable":true,"href":"https:\/\/wristbandfactory.eu\/et\/wp-json\/wp\/v2\/product_tag?post=5497"}],"curies":[{"name":"t\u00f6\u00f6leht","href":"https:\/\/api.w.org\/{rel}","templated":true}]}}