{"id":5416,"date":"2025-11-13T17:37:51","date_gmt":"2025-11-13T14:37:51","guid":{"rendered":"https:\/\/wristbandfactory.eu\/?post_type=product&#038;p=5416"},"modified":"2025-12-22T16:16:34","modified_gmt":"2025-12-22T13:16:34","slug":"usb-wristbands-custom-silicone","status":"publish","type":"product","link":"https:\/\/wristbandfactory.eu\/et\/p\/usb-wristbands-custom-silicone\/","title":{"rendered":"USB-k\u00e4epaelad (eridisainiga silikoon)"},"content":{"rendered":"<p>J\u00e4ta oma j\u00e4rgmisel firma\u00fcritusel v\u00f5i messil p\u00fcsiv mulje meie silikoonist USB-k\u00e4epaeltega. See uuenduslik reklaamtoode \u00fchendab endas kantava k\u00e4epaela mugavuse ja USB-m\u00e4lupulga praktilisuse, tagades, et sinu br\u00e4nd j\u00e4\u00e4b meelde ka kauaks p\u00e4rast \u00fcrituse l\u00f5ppu.<\/p>\n<p>Need USB-k\u00e4epaelad on ideaalne vahend digitaalsete kataloogide, esitlusmaterjalide v\u00f5i turundusvideote levitamiseks klientidele ja partneritele. Need on valmistatud vastupidavast ja mugavast silikoonist ning neid saab t\u00e4ielikult kohandada vastavalt teie br\u00e4ndi identiteedile. Valige oma soovitud v\u00e4rv ja lisage oma logo maksimaalse n\u00e4htavuse tagamiseks.<\/p>\n<p>Pakume mitmek\u00fclgset valikut salvestusmahtusid, et rahuldada iga ettev\u00f5tte vajadusi, alates 8 GB-st kuni 128 GB-ni. Minimaalse tellimuse kogusega 100 t\u00fckki on need m\u00e4lupulga k\u00e4epaelad skaleeritav ja t\u00f5hus lahendus turunduskampaaniate, sisekoolituste v\u00f5i \u00fcrituste kingituste jaoks.<\/p>\n<p><b>Peamised omadused:<\/b><\/p>\n<ul>\n<li><b>Kahefunktsiooniline disain:<\/b> Toimib nii kantava silikoonist k\u00e4epaelana kui ka funktsionaalse USB-m\u00e4lupulgana.<\/li>\n<li><b>T\u00e4ielik kohandamine:<\/b> Saadaval mis tahes v\u00e4rvitoonis, et see sobiks ideaalselt teie br\u00e4ndi juhistega.<\/li>\n<li><b>Mitmek\u00fclgne hoiustamine:<\/b> Valige oma andmete jaoks laia mahutavuse valiku (8 GB, 16 GB, 32 GB, 64 GB, 128 GB) hulgast.<\/li>\n<li><b>Hulgitellimus valmis:<\/b> Ideaalne suuremahuliste \u00fcrituste ja tutvustuste jaoks, mille minimaalne tellimus on 100 \u00fchikut.<\/li>\n<li><b>Vastupidav materjal:<\/b> Valmistatud painduvast ja mugavast silikoonist (20,5 x 1,7 cm), mis on loodud pikaajaliseks kandmiseks.<\/li>\n<\/ul>","protected":false},"excerpt":{"rendered":"<ul>\n<li>Praktiline 2-\u00fches reklaamtoode: mugav silikoonist k\u00e4epael ja USB-m\u00e4lupulk.<\/li>\n<li>T\u00e4ielikult kohandatav teie br\u00e4ndi logo ja ettev\u00f5tte spetsiifiliste v\u00e4rvidega.<\/li>\n<li>Saadaval laias valikus mahtuvustega (8 GB kuni 128 GB), et see sobiks teie andmevajadustega.<\/li>\n<li>Ideaalne firma\u00fcritusteks, messidele ja konverentsideks. Minimaalne tellimus: 100 tk.<\/li>\n<\/ul>","protected":false},"featured_media":6253,"comment_status":"closed","ping_status":"closed","template":"","meta":[],"product_brand":[],"product_cat":[128,88],"product_tag":[],"class_list":{"0":"post-5416","1":"product","2":"type-product","3":"status-publish","4":"has-post-thumbnail","6":"product_cat-mobile-tech-accessories","7":"product_cat-smart-wristbands","9":"first","10":"instock","11":"shipping-taxable","12":"product-type-simple"},"_links":{"self":[{"href":"https:\/\/wristbandfactory.eu\/et\/wp-json\/wp\/v2\/product\/5416","targetHints":{"allow":["GET"]}}],"collection":[{"href":"https:\/\/wristbandfactory.eu\/et\/wp-json\/wp\/v2\/product"}],"about":[{"href":"https:\/\/wristbandfactory.eu\/et\/wp-json\/wp\/v2\/types\/product"}],"replies":[{"embeddable":true,"href":"https:\/\/wristbandfactory.eu\/et\/wp-json\/wp\/v2\/comments?post=5416"}],"wp:featuredmedia":[{"embeddable":true,"href":"https:\/\/wristbandfactory.eu\/et\/wp-json\/wp\/v2\/media\/6253"}],"wp:attachment":[{"href":"https:\/\/wristbandfactory.eu\/et\/wp-json\/wp\/v2\/media?parent=5416"}],"wp:term":[{"taxonomy":"product_brand","embeddable":true,"href":"https:\/\/wristbandfactory.eu\/et\/wp-json\/wp\/v2\/product_brand?post=5416"},{"taxonomy":"product_cat","embeddable":true,"href":"https:\/\/wristbandfactory.eu\/et\/wp-json\/wp\/v2\/product_cat?post=5416"},{"taxonomy":"product_tag","embeddable":true,"href":"https:\/\/wristbandfactory.eu\/et\/wp-json\/wp\/v2\/product_tag?post=5416"}],"curies":[{"name":"t\u00f6\u00f6leht","href":"https:\/\/api.w.org\/{rel}","templated":true}]}}