{"id":5409,"date":"2025-11-13T17:32:46","date_gmt":"2025-11-13T14:32:46","guid":{"rendered":"https:\/\/wristbandfactory.eu\/?post_type=product&#038;p=5409"},"modified":"2026-01-09T22:54:44","modified_gmt":"2026-01-09T19:54:44","slug":"charging-cable-with-rpet-phone-strap-60w-usb-c","status":"publish","type":"product","link":"https:\/\/wristbandfactory.eu\/et\/p\/charging-cable-with-rpet-phone-strap-60w-usb-c\/","title":{"rendered":"Laadimiskaabel rPET telefonirihmaga (60W USB-C)"},"content":{"rendered":"<p><span style=\"font-family: -apple-system, BlinkMacSystemFont, 'Segoe UI', Roboto, 'Helvetica Neue', Arial, 'Noto Sans', sans-serif, 'Apple Color Emoji', 'Segoe UI Emoji', 'Segoe UI Symbol', 'Noto Color Emoji';\">Paku oma j\u00e4rgmisel messil v\u00f5i firma\u00fcritusel t\u00f5eliselt praktilist ja j\u00e4tkusuutlikku tehnikaeset. See uuenduslik 2-\u00fches laadimiskaabel on enamat kui lihtsalt toiteallikas; see on vastupidav telefonirihm, mis tagab, et sinu br\u00e4nd p\u00fcsib \u00fchenduses ja n\u00e4htav.<\/span><\/p>\n<p>Selle toote tuumaks on suure j\u00f5udlusega 60W USB Type-C - Type-C kaabel, mis toetab nii kiirlaadimist kui ka kiiret andmeedastust. Punutud kaabel on valmistatud taaskasutatud PET-ist (rPET), mis meeldib keskkonnateadlikele klientidele ja partneritele. Selle teiseks funktsiooniks on vastupidav telefonirihm, mis \u00fchildub enamiku telefoni\u00fcmbristega. Rihm on kerge, reguleeritav ja muljetavaldavalt vastupidav, testitud kuni 8 kg kandmiseks.<\/p>\n<p>See multifunktsionaalne laadimiskaabel on suurep\u00e4rane reklaamivahend tehnoloogiaettev\u00f5tetele, korporatiivkonverentsidele ja turundusagentuuridele. Vastupidava alumiiniumkorpuse br\u00e4ndimisega annate osalejatele kasuliku eseme, mida nad kasutavad ka kaua p\u00e4rast \u00fcritust, maksimeerides br\u00e4ndi n\u00e4htavust.<\/p>\n<p><b>Peamised omadused:<\/b><\/p>\n<ul>\n<li><b>60W kiirlaadimine:<\/b> Kiire USB-C - USB-C kaabel annab seadmetele kiiresti toite ja toetab andmeedastust.<\/li>\n<li><b>Vastupidav telefonirihm:<\/b> Toimib k\u00e4ed-vabad randmerihmana, testitud kuni 8 kg kandmiseks.<\/li>\n<li><b>Keskkonnas\u00f5bralik materjal:<\/b> Taaskasutatud rPET-pudelitest punutud kaabel sobib ideaalselt j\u00e4tkusuutlikkusele keskendunud br\u00e4ndinguks.<\/li>\n<li><b>Universaalne \u00fchilduvus:<\/b> Loodud enamiku telefoni\u00fcmbristega \u00fchilduma, kinnitades need koheseks kasutamiseks h\u00f5lpsalt.<\/li>\n<li><b>Premium-versioon:<\/b> Vastupidavate alumiiniumist pistikukorpustega, mis sobivad ideaalselt teie logo lasergraveerimiseks.<\/li>\n<\/ul>","protected":false},"excerpt":{"rendered":"<ul>\n<li>3-\u00fches lahendus: telefoni randmerihm, 60W kiirlaadimiskaabel ja andmeedastuskaabel.<\/li>\n<li>Valmistatud j\u00e4tkusuutlikust rPET-nailonist punutud materjalist.<\/li>\n<li>Sisaldab C-t\u00fc\u00fcpi C-t\u00fc\u00fcpi pistikuid t\u00e4nap\u00e4evaste seadmete jaoks.<\/li>\n<li>V\u00e4ga kasulik reklaammaterjal tehnoloogiakonverentsideks ja firma\u00fcritusteks.<\/li>\n<\/ul>","protected":false},"featured_media":6681,"comment_status":"closed","ping_status":"closed","template":"","meta":[],"product_brand":[],"product_cat":[128],"product_tag":[],"class_list":{"0":"post-5409","1":"product","2":"type-product","3":"status-publish","4":"has-post-thumbnail","6":"product_cat-mobile-tech-accessories","8":"first","9":"instock","10":"shipping-taxable","11":"purchasable","12":"product-type-simple"},"_links":{"self":[{"href":"https:\/\/wristbandfactory.eu\/et\/wp-json\/wp\/v2\/product\/5409","targetHints":{"allow":["GET"]}}],"collection":[{"href":"https:\/\/wristbandfactory.eu\/et\/wp-json\/wp\/v2\/product"}],"about":[{"href":"https:\/\/wristbandfactory.eu\/et\/wp-json\/wp\/v2\/types\/product"}],"replies":[{"embeddable":true,"href":"https:\/\/wristbandfactory.eu\/et\/wp-json\/wp\/v2\/comments?post=5409"}],"wp:featuredmedia":[{"embeddable":true,"href":"https:\/\/wristbandfactory.eu\/et\/wp-json\/wp\/v2\/media\/6681"}],"wp:attachment":[{"href":"https:\/\/wristbandfactory.eu\/et\/wp-json\/wp\/v2\/media?parent=5409"}],"wp:term":[{"taxonomy":"product_brand","embeddable":true,"href":"https:\/\/wristbandfactory.eu\/et\/wp-json\/wp\/v2\/product_brand?post=5409"},{"taxonomy":"product_cat","embeddable":true,"href":"https:\/\/wristbandfactory.eu\/et\/wp-json\/wp\/v2\/product_cat?post=5409"},{"taxonomy":"product_tag","embeddable":true,"href":"https:\/\/wristbandfactory.eu\/et\/wp-json\/wp\/v2\/product_tag?post=5409"}],"curies":[{"name":"t\u00f6\u00f6leht","href":"https:\/\/api.w.org\/{rel}","templated":true}]}}