{"id":5406,"date":"2025-11-13T17:14:36","date_gmt":"2025-11-13T14:14:36","guid":{"rendered":"https:\/\/wristbandfactory.eu\/?post_type=product&#038;p=5406"},"modified":"2025-12-30T15:11:21","modified_gmt":"2025-12-30T12:11:21","slug":"microfiber-wristbands-with-zipper","status":"publish","type":"product","link":"https:\/\/wristbandfactory.eu\/et\/p\/microfiber-wristbands-with-zipper\/","title":{"rendered":"Mikrokiust k\u00e4epaelad lukuga"},"content":{"rendered":"<p>Varusta oma \u00fcrituse osalejaid v\u00f5i meeskonda praktilise ja h\u00e4sti n\u00e4htava reklaamtootega. <span class=\"citation-205 citation-end-205\">Meie mikrokiust k\u00e4epaeladel on integreeritud lukuga tasku, mis pakub turvalist viisi v\u00f5tmete, sularaha v\u00f5i v\u00e4ikeste v\u00e4\u00e4risesemete kaasaskandmiseks spordi, festivalide ja muude vaba aja tegevuste ajal.<\/span>.<\/p>\n<p><span class=\"citation-204 citation-end-204\">Vastupidavast, kuid pehmest mikrokiudmaterjalist valmistatud k\u00e4epael tagab mugava ja kindla istuvuse terveks p\u00e4evaks.<\/span>. <span class=\"citation-203 citation-end-203\">Sobiva v\u00e4rvi lukuga tasku on loodud kohandamiseks, pakkudes 5,5 x 4 cm suurust tr\u00fckiala teie ettev\u00f5tte logo v\u00f5i \u00fcrituse br\u00e4ndingu jaoks siiditr\u00fcki v\u00f5i vastupidava siiditr\u00fcki abil.<\/span><\/p>\n<p>Ideaalne ettev\u00f5tte heaoluprogrammide, spordisaalide sponsorluse, messide kingituste v\u00f5i funktsionaalse esemena festivalik\u00fclastajatele \u2013 see randmekott tagab, et teie br\u00e4nd j\u00e4\u00e4b liikvel olles n\u00e4htavaks.<\/p>\n<p><b>Peamised omadused:<\/b><\/p>\n<ul>\n<li><b><span class=\"citation-202\">Turvaline lukuga tasku:<\/span><\/b><span class=\"citation-202 citation-end-202\"> Sisaldab integreeritud taskut sobiva v\u00e4rvi lukuga turvaliseks hoiustamiseks<\/span>.<\/li>\n<li><b><span class=\"citation-201\">Pehme mikrokiudmaterjal:<\/span><\/b><span class=\"citation-201 citation-end-201\"> Valmistatud vastupidavast ja pehmest mikrokiust, mis on loodud sportimiseks ja vaba aja veetmiseks.<\/span>.<\/li>\n<li><b><span class=\"citation-200\">Mugav ja kindel istuvus:<\/span><\/b><span class=\"citation-200 citation-end-200\"> M\u00f5\u00f5dud 10 x 9 cm, mis tagab tiheda ja mugava istuvuse aktiivseks kandmiseks.<\/span>.<\/li>\n<li><b><span class=\"citation-199\">Eridisainiga br\u00e4ndingu ala:<\/span><\/b><span class=\"citation-199 citation-end-199\"> Taskul on 5,5 x 4 cm tr\u00fckiala teie logo jaoks<\/span>.<\/li>\n<li><b><span class=\"citation-198\">Erksad v\u00e4rvid:<\/span><\/b><span class=\"citation-198 citation-end-198\"> Saadaval mitmes erksas toonis, et see sobiks teie br\u00e4ndi identiteediga<\/span>.<\/li>\n<\/ul>","protected":false},"excerpt":{"rendered":"<ul>\n<li><span class=\"citation-209 citation-end-209\">Turvaline lukuga tasku v\u00f5tmete, sularaha v\u00f5i v\u00e4ikeste esemete jaoks<\/span>.<\/li>\n<li><span class=\"citation-208 citation-end-208\">Valmistatud pehmest ja vastupidavast mikrokiust, ideaalne sportimiseks ja aktiivseteks \u00fcritusteks<\/span>.<\/li>\n<li><span class=\"citation-207 citation-end-207\">Taskul suur 5,5 x 4 cm tr\u00fckiala teie logo jaoks<\/span>.\n<div class=\"source-inline-chip-container ng-star-inserted\"><\/div>\n<\/li>\n<li><span class=\"citation-206 citation-end-206\">Saadaval erinevates erksates v\u00e4rvides, et need sobiksid teie kaubam\u00e4rgiga<\/span><\/li>\n<\/ul>","protected":false},"featured_media":6414,"comment_status":"closed","ping_status":"closed","template":"","meta":[],"product_brand":[],"product_cat":[66,118,122],"product_tag":[],"class_list":{"0":"post-5406","1":"product","2":"type-product","3":"status-publish","4":"has-post-thumbnail","6":"product_cat-wristbands","7":"product_cat-sports-fitness","8":"product_cat-promotional-accessories","10":"first","11":"instock","12":"shipping-taxable","13":"purchasable","14":"product-type-simple"},"_links":{"self":[{"href":"https:\/\/wristbandfactory.eu\/et\/wp-json\/wp\/v2\/product\/5406","targetHints":{"allow":["GET"]}}],"collection":[{"href":"https:\/\/wristbandfactory.eu\/et\/wp-json\/wp\/v2\/product"}],"about":[{"href":"https:\/\/wristbandfactory.eu\/et\/wp-json\/wp\/v2\/types\/product"}],"replies":[{"embeddable":true,"href":"https:\/\/wristbandfactory.eu\/et\/wp-json\/wp\/v2\/comments?post=5406"}],"wp:featuredmedia":[{"embeddable":true,"href":"https:\/\/wristbandfactory.eu\/et\/wp-json\/wp\/v2\/media\/6414"}],"wp:attachment":[{"href":"https:\/\/wristbandfactory.eu\/et\/wp-json\/wp\/v2\/media?parent=5406"}],"wp:term":[{"taxonomy":"product_brand","embeddable":true,"href":"https:\/\/wristbandfactory.eu\/et\/wp-json\/wp\/v2\/product_brand?post=5406"},{"taxonomy":"product_cat","embeddable":true,"href":"https:\/\/wristbandfactory.eu\/et\/wp-json\/wp\/v2\/product_cat?post=5406"},{"taxonomy":"product_tag","embeddable":true,"href":"https:\/\/wristbandfactory.eu\/et\/wp-json\/wp\/v2\/product_tag?post=5406"}],"curies":[{"name":"t\u00f6\u00f6leht","href":"https:\/\/api.w.org\/{rel}","templated":true}]}}