{"id":5404,"date":"2025-11-13T17:06:02","date_gmt":"2025-11-13T14:06:02","guid":{"rendered":"https:\/\/wristbandfactory.eu\/?post_type=product&#038;p=5404"},"modified":"2026-01-09T18:23:33","modified_gmt":"2026-01-09T15:23:33","slug":"rpet-phone-strap-with-60w-data-cable","status":"publish","type":"product","link":"https:\/\/wristbandfactory.eu\/et\/p\/rpet-phone-strap-with-60w-data-cable\/","title":{"rendered":"RPET telefonirihm 60W andmesidekaabliga"},"content":{"rendered":"<p>Paku oma j\u00e4rgmisel tehnoloogiakonverentsil v\u00f5i firma\u00fcritusel \u00fclimalt kasulikku ja j\u00e4tkusuutlikku reklaamtoodet. VRIST on multifunktsionaalne k\u00e4epael, mis on loodud t\u00e4nap\u00e4evastele professionaalidele ning mis \u00fchendab endas k\u00e4ed-vabad mugavuse oluliste laadimisv\u00f5imalustega.<\/p>\n<p>45 cm pikkune rihm on valmistatud keskkonnas\u00f5bralikust RPET-materjalist (taaskasutatud PET), mis r\u00f5hutab teie br\u00e4ndi p\u00fchendumust j\u00e4tkusuutlikkusele. See toimib turvalise telefonihoidikuna, v\u00f5imaldades osalejatel oma seadet k\u00e4ep\u00e4rast hoida.<\/p>\n<p>K\u00e4epaela p\u00f5hifunktsioon on v\u00f5imas <b>60W C-t\u00fc\u00fcpi-C-t\u00fc\u00fcpi kaabel<\/b>, toetades nii kiiret laadimist kui ka <b>andmeedastus<\/b>. See teeb sellest uskumatult praktilise kingituse tehnikahuvilisele publikule. V\u00f5tmeklamber lisab funktsionaalsust. Toode on valmistatud amfori BSCI auditeeritud tehases, mis tagab vastutustundliku tarneahela.<\/p>\n<p><b>Peamised omadused:<\/b><\/p>\n<ul>\n<li><b>Multifunktsionaalne disain:<\/b> Toimib telefonihoidiku, k\u00e4epaela, kiire andmesidekaabli ja v\u00f5tmehoidjana.<\/li>\n<li><b>Keskkonnas\u00f5bralik materjal:<\/b> Rihm on valmistatud taaskasutatud PET-ist (RPET), mis n\u00e4itab ettev\u00f5tte j\u00e4tkusuutlikkust.<\/li>\n<li><b>60W v\u00f5imsus ja andmeside:<\/b> Kiire 60W C-t\u00fc\u00fcpi-C-kaabel toetab nii kiirlaadimist kui ka andmeedastust.<\/li>\n<li><b>K\u00e4ed-vabad \u00fcrituse kasutamine:<\/b> V\u00f5imaldab osalejatel hoida telefone ja v\u00f5tmeid turvaliselt ja k\u00e4ep\u00e4rast.<\/li>\n<li><b>Vastutustundlik hankimine:<\/b> Valmistatud amfori BSCI auditeeritud tehases.<\/li>\n<\/ul>","protected":false},"excerpt":{"rendered":"<ul>\n<li>Keskkonnas\u00f5bralik rihm, mis on valmistatud taaskasutatud PET (RPET) materjalist.<\/li>\n<li>Kiire 60W C-t\u00fc\u00fcpi C-t\u00fc\u00fcpi kaabel laadimiseks ja andmeedastuseks.<\/li>\n<li>Toimib telefonihoidiku k\u00e4epaelana mugavaks k\u00e4ed-vabad kasutamiseks \u00fcritustel.<\/li>\n<li>Sisaldab v\u00f5tmeklambrit lisafunktsioonide tagamiseks.<\/li>\n<\/ul>","protected":false},"featured_media":6666,"comment_status":"closed","ping_status":"closed","template":"","meta":[],"product_brand":[],"product_cat":[128],"product_tag":[],"class_list":{"0":"post-5404","1":"product","2":"type-product","3":"status-publish","4":"has-post-thumbnail","6":"product_cat-mobile-tech-accessories","8":"first","9":"instock","10":"shipping-taxable","11":"purchasable","12":"product-type-simple"},"_links":{"self":[{"href":"https:\/\/wristbandfactory.eu\/et\/wp-json\/wp\/v2\/product\/5404","targetHints":{"allow":["GET"]}}],"collection":[{"href":"https:\/\/wristbandfactory.eu\/et\/wp-json\/wp\/v2\/product"}],"about":[{"href":"https:\/\/wristbandfactory.eu\/et\/wp-json\/wp\/v2\/types\/product"}],"replies":[{"embeddable":true,"href":"https:\/\/wristbandfactory.eu\/et\/wp-json\/wp\/v2\/comments?post=5404"}],"wp:featuredmedia":[{"embeddable":true,"href":"https:\/\/wristbandfactory.eu\/et\/wp-json\/wp\/v2\/media\/6666"}],"wp:attachment":[{"href":"https:\/\/wristbandfactory.eu\/et\/wp-json\/wp\/v2\/media?parent=5404"}],"wp:term":[{"taxonomy":"product_brand","embeddable":true,"href":"https:\/\/wristbandfactory.eu\/et\/wp-json\/wp\/v2\/product_brand?post=5404"},{"taxonomy":"product_cat","embeddable":true,"href":"https:\/\/wristbandfactory.eu\/et\/wp-json\/wp\/v2\/product_cat?post=5404"},{"taxonomy":"product_tag","embeddable":true,"href":"https:\/\/wristbandfactory.eu\/et\/wp-json\/wp\/v2\/product_tag?post=5404"}],"curies":[{"name":"t\u00f6\u00f6leht","href":"https:\/\/api.w.org\/{rel}","templated":true}]}}