{"id":5402,"date":"2025-11-13T16:55:11","date_gmt":"2025-11-13T13:55:11","guid":{"rendered":"https:\/\/wristbandfactory.eu\/?post_type=product&#038;p=5402"},"modified":"2025-12-30T15:03:05","modified_gmt":"2025-12-30T12:03:05","slug":"floating-foam-wristband-keychains","status":"publish","type":"product","link":"https:\/\/wristbandfactory.eu\/et\/p\/floating-foam-wristband-keychains\/","title":{"rendered":"Ujuvad vahust k\u00e4epaelaga v\u00f5tmehoidjad"},"content":{"rendered":"<p>Tagage oma klientide v\u00f5tmete turvalisus ettev\u00f5tte vee\u00fcritustel, jahisadamates v\u00f5i paadiretkedel meie ujuvate vahust k\u00e4epaelaga v\u00f5tmehoidjate abil. See praktiline reklaamtoode on h\u00e4davajalik igale ettev\u00f5ttele, mis on seotud vee, majutuse v\u00f5i paadiga.<\/p>\n<p>See v\u00f5tmehoidja on loodud mugavaks randmel kandmiseks ning see on valmistatud vastupidavast PET-pol\u00fcestermaterjalist, mis on t\u00e4idetud vahuga. See konstruktsioon tagab selle ujuvuse, hoides tavalisi v\u00f5tmeid vette kukkudes uputamast. Selle erksad PANTONE 298C v\u00e4rvid tagavad hea n\u00e4htavuse ja on kergesti m\u00e4rgatavad.<\/p>\n<p>Ideaalne jagamiseks paadin\u00e4itustel, standardse esemena jahisadama liikmetele v\u00f5i funktsionaalse kingitusena reisi- ja majutusbr\u00e4ndidele \u2013 see ujuv v\u00f5tmehoidja tagab, et teie br\u00e4ndi seostatakse ohutuse ja praktilisusega.<\/p>\n<p><b>Peamised omadused:<\/b><\/p>\n<ul>\n<li><b>Ujuv vahuga t\u00e4idetud disain:<\/b> Usaldusv\u00e4\u00e4rselt h\u00f5ljub, takistades v\u00f5tmete vette vajumist.<\/li>\n<li><b>Vastupidav PET-materjal:<\/b> Valmistatud vastupidavast pol\u00fcestrist pikaajaliseks kasutamiseks merekeskkonnas.<\/li>\n<li><b>H\u00e4sti n\u00e4htav v\u00e4rv:<\/b> Saadaval erksas PANTONE 298C v\u00e4rvitoonis, et vees oleks lihtne m\u00e4rgata.<\/li>\n<li><b>K\u00e4ed-vabad kasutamine:<\/b> Toimib praktilise mugavuse huvides nii k\u00e4epaela kui ka v\u00f5tmehoidjana.<\/li>\n<li><b>Sertifitseeritud tootmine:<\/b> Valmistatud amfori BSCI auditeeritud tehases, tagades vastutustundliku hankimise.<\/li>\n<\/ul>","protected":false},"excerpt":{"rendered":"<ul>\n<li>Hoiab \u00e4ra v\u00f5tmete uppumise, ideaalne paadis\u00f5iduks, jahisadamatesse ja veekogu\u00e4\u00e4rseteks \u00fcritusteks.<\/li>\n<li>Valmistatud vastupidavast vahuga t\u00e4idetud PET-pol\u00fcestrist usaldusv\u00e4\u00e4rse ujuvuse tagamiseks.<\/li>\n<li>Pakub veega seotud kaubam\u00e4rkidele n\u00e4htavat reklaammaterjali.<\/li>\n<li>Saadaval erksas PANTONE 298C sinises toonis, et seda oleks lihtne m\u00e4rgata.<\/li>\n<\/ul>","protected":false},"featured_media":6411,"comment_status":"closed","ping_status":"closed","template":"","meta":[],"product_brand":[],"product_cat":[66,94],"product_tag":[],"class_list":{"0":"post-5402","1":"product","2":"type-product","3":"status-publish","4":"has-post-thumbnail","6":"product_cat-wristbands","7":"product_cat-keychains","9":"first","10":"instock","11":"shipping-taxable","12":"purchasable","13":"product-type-simple"},"_links":{"self":[{"href":"https:\/\/wristbandfactory.eu\/et\/wp-json\/wp\/v2\/product\/5402","targetHints":{"allow":["GET"]}}],"collection":[{"href":"https:\/\/wristbandfactory.eu\/et\/wp-json\/wp\/v2\/product"}],"about":[{"href":"https:\/\/wristbandfactory.eu\/et\/wp-json\/wp\/v2\/types\/product"}],"replies":[{"embeddable":true,"href":"https:\/\/wristbandfactory.eu\/et\/wp-json\/wp\/v2\/comments?post=5402"}],"wp:featuredmedia":[{"embeddable":true,"href":"https:\/\/wristbandfactory.eu\/et\/wp-json\/wp\/v2\/media\/6411"}],"wp:attachment":[{"href":"https:\/\/wristbandfactory.eu\/et\/wp-json\/wp\/v2\/media?parent=5402"}],"wp:term":[{"taxonomy":"product_brand","embeddable":true,"href":"https:\/\/wristbandfactory.eu\/et\/wp-json\/wp\/v2\/product_brand?post=5402"},{"taxonomy":"product_cat","embeddable":true,"href":"https:\/\/wristbandfactory.eu\/et\/wp-json\/wp\/v2\/product_cat?post=5402"},{"taxonomy":"product_tag","embeddable":true,"href":"https:\/\/wristbandfactory.eu\/et\/wp-json\/wp\/v2\/product_tag?post=5402"}],"curies":[{"name":"t\u00f6\u00f6leht","href":"https:\/\/api.w.org\/{rel}","templated":true}]}}