{"id":5393,"date":"2025-11-13T16:47:58","date_gmt":"2025-11-13T13:47:58","guid":{"rendered":"https:\/\/wristbandfactory.eu\/?post_type=product&#038;p=5393"},"modified":"2025-12-16T15:06:47","modified_gmt":"2025-12-16T12:06:47","slug":"silicone-wristbands-with-aluminium-plate","status":"publish","type":"product","link":"https:\/\/wristbandfactory.eu\/et\/p\/silicone-wristbands-with-aluminium-plate\/","title":{"rendered":"Silikoonist k\u00e4epaelad alumiiniumplaadiga"},"content":{"rendered":"<p><span class=\"citation-125 citation-end-125\">T\u00f5stke oma reklaamtooteid uuele tasemele meie silikoonist k\u00e4epaeltega, millel on silmapaistev alumiiniumplaat. <\/span><span class=\"citation-124 citation-end-124\">See mudel \u00fchendab silikooni mugavuse ja vastupidavuse esmaklassilise metallplaadiga, luues ideaalse l\u00f5uendi teie ettev\u00f5tte logo jaoks. <\/span><\/p>\n<p><span class=\"citation-123 citation-end-123\">Erinevalt tavalistest tr\u00fckitud v\u00f5i reljeefsetest ribadest on h\u00f5bedane alumiiniumplaat <\/span> on loodud lasergraveerimiseks, pakkudes teravat, p\u00fcsivat ja kvaliteetset viimistlust, mis ei kulu maha. See teeb sellest suurep\u00e4rase valiku firma\u00fcritusteks, VIP-p\u00e4\u00e4smeteks v\u00f5i vastupidavaks reklaamtooteks, mida kliendid ja t\u00f6\u00f6tajad hindavad.<\/p>\n<p><span class=\"citation-122 citation-end-122\">K\u00e4epael ise on valmistatud kvaliteetsest ja vastupidavast silikoonist, mis tagab mugava kandmise konverentsidel v\u00f5i messidel terve p\u00e4eva v\u00e4ltel. <\/span> Suurus 202 x 12 x 3 mm sobib enamikule t\u00e4iskasvanutele. See segamaterjalidest disain pakub teie j\u00e4rgmisele turunduskampaaniale peent ja moodsat v\u00e4limust.<\/p>\n<p><b>Peamised omadused:<\/b><\/p>\n<ul>\n<li><b><span class=\"citation-121\">Premium metallplaat:<\/span><\/b><span class=\"citation-121 citation-end-121\"> Varustatud ereda h\u00f5bedase alumiiniumplaadiga, mis sobib ideaalselt lasergraveerimiseks. <\/span><\/li>\n<li><b><span class=\"citation-120\">Vastupidav silikoonrihm:<\/span><\/b><span class=\"citation-120 citation-end-120\"> Valmistatud kvaliteetsest 100% silikoonist mugavuse ja pikaealisuse tagamiseks. <\/span><\/li>\n<li><b>Tipptasemel br\u00e4nding:<\/b> Pakub keerukamat ja vastupidavamat br\u00e4ndinguv\u00f5imalust kui tavalised t\u00e4issilikoonist rihmad.<\/li>\n<li><b>T\u00e4iskasvanu standardsuurus:<\/b> M\u00f5\u00f5tmed 202 x 12 x 3 mm sobivad enamikule osalejatele.<\/li>\n<li><b>Kerge:<\/b> Kaalub vaid 8 g, mis teeb selle mugavaks terveks p\u00e4evaks.<\/li>\n<\/ul>","protected":false},"excerpt":{"rendered":"<ul>\n<li><span class=\"citation-127 citation-end-127\">Sisaldab kvaliteetset h\u00f5bedast alumiiniumplaati vastupidava graveeritud logo jaoks. <\/span><\/li>\n<li><span class=\"citation-126 citation-end-126\">Vastupidav 100% silikoonrihm on mugav kanda terve p\u00e4eva v\u00e4ltel. <\/span><\/li>\n<li>Ideaalne firma\u00fcritusteks, heategevus\u00fcritusteks ja esmaklassiliseks reklaamtooteks.<\/li>\n<li>Standardsuurus 202 x 12 x 3 mm sobib enamiku t\u00e4iskasvanute randmetele.<\/li>\n<\/ul>","protected":false},"featured_media":5946,"comment_status":"closed","ping_status":"closed","template":"","meta":[],"product_brand":[],"product_cat":[49],"product_tag":[],"class_list":{"0":"post-5393","1":"product","2":"type-product","3":"status-publish","4":"has-post-thumbnail","6":"product_cat-silicone","8":"first","9":"instock","10":"shipping-taxable","11":"purchasable","12":"product-type-simple"},"_links":{"self":[{"href":"https:\/\/wristbandfactory.eu\/et\/wp-json\/wp\/v2\/product\/5393","targetHints":{"allow":["GET"]}}],"collection":[{"href":"https:\/\/wristbandfactory.eu\/et\/wp-json\/wp\/v2\/product"}],"about":[{"href":"https:\/\/wristbandfactory.eu\/et\/wp-json\/wp\/v2\/types\/product"}],"replies":[{"embeddable":true,"href":"https:\/\/wristbandfactory.eu\/et\/wp-json\/wp\/v2\/comments?post=5393"}],"wp:featuredmedia":[{"embeddable":true,"href":"https:\/\/wristbandfactory.eu\/et\/wp-json\/wp\/v2\/media\/5946"}],"wp:attachment":[{"href":"https:\/\/wristbandfactory.eu\/et\/wp-json\/wp\/v2\/media?parent=5393"}],"wp:term":[{"taxonomy":"product_brand","embeddable":true,"href":"https:\/\/wristbandfactory.eu\/et\/wp-json\/wp\/v2\/product_brand?post=5393"},{"taxonomy":"product_cat","embeddable":true,"href":"https:\/\/wristbandfactory.eu\/et\/wp-json\/wp\/v2\/product_cat?post=5393"},{"taxonomy":"product_tag","embeddable":true,"href":"https:\/\/wristbandfactory.eu\/et\/wp-json\/wp\/v2\/product_tag?post=5393"}],"curies":[{"name":"t\u00f6\u00f6leht","href":"https:\/\/api.w.org\/{rel}","templated":true}]}}