{"id":5317,"date":"2025-10-24T14:59:22","date_gmt":"2025-10-24T11:59:22","guid":{"rendered":"https:\/\/wristbandfactory.eu\/?post_type=product&#038;p=5317"},"modified":"2026-01-11T23:15:35","modified_gmt":"2026-01-11T20:15:35","slug":"round-cord-lanyards-with-logo-pad-safety-breakaway","status":"publish","type":"product","link":"https:\/\/wristbandfactory.eu\/et\/p\/round-cord-lanyards-with-logo-pad-safety-breakaway\/","title":{"rendered":"\u00dcmarad paelaga kaelapaelad logopadja ja turval\u00fclitiga"},"content":{"rendered":"<p data-path-to-node=\"9\">Sujuvamaks muutke \u00fcritustele ligip\u00e4\u00e4su ja t\u00e4iustage oma ettev\u00f5tte ohutusprotokolle meie \u00fcmarate paelaga kaelapaelade ja logopadjaga. See nutikalt disainitud toode lahendab levinud probleemi: kuidas mugavalt ja \u00f5hukese paelaga kaelapaela t\u00f5husalt br\u00e4ndida. Keskse spetsiaalse tr\u00fckipadja integreerimisega pakume teie logo jaoks tasast ja h\u00e4sti n\u00e4htavat pinda, s\u00e4ilitades samal ajal \u00fcmara paela minimalistliku mugavuse.<\/p>\n<p data-path-to-node=\"10\">Vastupidavast, kuid pehmest pol\u00fcesterpaelast valmistatud kaelapaelad on erakordselt mugavad pikaajaliseks kandmiseks messidel, konverentsidel v\u00f5i kontoris. \u00dcmar profiil on v\u00e4hem pealet\u00fckkiv kui laiad paelad, muutes selle aktiivsete t\u00f6\u00f6tajate lemmikuks.<\/p>\n<p data-path-to-node=\"11\"><b>Turvalisus ennek\u00f5ike B2B keskkondades<\/b> Kasutaja ohutuse suurendamiseks on iga kaelapael standardvarustuses eemaldatav turvakl\u00f5psuga sulgur kaelaosas. See mehhanism vabaneb automaatselt, kui paela t\u00f5mmatakse v\u00f5i see takerdub masina v\u00f5i uste vahele, muutes selle sobivaks valikuks t\u00f6\u00f6stuskeskkondades, koolides, haiglates ja tihedatel \u00fcritustel. Usaldusv\u00e4\u00e4rne metallist karabiiniklamber hoiab turvaliselt ID-kaarte, l\u00e4bip\u00e4\u00e4sukaarte v\u00f5i v\u00f5tmeid.<\/p>\n<p data-path-to-node=\"12\"><b>Peamised omadused:<\/b><\/p>\n<ul data-path-to-node=\"13\">\n<li>\n<p data-path-to-node=\"13,0,0\"><b>Keskne logopadi:<\/b> \u00dcmmargune plastketas pakub spetsiaalset pinda terava ja selge logo printimiseks.<\/p>\n<\/li>\n<li>\n<p data-path-to-node=\"13,1,0\"><b>Turvaline lahtilukustumine Catch:<\/b> Oluline ohutusfunktsioon, mis vabaneb r\u00f5hu all vigastuste v\u00e4ltimiseks.<\/p>\n<\/li>\n<li>\n<p data-path-to-node=\"13,2,0\"><b>Vastupidav \u00fcmar pael:<\/b> 100% pol\u00fcesterpael pakub lamedate paeltega v\u00f5rreldes suurep\u00e4rast vastupidavust ja mugavust.<\/p>\n<\/li>\n<li>\n<p data-path-to-node=\"13,3,0\"><b>Metallist karabiiniklamber:<\/b> Tugev kinnitus tagab ID-kaartide ja v\u00f5tmete turvalisuse.<\/p>\n<\/li>\n<li>\n<p data-path-to-node=\"13,4,0\"><b>Hulgim\u00fc\u00fcgis saadavus:<\/b> Ideaalne suuremahuliste \u00fcrituste ja ettev\u00f5tete hangete jaoks (minimaalne tellimuse kogus 100).<\/p>\n<\/li>\n<\/ul>","protected":false},"excerpt":{"rendered":"<ul>\n<li>\n<p data-path-to-node=\"8,0,0\"><b>Nutikas br\u00e4nding:<\/b> Spetsiaalne keskne plastpadi tagab, et teie logo on paelapaelal selgelt n\u00e4htav.<\/p>\n<\/li>\n<li>\n<p data-path-to-node=\"8,1,0\"><b>Ohutusn\u00f5uetele vastavus:<\/b> Varustatud turval\u00fclitiga, mis vabaneb pinge all.<\/p>\n<\/li>\n<li>\n<p data-path-to-node=\"8,2,0\"><b>Mugav disain:<\/b> Pehme, \u00fcmmargune pol\u00fcesterpael hoiab \u00e4ra naha\u00e4rrituse kogu p\u00e4eva jooksul kandes.<\/p>\n<\/li>\n<li>\n<p data-path-to-node=\"8,3,0\"><b>Turvaline manus:<\/b> Sisaldab vastupidavat metallkarabiin ID-kaartide ja v\u00f5tmete jaoks.<\/p>\n<\/li>\n<\/ul>","protected":false},"featured_media":6768,"comment_status":"closed","ping_status":"closed","template":"","meta":[],"product_brand":[],"product_cat":[125,104,106],"product_tag":[],"class_list":{"0":"post-5317","1":"product","2":"type-product","3":"status-publish","4":"has-post-thumbnail","6":"product_cat-cord-lanyards","7":"product_cat-custom-printed-lanyards","8":"product_cat-breakaway-lanyards","10":"first","11":"instock","12":"shipping-taxable","13":"purchasable","14":"product-type-simple"},"_links":{"self":[{"href":"https:\/\/wristbandfactory.eu\/et\/wp-json\/wp\/v2\/product\/5317","targetHints":{"allow":["GET"]}}],"collection":[{"href":"https:\/\/wristbandfactory.eu\/et\/wp-json\/wp\/v2\/product"}],"about":[{"href":"https:\/\/wristbandfactory.eu\/et\/wp-json\/wp\/v2\/types\/product"}],"replies":[{"embeddable":true,"href":"https:\/\/wristbandfactory.eu\/et\/wp-json\/wp\/v2\/comments?post=5317"}],"wp:featuredmedia":[{"embeddable":true,"href":"https:\/\/wristbandfactory.eu\/et\/wp-json\/wp\/v2\/media\/6768"}],"wp:attachment":[{"href":"https:\/\/wristbandfactory.eu\/et\/wp-json\/wp\/v2\/media?parent=5317"}],"wp:term":[{"taxonomy":"product_brand","embeddable":true,"href":"https:\/\/wristbandfactory.eu\/et\/wp-json\/wp\/v2\/product_brand?post=5317"},{"taxonomy":"product_cat","embeddable":true,"href":"https:\/\/wristbandfactory.eu\/et\/wp-json\/wp\/v2\/product_cat?post=5317"},{"taxonomy":"product_tag","embeddable":true,"href":"https:\/\/wristbandfactory.eu\/et\/wp-json\/wp\/v2\/product_tag?post=5317"}],"curies":[{"name":"t\u00f6\u00f6leht","href":"https:\/\/api.w.org\/{rel}","templated":true}]}}