{"id":5312,"date":"2025-10-24T14:27:43","date_gmt":"2025-10-24T11:27:43","guid":{"rendered":"https:\/\/wristbandfactory.eu\/?post_type=product&#038;p=5312"},"modified":"2026-01-10T00:00:57","modified_gmt":"2026-01-09T21:00:57","slug":"eco-friendly-cardboard-lanyards-20mm","status":"publish","type":"product","link":"https:\/\/wristbandfactory.eu\/et\/p\/eco-friendly-cardboard-lanyards-20mm\/","title":{"rendered":"Paberist kaelapaelad (taaskasutatud kartong)"},"content":{"rendered":"<p data-path-to-node=\"11\">Esitage julge ja n\u00e4htav avaldus oma organisatsiooni keskkonnav\u00e4\u00e4rtuste kohta meie abil <b>Keskkonnas\u00f5bralikud papist kaelapaelad<\/b>. \u00dclima plastmassivastase lahendusena on need kaelapaelad loodud j\u00e4\u00e4tmevabade \u00fcrituste, roheliste konverentside ja br\u00e4ndide jaoks, kes soovivad j\u00e4tkusuutlikkuse eestk\u00f5nelejaid.<\/p>\n<p data-path-to-node=\"12\">Valmistatud <b>vastupidav taaskasutatud papp<\/b> (tugevdatud paberist) kaelapaelad pakuvad j\u00e4tkusuutlikku alternatiivi pol\u00fcestrile ja nailonile. Kuigi need tunduvad loomulikud ja kerged nagu paber, on need loodud olema piisavalt vastupidavad, et taluda t\u00fc\u00fcpilise messi v\u00f5i firma\u00fcrituse kulumist. Nende iseloomulik \u201cj\u00f5upaberist\u201d v\u00e4limus annab igale osalejale koheselt edasi s\u00e4\u00e4stlikkuse s\u00f5numi.<\/p>\n<p data-path-to-node=\"13\">Iga kaelapaela standardlaius on 20 mm, et tagada mugav sobivus, ning see on varustatud kvaliteetse... <b>metallist p\u00f6\u00f6rlev karabiin<\/b>. See tagab, et isegi teie kinnitusmehhanism on vastupidav ja usaldusv\u00e4\u00e4rne. Selle \u201cNature Line\u201d toote valimisega k\u00f5rvaldate oma \u00fcrituse tarneahelast t\u00e4ielikult \u00fchekordselt kasutatavad plastid.<\/p>\n<p data-path-to-node=\"14\"><b>Peamised omadused:<\/b><\/p>\n<ul data-path-to-node=\"15\">\n<li>\n<p data-path-to-node=\"15,0,0\"><b>Materjal:<\/b> 100% vastupidav taaskasutatud papp (paberip\u00f5hine).<\/p>\n<\/li>\n<li>\n<p data-path-to-node=\"15,1,0\"><b>J\u00e4tkusuutlikkus:<\/b> T\u00e4iesti plastvaba alternatiiv keskkonnateadlikule br\u00e4ndingule.<\/p>\n<\/li>\n<li>\n<p data-path-to-node=\"15,2,0\"><b>Vastupidavus:<\/b> Loodud ID-kaartide turvaliseks hoidmiseks tavaliste \u00fcrituste ajal.<\/p>\n<\/li>\n<li>\n<p data-path-to-node=\"15,3,0\"><b>Riistvara:<\/b> Komplektis on vastupidav metallist p\u00f6\u00f6rlev karabiin h\u00f5lpsaks kinnitamiseks.<\/p>\n<\/li>\n<li>\n<p data-path-to-node=\"15,4,0\"><b>Esteetika:<\/b> Naturaalne matt viimistlus, mis r\u00f5hutab keskkonnas\u00f5bralikku p\u00e4ritolu.<\/p>\n<\/li>\n<\/ul>","protected":false},"excerpt":{"rendered":"<ul>\n<li>\n<p data-path-to-node=\"9,0,0\"><b>Plastivaba lahendus:<\/b> T\u00e4iesti plastikvaba kaelapael, mis on valmistatud vastupidavast, taaskasutatud paberip\u00f5hisest materjalist.<\/p>\n<\/li>\n<li>\n<p data-path-to-node=\"9,1,0\"><b>Loodusliin:<\/b> Osa meie eksklusiivsest \u00f6kosarjast, mis pakub erilist ja loomulikku esteetikat (j\u00f5upaberi v\u00e4limus).<\/p>\n<\/li>\n<li>\n<p data-path-to-node=\"9,2,0\"><b>\u00dcllatavalt vastupidav:<\/b> Loodud olema piisavalt vastupidav \u00fchep\u00e4evaste \u00fcrituste, konverentside ja koosolekute jaoks.<\/p>\n<\/li>\n<li>\n<p data-path-to-node=\"9,3,0\"><b>Standardne sobivus:<\/b> 20 mm laius tagab n\u00e4htavuse ja mugavuse, varustatud vastupidava metallist p\u00f6\u00f6rleva karabiiniga.<\/p>\n<\/li>\n<\/ul>","protected":false},"featured_media":6697,"comment_status":"closed","ping_status":"closed","template":"","meta":[],"product_brand":[],"product_cat":[107,113],"product_tag":[],"class_list":{"0":"post-5312","1":"product","2":"type-product","3":"status-publish","4":"has-post-thumbnail","6":"product_cat-eco-friendly-lanyards","7":"product_cat-plain-lanyards","9":"first","10":"instock","11":"shipping-taxable","12":"purchasable","13":"product-type-simple"},"_links":{"self":[{"href":"https:\/\/wristbandfactory.eu\/et\/wp-json\/wp\/v2\/product\/5312","targetHints":{"allow":["GET"]}}],"collection":[{"href":"https:\/\/wristbandfactory.eu\/et\/wp-json\/wp\/v2\/product"}],"about":[{"href":"https:\/\/wristbandfactory.eu\/et\/wp-json\/wp\/v2\/types\/product"}],"replies":[{"embeddable":true,"href":"https:\/\/wristbandfactory.eu\/et\/wp-json\/wp\/v2\/comments?post=5312"}],"wp:featuredmedia":[{"embeddable":true,"href":"https:\/\/wristbandfactory.eu\/et\/wp-json\/wp\/v2\/media\/6697"}],"wp:attachment":[{"href":"https:\/\/wristbandfactory.eu\/et\/wp-json\/wp\/v2\/media?parent=5312"}],"wp:term":[{"taxonomy":"product_brand","embeddable":true,"href":"https:\/\/wristbandfactory.eu\/et\/wp-json\/wp\/v2\/product_brand?post=5312"},{"taxonomy":"product_cat","embeddable":true,"href":"https:\/\/wristbandfactory.eu\/et\/wp-json\/wp\/v2\/product_cat?post=5312"},{"taxonomy":"product_tag","embeddable":true,"href":"https:\/\/wristbandfactory.eu\/et\/wp-json\/wp\/v2\/product_tag?post=5312"}],"curies":[{"name":"t\u00f6\u00f6leht","href":"https:\/\/api.w.org\/{rel}","templated":true}]}}