{"id":5307,"date":"2025-10-24T14:13:39","date_gmt":"2025-10-24T11:13:39","guid":{"rendered":"https:\/\/wristbandfactory.eu\/?post_type=product&#038;p=5307"},"modified":"2025-10-24T14:13:39","modified_gmt":"2025-10-24T11:13:39","slug":"plantable-seed-paper-id-badges","status":"publish","type":"product","link":"https:\/\/wristbandfactory.eu\/et\/p\/plantable-seed-paper-id-badges\/","title":{"rendered":"Istutatavast seemnepaberist ID-m\u00e4rgid"},"content":{"rendered":"<p>Tavaline \u00fcrituste identifitseerimine aitab sageli otseselt kaasa pr\u00fcgim\u00e4ele sattumise j\u00e4\u00e4tmete tekkele. Meie istutatavad seemnepaberist ID-m\u00e4rgid muudavad selle probleemi v\u00f5imsaks ja j\u00e4tkusuutlikuks turunduss\u00f5numiks. See keskkonnas\u00f5bralik identifikaator mitte ainult ei t\u00e4ida oma eesm\u00e4rki teie \u00fcrituse ajal, vaid pakub ka meeldej\u00e4\u00e4vat ja j\u00e4\u00e4tmevaba einet.<\/p>\n<p>Iga taaskasutatud papist valmistatud rinnam\u00e4rk sisaldab spetsiaalset kaarti, millele on lisatud metslillede seemned. P\u00e4rast konverentsi v\u00f5i messi saavad osalejad kogu rinnam\u00e4rgi istutada, muutes selle mitmesuguste metslillede peenraks. See ainulaadne omadus tugevdab teie br\u00e4ndi p\u00fchendumust j\u00e4tkusuutlikkusele veel kaua p\u00e4rast \u00fcrituse l\u00f5ppu.<\/p>\n<p>Iga m\u00e4rk sisaldab selgeid istutusjuhiseid ja kannab embleemi \u201cMade in Europe\u201d, mis tagab kvaliteedi ja v\u00e4iksema s\u00fcsiniku jalaj\u00e4lje. Need on ideaalne valik keskkonnas\u00f5bralikeks korporatiiv\u00fcritusteks, keskkonnateadlikeks messideks ja igale organisatsioonile, mis soovib teha k\u00e4egakatsutavat keskkonnaalast avaldust.<\/p>\n<p><b>Peamised omadused:<\/b><\/p>\n<ul>\n<li><b>Keskkonnas\u00f5bralik materjal:<\/b> Peamine hoidik on valmistatud taaskasutatud papist.<\/li>\n<li><b>Istutatav seemnepaber:<\/b> Sisaldab kaarti, millele on sisse pistetud metslillede seemned, mis istutamisel kasvama hakkavad.<\/li>\n<li><b>Nullj\u00e4\u00e4tmete lahendus:<\/b> Kogu m\u00e4rgi saab istutada, j\u00e4tmata maha j\u00e4\u00e4tmeid.<\/li>\n<li><b>Valmistatud Euroopas:<\/b> Kannab embleemi \u201cMade in Europe\u201d, mis s\u00fcmboliseerib kvaliteeti ja v\u00e4hendatud s\u00fcsiniku jalaj\u00e4lge.<\/li>\n<li><b>Sisaldab juhiseid:<\/b> Selged istutusjuhised on tr\u00fckitud sees.<\/li>\n<li><b>M\u00f5\u00f5tmed:<\/b> 11,3 x 9,3 cm.<\/li>\n<\/ul>","protected":false},"excerpt":{"rendered":"<ul>\n<li>N\u00e4idake \u00fcritustel oma p\u00fchendumust j\u00e4tkusuutlikkusele.<\/li>\n<li>Valmistatud taaskasutatud papist, komplektis on metslillede seemnepaberist kaart.<\/li>\n<li>Kogu m\u00e4rgi saab p\u00e4rast \u00fcritust maha istutada.<\/li>\n<li>\u201cValmistatud Euroopas\u201d tagab kvaliteedi ja v\u00e4iksema s\u00fcsiniku jalaj\u00e4lje.<\/li>\n<\/ul>","protected":false},"featured_media":5308,"comment_status":"closed","ping_status":"closed","template":"","meta":[],"product_brand":[],"product_cat":[91],"product_tag":[],"class_list":{"0":"post-5307","1":"product","2":"type-product","3":"status-publish","4":"has-post-thumbnail","6":"product_cat-badge-holders","8":"first","9":"instock","10":"shipping-taxable","11":"purchasable","12":"product-type-simple"},"_links":{"self":[{"href":"https:\/\/wristbandfactory.eu\/et\/wp-json\/wp\/v2\/product\/5307","targetHints":{"allow":["GET"]}}],"collection":[{"href":"https:\/\/wristbandfactory.eu\/et\/wp-json\/wp\/v2\/product"}],"about":[{"href":"https:\/\/wristbandfactory.eu\/et\/wp-json\/wp\/v2\/types\/product"}],"replies":[{"embeddable":true,"href":"https:\/\/wristbandfactory.eu\/et\/wp-json\/wp\/v2\/comments?post=5307"}],"wp:featuredmedia":[{"embeddable":true,"href":"https:\/\/wristbandfactory.eu\/et\/wp-json\/wp\/v2\/media\/5308"}],"wp:attachment":[{"href":"https:\/\/wristbandfactory.eu\/et\/wp-json\/wp\/v2\/media?parent=5307"}],"wp:term":[{"taxonomy":"product_brand","embeddable":true,"href":"https:\/\/wristbandfactory.eu\/et\/wp-json\/wp\/v2\/product_brand?post=5307"},{"taxonomy":"product_cat","embeddable":true,"href":"https:\/\/wristbandfactory.eu\/et\/wp-json\/wp\/v2\/product_cat?post=5307"},{"taxonomy":"product_tag","embeddable":true,"href":"https:\/\/wristbandfactory.eu\/et\/wp-json\/wp\/v2\/product_tag?post=5307"}],"curies":[{"name":"t\u00f6\u00f6leht","href":"https:\/\/api.w.org\/{rel}","templated":true}]}}