{"id":5304,"date":"2025-10-24T13:51:56","date_gmt":"2025-10-24T10:51:56","guid":{"rendered":"https:\/\/wristbandfactory.eu\/?post_type=product&#038;p=5304"},"modified":"2026-01-09T16:31:02","modified_gmt":"2026-01-09T13:31:02","slug":"reusable-event-cups-extra-large-1-2l","status":"publish","type":"product","link":"https:\/\/wristbandfactory.eu\/et\/p\/reusable-event-cups-extra-large-1-2l\/","title":{"rendered":"Korduvkasutatavad \u00fcrituste tassid (eriti suured 1,2 l)"},"content":{"rendered":"<p data-path-to-node=\"7\">V\u00e4hendage j\u00e4rjekordi ja maksimeerige osalejate rahulolu oma suur\u00fcritusel meie 1,2-liitriste eriti suurte korduvkasutatavate PP-topsidega. See suure mahutavusega tops on ideaalne lahendus staadionidele, suurfestivalidele ja kontsertidele, v\u00f5imaldades teil serveerida suuremaid portsjoneid ja minimeerida oluliselt t\u00e4itevajadust.<\/p>\n<p data-path-to-node=\"8\">Vastupidavast, kuid painduvast PP-st (pol\u00fcprop\u00fcleenist) valmistatud topsid on purunemiskindlad ja m\u00f5eldud korduvaks kasutamiseks, pakkudes vastupidavat ja keskkonnas\u00f5bralikku alternatiivi \u00fchekordselt kasutatavatele plasttopsidele.<\/p>\n<p data-path-to-node=\"9\">L\u00e4bipaistev viimistlus pakub teie ettev\u00f5tte logo v\u00f5i \u00fcrituse br\u00e4ndingu jaoks h\u00e4sti n\u00e4htavat l\u00f5uendit. Selle tassi ainulaadne omadus on spetsiaalselt vormitud alus, mis on loodud tagama joogialustele asetamisel lisastabiilsust.<\/p>\n<p data-path-to-node=\"10\"><b>Peamised omadused:<\/b><\/p>\n<ul data-path-to-node=\"11\">\n<li>\n<p data-path-to-node=\"11,0,0\"><b>Eriti suur 1,2-liitrine mahutavus:<\/b> Minimeerib taast\u00e4itmisi suure k\u00fclastatavusega festivalidel, staadionidel ja kontsertidel.<\/p>\n<\/li>\n<li>\n<p data-path-to-node=\"11,1,0\"><b>Vastupidav PP materjal:<\/b> Paindlik, purunemiskindel ja t\u00e4ielikult korduvkasutatav mitmeteks \u00fcritusteks.<\/p>\n<\/li>\n<li>\n<p data-path-to-node=\"11,2,0\"><b>L\u00e4bipaistev viimistlus:<\/b> Pakub ideaalset ja h\u00e4sti n\u00e4htavat pinda eridisainiga kaubam\u00e4rgi jaoks.<\/p>\n<\/li>\n<li>\n<p data-path-to-node=\"11,3,0\"><b>Stabiilne aluskonstruktsioon:<\/b> Spetsiaalselt vormitud alus, et see oleks kindlalt joogialustele paigutatud.<\/p>\n<\/li>\n<li>\n<p data-path-to-node=\"11,4,0\"><b>Suured m\u00f5\u00f5tmed:<\/b> K\u00f5rgus 19 cm ja l\u00e4bim\u00f5\u00f5t 10,7 cm.<\/p>\n<\/li>\n<\/ul>","protected":false},"excerpt":{"rendered":"<ul>\n<li>\n<p data-path-to-node=\"6,0,0\">Eriti suur 1,2-liitrine maht v\u00e4hendab t\u00e4itmist suuremahulistel \u00fcritustel.<\/p>\n<\/li>\n<li>\n<p data-path-to-node=\"6,1,0\">Valmistatud vastupidavast, painduvast ja purunemiskindlast PP-materjalist.<\/p>\n<\/li>\n<li>\n<p data-path-to-node=\"6,2,0\">L\u00e4bipaistev viimistlus pakub br\u00e4ndingule h\u00e4sti n\u00e4htavat l\u00f5uendit.<\/p>\n<\/li>\n<li>\n<p data-path-to-node=\"6,3,0\">Ainulaadse ja stabiilse aluse disainiga, mis sobib kasutamiseks joogialustega.<\/p>\n<\/li>\n<li><\/li>\n<\/ul>","protected":false},"featured_media":6622,"comment_status":"closed","ping_status":"closed","template":"","meta":[],"product_brand":[],"product_cat":[111],"product_tag":[],"class_list":{"0":"post-5304","1":"product","2":"type-product","3":"status-publish","4":"has-post-thumbnail","6":"product_cat-reusable-event-cups","8":"first","9":"instock","10":"shipping-taxable","11":"product-type-simple"},"_links":{"self":[{"href":"https:\/\/wristbandfactory.eu\/et\/wp-json\/wp\/v2\/product\/5304","targetHints":{"allow":["GET"]}}],"collection":[{"href":"https:\/\/wristbandfactory.eu\/et\/wp-json\/wp\/v2\/product"}],"about":[{"href":"https:\/\/wristbandfactory.eu\/et\/wp-json\/wp\/v2\/types\/product"}],"replies":[{"embeddable":true,"href":"https:\/\/wristbandfactory.eu\/et\/wp-json\/wp\/v2\/comments?post=5304"}],"wp:featuredmedia":[{"embeddable":true,"href":"https:\/\/wristbandfactory.eu\/et\/wp-json\/wp\/v2\/media\/6622"}],"wp:attachment":[{"href":"https:\/\/wristbandfactory.eu\/et\/wp-json\/wp\/v2\/media?parent=5304"}],"wp:term":[{"taxonomy":"product_brand","embeddable":true,"href":"https:\/\/wristbandfactory.eu\/et\/wp-json\/wp\/v2\/product_brand?post=5304"},{"taxonomy":"product_cat","embeddable":true,"href":"https:\/\/wristbandfactory.eu\/et\/wp-json\/wp\/v2\/product_cat?post=5304"},{"taxonomy":"product_tag","embeddable":true,"href":"https:\/\/wristbandfactory.eu\/et\/wp-json\/wp\/v2\/product_tag?post=5304"}],"curies":[{"name":"t\u00f6\u00f6leht","href":"https:\/\/api.w.org\/{rel}","templated":true}]}}