{"id":5300,"date":"2025-10-24T12:52:28","date_gmt":"2025-10-24T09:52:28","guid":{"rendered":"https:\/\/wristbandfactory.eu\/?post_type=product&#038;p=5300"},"modified":"2026-01-05T00:20:13","modified_gmt":"2026-01-04T21:20:13","slug":"laser-engravable-rectangular-glass-trophies","status":"publish","type":"product","link":"https:\/\/wristbandfactory.eu\/et\/p\/laser-engravable-rectangular-glass-trophies\/","title":{"rendered":"Lasergraveeritavad ristk\u00fclikukujulised klaasist trofeed"},"content":{"rendered":"<p>Avaldage oma j\u00e4rgmisel auhinnatseremoonial v\u00f5i ettev\u00f5tte galal m\u00e4rkimisv\u00e4\u00e4rset muljet. Meie suur ristk\u00fclikukujuline klaasist trofee on esmaklassiline ja mahukas auhind, mis sobib ideaalselt tipptegijate, v\u00f5tmeklientide v\u00f5i v\u00f5istluste v\u00f5itjate tunnustamiseks.<\/p>\n<p>See trofee on 19 cm k\u00f5rge ja valmistatud paksust kvaliteetsest klaasist, kaaludes 690 grammi, andes m\u00e4rgatavalt esmaklassilise ilme. Puhas ja ristk\u00fclikukujuline disain pakub suurt ja tasast pinda, mis on spetsiaalselt loodud \u00fclit\u00e4pseks laserprintimiseks (graveerimiseks). See tagab, et teie ettev\u00f5tte logo, auhinna nimetus ja saaja andmed on isikup\u00e4rastatud erakordse selgusega. Ideaalne m\u00fc\u00fcgiauhindade, kuu t\u00f6\u00f6taja programmide v\u00f5i v\u00f5tmepartnerite t\u00e4namiseks \u2013 iga trofee tarnitakse eraldi kaitse\u00fcmbrises, mis tagab selle ohutuse transpordil ja esitlemiseks valmisoleku.<\/p>\n<p><b>Peamised omadused:<\/b><\/p>\n<ul>\n<li><b>Suur ristk\u00fclikukujuline disain:<\/b> 19 cm k\u00f5rge, pakkudes piisavalt ruumi eridisainiga graveeringute jaoks.<\/li>\n<li><b>Esmaklassiline raskeklaas:<\/b> 690 g kaaluv trofee annab tugeva tunde, mis suurendab selle tajutavat v\u00e4\u00e4rtust.<\/li>\n<li><b>Lasergraveerimiseks optimeeritud:<\/b> Spetsiaalselt kujundatud pind v\u00f5imaldab teravat ja detailset laserprinditud kohandamist.<\/li>\n<li><b>Stabiilne alus:<\/b> Vastupidaval, 4,5 cm s\u00fcgavusel klaasist alusel on see kindlalt laual v\u00f5i riiulil n\u00e4htaval.<\/li>\n<li><b>Kaitse\u00fcmbris kaasas:<\/b> Iga trofee on ohutuks transportimiseks ja kinkimiseks eraldi karbis.<\/li>\n<\/ul>\n<p>&nbsp;<\/p>","protected":false},"excerpt":{"rendered":"<ul>\n<li>Kvaliteetne 19 cm k\u00f5rgune ristk\u00fclikukujuline klaasist auhind.<\/li>\n<li>M\u00e4rkimisv\u00e4\u00e4rne kaal 690 g annab hea hinna ja kvaliteedi suhte.<\/li>\n<li>Optimeeritud pind teie logo t\u00e4pseks lasergraveerimiseks.<\/li>\n<li>Komplektis on individuaalne kaitse\u00fcmbris ohutuks esitlemiseks.<\/li>\n<\/ul>","protected":false},"featured_media":6540,"comment_status":"closed","ping_status":"closed","template":"","meta":[],"product_brand":[],"product_cat":[79],"product_tag":[],"class_list":{"0":"post-5300","1":"product","2":"type-product","3":"status-publish","4":"has-post-thumbnail","6":"product_cat-awards","8":"first","9":"instock","10":"shipping-taxable","11":"purchasable","12":"product-type-simple"},"_links":{"self":[{"href":"https:\/\/wristbandfactory.eu\/et\/wp-json\/wp\/v2\/product\/5300","targetHints":{"allow":["GET"]}}],"collection":[{"href":"https:\/\/wristbandfactory.eu\/et\/wp-json\/wp\/v2\/product"}],"about":[{"href":"https:\/\/wristbandfactory.eu\/et\/wp-json\/wp\/v2\/types\/product"}],"replies":[{"embeddable":true,"href":"https:\/\/wristbandfactory.eu\/et\/wp-json\/wp\/v2\/comments?post=5300"}],"wp:featuredmedia":[{"embeddable":true,"href":"https:\/\/wristbandfactory.eu\/et\/wp-json\/wp\/v2\/media\/6540"}],"wp:attachment":[{"href":"https:\/\/wristbandfactory.eu\/et\/wp-json\/wp\/v2\/media?parent=5300"}],"wp:term":[{"taxonomy":"product_brand","embeddable":true,"href":"https:\/\/wristbandfactory.eu\/et\/wp-json\/wp\/v2\/product_brand?post=5300"},{"taxonomy":"product_cat","embeddable":true,"href":"https:\/\/wristbandfactory.eu\/et\/wp-json\/wp\/v2\/product_cat?post=5300"},{"taxonomy":"product_tag","embeddable":true,"href":"https:\/\/wristbandfactory.eu\/et\/wp-json\/wp\/v2\/product_tag?post=5300"}],"curies":[{"name":"t\u00f6\u00f6leht","href":"https:\/\/api.w.org\/{rel}","templated":true}]}}