{"id":5296,"date":"2025-10-24T12:46:54","date_gmt":"2025-10-24T09:46:54","guid":{"rendered":"https:\/\/wristbandfactory.eu\/?post_type=product&#038;p=5296"},"modified":"2026-01-05T00:18:01","modified_gmt":"2026-01-04T21:18:01","slug":"laser-engravable-circular-glass-trophies","status":"publish","type":"product","link":"https:\/\/wristbandfactory.eu\/et\/p\/laser-engravable-circular-glass-trophies\/","title":{"rendered":"Lasergraveeritavad \u00fcmmargused klaasist trofeed"},"content":{"rendered":"<p>Tunnustage silmapaistvat sooritust ja verstaposte premium-auhinnaga. Meie \u00fcmmargune klaasist trofee pakub moodsat ja elegantset lahendust ettev\u00f5tte tunnustamiseks, m\u00fc\u00fcgi alguseks ja meeskonna saavutuste t\u00e4histamiseks.<\/p>\n<p>See paksust ja kvaliteetsest klaasist valmistatud trofee on ajatu \u00fcmmarguse tahvliga, mis asetseb stabiilsel kandilisel alusel. 400-grammine kaal annab sellele toeka ja v\u00e4\u00e4rtusliku tunde, mis sobib ideaalselt v\u00e4ljapanekuks. See on spetsiaalselt loodud laserprintimiseks (graveerimiseks), v\u00f5imaldades teie logo, teksti ja auhinna \u00fcksikasjade teravat ja t\u00e4pset kohandamist. Iga trofee on pakendatud omaette kaitse\u00fcmbrisesse, mis tagab selle ohutu kohalej\u00f5udmise ja esitlemiseks valmisoleku.<\/p>\n<p><b>Peamised omadused:<\/b><\/p>\n<ul>\n<li><b>Premium klaasist konstruktsioon:<\/b> Paks ja raske klaas (400 g) tagab k\u00f5rge tajutava v\u00e4\u00e4rtuse.<\/li>\n<li><b>Lasergraveerimiseks optimeeritud:<\/b> Spetsiaalselt disainitud pind teravate ja detailsete laserprinditud logode ja teksti jaoks.<\/li>\n<li><b>Elegantne \u00fcmmargune disain:<\/b> Moodne \u00fcmmargune tahvel (10 cm) kindlal ruudukujulisel alusel (6 cm).<\/li>\n<li><b>Esitlusvalmis:<\/b> Iga auhind tarnitakse ohutuks k\u00e4sitsemiseks ja esitlemiseks eraldi kaitse\u00fcmbrises.<\/li>\n<\/ul>","protected":false},"excerpt":{"rendered":"<ul>\n<li>Kvaliteetne \u00fcmmargune klaasist trofee kindlal ruudukujulisel alusel.<\/li>\n<li>Spetsiaalselt loodud \u00fclit\u00e4pseks lasergraveerimiseks.<\/li>\n<li>Ideaalne ettev\u00f5tete tunnustamiseks, m\u00fc\u00fcgiauhindade jagamiseks ja \u00fcrituste korraldamiseks.<\/li>\n<li>Tarnitakse ohutuks transportimiseks individuaalses kaitse\u00fcmbrises.<\/li>\n<\/ul>","protected":false},"featured_media":6535,"comment_status":"closed","ping_status":"closed","template":"","meta":[],"product_brand":[],"product_cat":[79],"product_tag":[],"class_list":{"0":"post-5296","1":"product","2":"type-product","3":"status-publish","4":"has-post-thumbnail","6":"product_cat-awards","8":"first","9":"instock","10":"shipping-taxable","11":"purchasable","12":"product-type-simple"},"_links":{"self":[{"href":"https:\/\/wristbandfactory.eu\/et\/wp-json\/wp\/v2\/product\/5296","targetHints":{"allow":["GET"]}}],"collection":[{"href":"https:\/\/wristbandfactory.eu\/et\/wp-json\/wp\/v2\/product"}],"about":[{"href":"https:\/\/wristbandfactory.eu\/et\/wp-json\/wp\/v2\/types\/product"}],"replies":[{"embeddable":true,"href":"https:\/\/wristbandfactory.eu\/et\/wp-json\/wp\/v2\/comments?post=5296"}],"wp:featuredmedia":[{"embeddable":true,"href":"https:\/\/wristbandfactory.eu\/et\/wp-json\/wp\/v2\/media\/6535"}],"wp:attachment":[{"href":"https:\/\/wristbandfactory.eu\/et\/wp-json\/wp\/v2\/media?parent=5296"}],"wp:term":[{"taxonomy":"product_brand","embeddable":true,"href":"https:\/\/wristbandfactory.eu\/et\/wp-json\/wp\/v2\/product_brand?post=5296"},{"taxonomy":"product_cat","embeddable":true,"href":"https:\/\/wristbandfactory.eu\/et\/wp-json\/wp\/v2\/product_cat?post=5296"},{"taxonomy":"product_tag","embeddable":true,"href":"https:\/\/wristbandfactory.eu\/et\/wp-json\/wp\/v2\/product_tag?post=5296"}],"curies":[{"name":"t\u00f6\u00f6leht","href":"https:\/\/api.w.org\/{rel}","templated":true}]}}