{"id":5292,"date":"2025-10-24T12:42:32","date_gmt":"2025-10-24T09:42:32","guid":{"rendered":"https:\/\/wristbandfactory.eu\/?post_type=product&#038;p=5292"},"modified":"2025-10-24T12:42:33","modified_gmt":"2025-10-24T09:42:33","slug":"window-name-badges-with-clip-and-pin","status":"publish","type":"product","link":"https:\/\/wristbandfactory.eu\/et\/p\/window-name-badges-with-clip-and-pin\/","title":{"rendered":"Akna nimem\u00e4rgid klambri ja n\u00f6\u00f6pn\u00f5elaga"},"content":{"rendered":"<p>Pakkuge oma meeskonnale, konverentsik\u00fclalistele v\u00f5i \u00fcrituste t\u00f6\u00f6tajatele selget ja professionaalset tuvastusv\u00f5imalust nende korduvkasutatavate aknanimem\u00e4rkidega. Need m\u00e4rgid on puhta ja moodsa disainiga ning l\u00e4ikiva viimistlusega, pakkudes igale ettev\u00f5tte keskkonnale viimistletud ilmet.<\/p>\n<p>Esiakna pesa v\u00f5imaldab tr\u00fckitud nimekaarte kiiresti vahetada, muutes need kulut\u00f5husaks ja paindlikuks lahenduseks k\u00fclastajate haldamiseks, ajutise personali majutamiseks v\u00f5i korduvate \u00fcrituste korraldamiseks. Kaardi tagak\u00fclg on varustatud vastupidava topeltkinnituss\u00fcsteemiga. See topeltkinnitus, mis sisaldab nii metallklambrit kui ka turvan\u00f5ela, tagab kindla ja stabiilse kinnituse igat t\u00fc\u00fcpi r\u00f5ivastel, alates \u00fclikonnajakkidest kuni vormiriietuseni.<\/p>\n<p><b>Peamised omadused:<\/b><\/p>\n<ul>\n<li><b>Korduvkasutatava akna disain:<\/b> V\u00f5imaldab nimesisestusi kiiresti ja lihtsalt vahetada.<\/li>\n<li><b>Kahekordne kinnituss\u00fcsteem:<\/b> Varustatud nii metallklambri kui ka turvan\u00f5elaga turvaliseks ja mitmek\u00fclgseks kinnituseks.<\/li>\n<li><b>Professionaalne l\u00e4ikiv viimistlus:<\/b> Annab moodsa ja viimistletud v\u00e4limuse, mis sobib ettev\u00f5ttekeskkondadesse.<\/li>\n<li><b>Kompaktsed m\u00f5\u00f5tmed:<\/b> M\u00f5\u00f5dud 6,8 x 3,4 cm, et tagada selge n\u00e4htavus ilma t\u00fclikaks muutumata.<\/li>\n<\/ul>","protected":false},"excerpt":{"rendered":"<ul>\n<li>Professionaalne l\u00e4ikiv viimistlus moodsa ja korporatiivse ilme saavutamiseks.<\/li>\n<li>Mitmek\u00fclgne kahekordne kinnitus: sisaldab nii metallklambrit kui ka turvan\u00f5ela.<\/li>\n<li>Korduvkasutatav aknakujundus nimekaartide h\u00f5lpsaks sisestamiseks.<\/li>\n<li>Ideaalne hulgiostuks \u00fcrituste, t\u00f6\u00f6tajate ja messide jaoks.<\/li>\n<\/ul>","protected":false},"featured_media":5293,"comment_status":"closed","ping_status":"closed","template":"","meta":[],"product_brand":[],"product_cat":[91],"product_tag":[],"class_list":{"0":"post-5292","1":"product","2":"type-product","3":"status-publish","4":"has-post-thumbnail","6":"product_cat-badge-holders","8":"first","9":"instock","10":"shipping-taxable","11":"purchasable","12":"product-type-simple"},"_links":{"self":[{"href":"https:\/\/wristbandfactory.eu\/et\/wp-json\/wp\/v2\/product\/5292","targetHints":{"allow":["GET"]}}],"collection":[{"href":"https:\/\/wristbandfactory.eu\/et\/wp-json\/wp\/v2\/product"}],"about":[{"href":"https:\/\/wristbandfactory.eu\/et\/wp-json\/wp\/v2\/types\/product"}],"replies":[{"embeddable":true,"href":"https:\/\/wristbandfactory.eu\/et\/wp-json\/wp\/v2\/comments?post=5292"}],"wp:featuredmedia":[{"embeddable":true,"href":"https:\/\/wristbandfactory.eu\/et\/wp-json\/wp\/v2\/media\/5293"}],"wp:attachment":[{"href":"https:\/\/wristbandfactory.eu\/et\/wp-json\/wp\/v2\/media?parent=5292"}],"wp:term":[{"taxonomy":"product_brand","embeddable":true,"href":"https:\/\/wristbandfactory.eu\/et\/wp-json\/wp\/v2\/product_brand?post=5292"},{"taxonomy":"product_cat","embeddable":true,"href":"https:\/\/wristbandfactory.eu\/et\/wp-json\/wp\/v2\/product_cat?post=5292"},{"taxonomy":"product_tag","embeddable":true,"href":"https:\/\/wristbandfactory.eu\/et\/wp-json\/wp\/v2\/product_tag?post=5292"}],"curies":[{"name":"t\u00f6\u00f6leht","href":"https:\/\/api.w.org\/{rel}","templated":true}]}}