{"id":5288,"date":"2025-10-24T12:36:41","date_gmt":"2025-10-24T09:36:41","guid":{"rendered":"https:\/\/wristbandfactory.eu\/?post_type=product&#038;p=5288"},"modified":"2025-10-24T12:36:41","modified_gmt":"2025-10-24T09:36:41","slug":"aluminium-name-badges-with-clip-and-pin","status":"publish","type":"product","link":"https:\/\/wristbandfactory.eu\/et\/p\/aluminium-name-badges-with-clip-and-pin\/","title":{"rendered":"Alumiiniumist nimem\u00e4rgid klambri ja n\u00f6\u00f6pn\u00f5elaga"},"content":{"rendered":"<p>Tagage nende korduvkasutatavate alumiiniumist nimesiltidega professionaalne ja \u00fchtne t\u00f6\u00f6tajate identifitseerimine firma\u00fcritustel, messidel ja kontoris. Elegantne anodeeritud alumiiniumraam pakub vastupidavat ja esmaklassilist viimistlust, mis parandab teie ettev\u00f5tte mainet.<\/p>\n<p>Paindlikkuse huvides loodud nimesildid v\u00f5imaldavad paberkandjal siset\u00fckkide kiiret ja lihtsat vahetamist, mist\u00f5ttu sobivad need ideaalselt ajutisele personalile, konverentsidel osalejatele v\u00f5i ettev\u00f5tetele, kus t\u00f6\u00f6tajate voolavus on suur. Tagak\u00fcljel on vastupidav kaheotstarbeline kinnitus nii klambri kui ka n\u00f6\u00f6pn\u00f5elaga, mis annab kasutajatele valiku, kuidas m\u00e4rki kindlalt mis tahes r\u00f5ivaeseme k\u00fclge kinnitada. See mitmek\u00fclgne ja kulut\u00f5hus lahendus on saadaval hulgi k\u00f5igi teie identifitseerimisvajaduste jaoks.<\/p>\n<p><b>Peamised omadused:<\/b><\/p>\n<ul>\n<li><b>Vastupidav alumiiniumraam:<\/b> Kvaliteetne anodeeritud viimistlus tagab professionaalse ja kauakestva v\u00e4limuse.<\/li>\n<li><b>Kahekordne kinnituss\u00fcsteem:<\/b> Sisaldab nii klambrit kui ka n\u00f6\u00f6pn\u00f5ela tagak\u00fcljel mitmek\u00fclgseks ja turvaliseks kinnitamiseks igale riietele.<\/li>\n<li><b>Korduvkasutatav ja kulut\u00f5hus:<\/b> M\u00f5eldud standardsete paberkandjal lisade (ei kuulu komplekti) hoidmiseks, v\u00f5imaldades uute t\u00f6\u00f6tajate v\u00f5i \u00fcrituste puhul h\u00f5lpsat v\u00e4rskenduste tegemist.<\/li>\n<li><b>Elegantsed m\u00f5\u00f5tmed:<\/b> M\u00f5\u00f5dud 70 x 25 mm, mis tagab selge ja n\u00e4htava nime kuvamise ilma pealet\u00fckkiva muljeta.<\/li>\n<\/ul>","protected":false},"excerpt":{"rendered":"<ul>\n<li>Professionaalne anodeeritud alumiiniumraam esmaklassilise v\u00e4limuse saavutamiseks.<\/li>\n<li>Mitmek\u00fclgne topeltklambri ja tihvtiga kinnitus turvaliseks kinnitamiseks.<\/li>\n<li>Korduvkasutatav disain: lihtsalt printige ja sisestage uued nimekaardid.<\/li>\n<li>Ideaalne hulgitellimuste jaoks ettev\u00f5tete t\u00f6\u00f6tajatele, \u00fcritustele ja messidele.<\/li>\n<\/ul>","protected":false},"featured_media":5289,"comment_status":"closed","ping_status":"closed","template":"","meta":[],"product_brand":[],"product_cat":[91],"product_tag":[],"class_list":{"0":"post-5288","1":"product","2":"type-product","3":"status-publish","4":"has-post-thumbnail","6":"product_cat-badge-holders","8":"first","9":"instock","10":"shipping-taxable","11":"purchasable","12":"product-type-simple"},"_links":{"self":[{"href":"https:\/\/wristbandfactory.eu\/et\/wp-json\/wp\/v2\/product\/5288","targetHints":{"allow":["GET"]}}],"collection":[{"href":"https:\/\/wristbandfactory.eu\/et\/wp-json\/wp\/v2\/product"}],"about":[{"href":"https:\/\/wristbandfactory.eu\/et\/wp-json\/wp\/v2\/types\/product"}],"replies":[{"embeddable":true,"href":"https:\/\/wristbandfactory.eu\/et\/wp-json\/wp\/v2\/comments?post=5288"}],"wp:featuredmedia":[{"embeddable":true,"href":"https:\/\/wristbandfactory.eu\/et\/wp-json\/wp\/v2\/media\/5289"}],"wp:attachment":[{"href":"https:\/\/wristbandfactory.eu\/et\/wp-json\/wp\/v2\/media?parent=5288"}],"wp:term":[{"taxonomy":"product_brand","embeddable":true,"href":"https:\/\/wristbandfactory.eu\/et\/wp-json\/wp\/v2\/product_brand?post=5288"},{"taxonomy":"product_cat","embeddable":true,"href":"https:\/\/wristbandfactory.eu\/et\/wp-json\/wp\/v2\/product_cat?post=5288"},{"taxonomy":"product_tag","embeddable":true,"href":"https:\/\/wristbandfactory.eu\/et\/wp-json\/wp\/v2\/product_tag?post=5288"}],"curies":[{"name":"t\u00f6\u00f6leht","href":"https:\/\/api.w.org\/{rel}","templated":true}]}}