{"id":5279,"date":"2025-10-23T23:25:16","date_gmt":"2025-10-23T20:25:16","guid":{"rendered":"https:\/\/wristbandfactory.eu\/?post_type=product&#038;p=5279"},"modified":"2025-10-23T23:25:16","modified_gmt":"2025-10-23T20:25:16","slug":"extendable-id-holder-with-carabiner","status":"publish","type":"product","link":"https:\/\/wristbandfactory.eu\/et\/p\/extendable-id-holder-with-carabiner\/","title":{"rendered":"Pikendatav ID-kaardi hoidja karabiiniga"},"content":{"rendered":"<p>Sujuvamaks muutke ligip\u00e4\u00e4sukontroll ja suurendage turvalisust oma t\u00f6\u00f6kohal, konverentsil v\u00f5i messil. Meie pikendatav ID-hoidja tagab, et volitused on alati k\u00e4ep\u00e4rast ilma segamata, pakkudes professionaalset lahendust nii t\u00f6\u00f6tajatele kui ka osalejatele.<\/p>\n<p>Sellel hoidikul on minimalistlik ja funktsionaalne disain ning tugev metallkarabiin, mis kinnitub kindlalt v\u00f6\u00f6aasade, kaelapaelte v\u00f5i kottide k\u00fclge. 75 cm pikkune pikendatav mehhanism v\u00f5imaldab sujuvat tagasit\u00f5mbamist, muutes ID-kaartide skannimise ligip\u00e4\u00e4supunktides lihtsaks.<\/p>\n<p>ID-kaardi v\u00f5i m\u00e4rgihoidja kinnitamiseks on vaja n\u00f6\u00f6pkinnitust. T\u00e4nu suurele 20 x 20 mm tr\u00fckipinnale sobib see ID-hoidja ideaalselt ettev\u00f5tte logoga tampotr\u00fcki abil (kuni 4 v\u00e4rvi) isikup\u00e4rastamiseks, tugevdades br\u00e4ndi identiteeti k\u00f5igil firma\u00fcritustel.<\/p>\n<p><b>Peamised omadused:<\/b><\/p>\n<ul>\n<li>Pikendatav mehhanism kuni 75 cm<\/li>\n<li>Vastupidav metallist karabiiniklamber<\/li>\n<li>Turvaline n\u00f6\u00f6bikinnitus isikut t\u00f5endava dokumendi kinnitamiseks<\/li>\n<li>Lai tr\u00fckiala (20 x 20 mm)<\/li>\n<li>Ideaalne tampotr\u00fckiks (kuni 4 v\u00e4rvi)<\/li>\n<\/ul>","protected":false},"excerpt":{"rendered":"<ul>\n<li>Hoiab t\u00f6\u00f6tajate ID-kaarte turvaliselt ja kergesti ligip\u00e4\u00e4setavana.<\/li>\n<li>Varustatud vastupidava metallkarabiiniga, mida on lihtne v\u00f6\u00f6 v\u00f5i koti k\u00fclge kinnitada.<\/li>\n<li>75 cm pikendatav juhtmemehhanism kiireks kaardilugemiseks.<\/li>\n<li>Lai 20\u00d720 mm ala oma logo tampotr\u00fckiks.<\/li>\n<\/ul>","protected":false},"featured_media":5280,"comment_status":"closed","ping_status":"closed","template":"","meta":[],"product_brand":[],"product_cat":[91],"product_tag":[],"class_list":{"0":"post-5279","1":"product","2":"type-product","3":"status-publish","4":"has-post-thumbnail","6":"product_cat-badge-holders","8":"first","9":"instock","10":"shipping-taxable","11":"purchasable","12":"product-type-simple"},"_links":{"self":[{"href":"https:\/\/wristbandfactory.eu\/et\/wp-json\/wp\/v2\/product\/5279","targetHints":{"allow":["GET"]}}],"collection":[{"href":"https:\/\/wristbandfactory.eu\/et\/wp-json\/wp\/v2\/product"}],"about":[{"href":"https:\/\/wristbandfactory.eu\/et\/wp-json\/wp\/v2\/types\/product"}],"replies":[{"embeddable":true,"href":"https:\/\/wristbandfactory.eu\/et\/wp-json\/wp\/v2\/comments?post=5279"}],"wp:featuredmedia":[{"embeddable":true,"href":"https:\/\/wristbandfactory.eu\/et\/wp-json\/wp\/v2\/media\/5280"}],"wp:attachment":[{"href":"https:\/\/wristbandfactory.eu\/et\/wp-json\/wp\/v2\/media?parent=5279"}],"wp:term":[{"taxonomy":"product_brand","embeddable":true,"href":"https:\/\/wristbandfactory.eu\/et\/wp-json\/wp\/v2\/product_brand?post=5279"},{"taxonomy":"product_cat","embeddable":true,"href":"https:\/\/wristbandfactory.eu\/et\/wp-json\/wp\/v2\/product_cat?post=5279"},{"taxonomy":"product_tag","embeddable":true,"href":"https:\/\/wristbandfactory.eu\/et\/wp-json\/wp\/v2\/product_tag?post=5279"}],"curies":[{"name":"t\u00f6\u00f6leht","href":"https:\/\/api.w.org\/{rel}","templated":true}]}}