{"id":5272,"date":"2025-10-23T23:21:35","date_gmt":"2025-10-23T20:21:35","guid":{"rendered":"https:\/\/wristbandfactory.eu\/?post_type=product&#038;p=5272"},"modified":"2026-01-05T14:40:56","modified_gmt":"2026-01-05T11:40:56","slug":"promotional-hand-clappers","status":"publish","type":"product","link":"https:\/\/wristbandfactory.eu\/et\/p\/promotional-hand-clappers\/","title":{"rendered":"Reklaamplaksutajad"},"content":{"rendered":"<p>Tagage oma br\u00e4ndi silmapaistvus igal staadionil v\u00f5i firma\u00fcritusel meie reklaamk\u00e4eplaksutajatega. See \u201cMaracana\u201d disain on loodud nii kuuldava kui ka visuaalse kaasatuse loomiseks, lahendades passiivsete \u00fcrituste auhindade probleemi.<\/p>\n<p>See k\u00e4ekujuline plaksutaja on l\u00f5bus ja interaktiivne viis osalejatele toetuse n\u00e4itamiseks ja m\u00fcra tegemiseks. Saadaval erinevates erksates toonides, see on kerge (20 g) ja ideaalse suurusega (8,5 x 18,5 x 2 cm), et suured rahvahulgad saaksid seda h\u00f5lpsalt k\u00e4sitseda. Need on suurep\u00e4rane ja soodne valik hulgi levitamiseks festivalidel, messidel v\u00f5i spordiv\u00f5istlustel, et maksimeerida br\u00e4ndi m\u00f5ju.<\/p>\n<p><b>Peamised omadused:<\/b><\/p>\n<ul>\n<li>K\u00e4ekujuline plaks kuuldava publiku kaasamiseks<\/li>\n<li>\u201cMaracan\u00e1\u201d kujundus spordi- ja \u00fcrituste teemadel<\/li>\n<li>Saadaval erinevates erksates ja h\u00e4sti n\u00e4htavates toonides<\/li>\n<li>Kerge ja kompaktne: 8,5 x 18,5 x 2 cm, 20 g<\/li>\n<li>Ideaalne hulgim\u00fc\u00fcgi reklaamkingituste jaoks<\/li>\n<\/ul>","protected":false},"excerpt":{"rendered":"<ul>\n<li>Tekitage spordi\u00fcritustel v\u00f5i miitingute ajal rahvahulga m\u00fcra ja br\u00e4ndi n\u00e4htavust.<\/li>\n<li>L\u00f5busa ja erksav\u00e4rvilise \u201cMaracan\u00e1\u201d k\u00e4ekujundusega.<\/li>\n<li>Kerge (20 g) ja kompaktne (18,5 cm) h\u00f5lpsaks massijaotuseks.<\/li>\n<li>Ideaalne soodne ja suure m\u00f5juga reklaamtoode hulgitellimuste jaoks.<\/li>\n<\/ul>","protected":false},"featured_media":6584,"comment_status":"closed","ping_status":"closed","template":"","meta":[],"product_brand":[],"product_cat":[123],"product_tag":[],"class_list":{"0":"post-5272","1":"product","2":"type-product","3":"status-publish","4":"has-post-thumbnail","6":"product_cat-fan-cheering-items","8":"first","9":"instock","10":"shipping-taxable","11":"purchasable","12":"product-type-simple"},"_links":{"self":[{"href":"https:\/\/wristbandfactory.eu\/et\/wp-json\/wp\/v2\/product\/5272","targetHints":{"allow":["GET"]}}],"collection":[{"href":"https:\/\/wristbandfactory.eu\/et\/wp-json\/wp\/v2\/product"}],"about":[{"href":"https:\/\/wristbandfactory.eu\/et\/wp-json\/wp\/v2\/types\/product"}],"replies":[{"embeddable":true,"href":"https:\/\/wristbandfactory.eu\/et\/wp-json\/wp\/v2\/comments?post=5272"}],"wp:featuredmedia":[{"embeddable":true,"href":"https:\/\/wristbandfactory.eu\/et\/wp-json\/wp\/v2\/media\/6584"}],"wp:attachment":[{"href":"https:\/\/wristbandfactory.eu\/et\/wp-json\/wp\/v2\/media?parent=5272"}],"wp:term":[{"taxonomy":"product_brand","embeddable":true,"href":"https:\/\/wristbandfactory.eu\/et\/wp-json\/wp\/v2\/product_brand?post=5272"},{"taxonomy":"product_cat","embeddable":true,"href":"https:\/\/wristbandfactory.eu\/et\/wp-json\/wp\/v2\/product_cat?post=5272"},{"taxonomy":"product_tag","embeddable":true,"href":"https:\/\/wristbandfactory.eu\/et\/wp-json\/wp\/v2\/product_tag?post=5272"}],"curies":[{"name":"t\u00f6\u00f6leht","href":"https:\/\/api.w.org\/{rel}","templated":true}]}}