{"id":5265,"date":"2025-10-23T23:14:21","date_gmt":"2025-10-23T20:14:21","guid":{"rendered":"https:\/\/wristbandfactory.eu\/?post_type=product&#038;p=5265"},"modified":"2026-01-05T00:13:57","modified_gmt":"2026-01-04T21:13:57","slug":"inflatable-victory-hand-reusable","status":"publish","type":"product","link":"https:\/\/wristbandfactory.eu\/et\/p\/inflatable-victory-hand-reusable\/","title":{"rendered":"T\u00e4ispuhutav v\u00f5iduk\u00e4si (korduvkasutatav)"},"content":{"rendered":"<p>Too oma br\u00e4nd n\u00e4htavaks ja s\u00f5num kuuldavaks meie t\u00e4ispuhutava v\u00f5iduk\u00e4ega. See kaasahaarav reklaammaterjal sobib ideaalselt rahvahulkade ergutamiseks spordi\u00fcritustel, meeskonnat\u00f6\u00f6 \u00fcritustel v\u00f5i suurtel messidel. Veendu, et sinu br\u00e4nd on pidustuste keskmes.<\/p>\n<p>See vastupidavast ja v\u00e4rvilisest LDPE-materjalist valmistatud ergutusk\u00e4si on loodud kestma iga s\u00fcndmuse v\u00e4ltel. Erinevalt \u00fchekordselt kasutatavatest esemetest on see t\u00e4ielikult korduvkasutatav ja sellel on mugav t\u00e4iteventiil, mis pakub p\u00fcsivat br\u00e4ndi n\u00e4htavust. See on kerge ja h\u00e4sti n\u00e4htav toode, mis sobib ideaalselt hulgim\u00fc\u00fcgiks, et maksimeerida publiku kaasatust.<\/p>\n<p><b>Peamised omadused:<\/b><\/p>\n<ul>\n<li>Vastupidav, v\u00e4rviline LDPE materjal<\/li>\n<li>Ikooniline \u201cV\u00f5idu\u201d k\u00e4e kuju<\/li>\n<li>T\u00e4ielikult korduvkasutatav pikaajalise reklaami jaoks<\/li>\n<li>Sisaldab mugavat t\u00e4ispumpamisventiili<\/li>\n<\/ul>","protected":false},"excerpt":{"rendered":"<ul>\n<li>Tugevda oma br\u00e4ndi spordi\u00fcritustel, messidel ja rallidel.<\/li>\n<li>Valmistatud vastupidavast ja korduvkasutatavast LDPE materjalist.<\/li>\n<li>Varustatud lihtsalt kasutatava t\u00e4ispumpamisventiiliga.<\/li>\n<li>Ideaalne hulgiostude jaoks, et maksimeerida rahvahulga osalemist ja br\u00e4ndi n\u00e4htavust.<\/li>\n<\/ul>\n<p>&nbsp;<\/p>","protected":false},"featured_media":6529,"comment_status":"closed","ping_status":"closed","template":"","meta":[],"product_brand":[],"product_cat":[123],"product_tag":[],"class_list":{"0":"post-5265","1":"product","2":"type-product","3":"status-publish","4":"has-post-thumbnail","6":"product_cat-fan-cheering-items","8":"first","9":"instock","10":"shipping-taxable","11":"purchasable","12":"product-type-simple"},"_links":{"self":[{"href":"https:\/\/wristbandfactory.eu\/et\/wp-json\/wp\/v2\/product\/5265","targetHints":{"allow":["GET"]}}],"collection":[{"href":"https:\/\/wristbandfactory.eu\/et\/wp-json\/wp\/v2\/product"}],"about":[{"href":"https:\/\/wristbandfactory.eu\/et\/wp-json\/wp\/v2\/types\/product"}],"replies":[{"embeddable":true,"href":"https:\/\/wristbandfactory.eu\/et\/wp-json\/wp\/v2\/comments?post=5265"}],"wp:featuredmedia":[{"embeddable":true,"href":"https:\/\/wristbandfactory.eu\/et\/wp-json\/wp\/v2\/media\/6529"}],"wp:attachment":[{"href":"https:\/\/wristbandfactory.eu\/et\/wp-json\/wp\/v2\/media?parent=5265"}],"wp:term":[{"taxonomy":"product_brand","embeddable":true,"href":"https:\/\/wristbandfactory.eu\/et\/wp-json\/wp\/v2\/product_brand?post=5265"},{"taxonomy":"product_cat","embeddable":true,"href":"https:\/\/wristbandfactory.eu\/et\/wp-json\/wp\/v2\/product_cat?post=5265"},{"taxonomy":"product_tag","embeddable":true,"href":"https:\/\/wristbandfactory.eu\/et\/wp-json\/wp\/v2\/product_tag?post=5265"}],"curies":[{"name":"t\u00f6\u00f6leht","href":"https:\/\/api.w.org\/{rel}","templated":true}]}}