{"id":5260,"date":"2025-10-23T23:07:40","date_gmt":"2025-10-23T20:07:40","guid":{"rendered":"https:\/\/wristbandfactory.eu\/?post_type=product&#038;p=5260"},"modified":"2026-01-09T18:19:50","modified_gmt":"2026-01-09T15:19:50","slug":"promotional-hawaiian-necklaces-polyester","status":"publish","type":"product","link":"https:\/\/wristbandfactory.eu\/et\/p\/promotional-hawaiian-necklaces-polyester\/","title":{"rendered":"Reklaamkaelakeed Hawaii stiilis (pol\u00fcester)"},"content":{"rendered":"<p>Meie reklaamkaelakeed on ideaalsed ja taskukohased, et lisada tavap\u00e4rastest \u00fcrituste aksessuaaridest kaugemale. Need pol\u00fcesterkaelakeed on ideaalne ja soodne lahendus erksa ja temaatilise br\u00e4ndingu lisamiseks suvekampaaniatele, festivalidele v\u00f5i troopilise temaatikaga firma\u00fcritustele, tagades teie \u00fcrituse meeldej\u00e4\u00e4vuse.<\/p>\n<p>Mugavust ja head n\u00e4htavust silmas pidades on iga lei valmistatud pehmest ja kergest pol\u00fcestermaterjalist. Vastupidav mitmev\u00e4rviline vikerkaarekujundus annab piduliku ilme, mis ei koorma k\u00fclalisi. Need on ideaalne valik \u00fcrituste korraldajatele, kes vajavad suures koguses temaatilisi aksessuaare rannapidudeks, messidele v\u00f5i suuremahulisteks t\u00e4histamisteks.<\/p>\n<p><b>Peamised omadused:<\/b><\/p>\n<ul>\n<li>Valmistatud pehmest ja kergest pol\u00fcestermaterjalist<\/li>\n<li>Erksad, mitmev\u00e4rvilised vikerkaarev\u00e4rvilised lillekujundused<\/li>\n<li>Mugav kandmiseks terve p\u00e4eva \u00fcritustel<\/li>\n<li>Ideaalne teemapidudeks, festivalideks ja tutvustusteks<\/li>\n<li>Suurte tellimuste korral tarnitakse lahtiselt<\/li>\n<\/ul>\n<p>&nbsp;<\/p>","protected":false},"excerpt":{"rendered":"<ul>\n<li>Muuda firmapeod, messid v\u00f5i festivalid koheselt helgemaks.<\/li>\n<li>Ereda mitmev\u00e4rvilise vikerkaarev\u00e4rvi pol\u00fcesterlille kujundusega.<\/li>\n<li>Kerge ja mugav osalejatele terveks p\u00e4evaks kandmiseks.<\/li>\n<li>Suurte \u00fcrituste jaoks saadaval suurtes kogustes.<\/li>\n<li style=\"list-style-type: none;\"><\/li>\n<\/ul>","protected":false},"featured_media":6663,"comment_status":"closed","ping_status":"closed","template":"","meta":[],"product_brand":[],"product_cat":[129,120],"product_tag":[],"class_list":{"0":"post-5260","1":"product","2":"type-product","3":"status-publish","4":"has-post-thumbnail","6":"product_cat-leisure-lifestyle","7":"product_cat-themed-necklaces","9":"first","10":"instock","11":"shipping-taxable","12":"purchasable","13":"product-type-simple"},"_links":{"self":[{"href":"https:\/\/wristbandfactory.eu\/et\/wp-json\/wp\/v2\/product\/5260","targetHints":{"allow":["GET"]}}],"collection":[{"href":"https:\/\/wristbandfactory.eu\/et\/wp-json\/wp\/v2\/product"}],"about":[{"href":"https:\/\/wristbandfactory.eu\/et\/wp-json\/wp\/v2\/types\/product"}],"replies":[{"embeddable":true,"href":"https:\/\/wristbandfactory.eu\/et\/wp-json\/wp\/v2\/comments?post=5260"}],"wp:featuredmedia":[{"embeddable":true,"href":"https:\/\/wristbandfactory.eu\/et\/wp-json\/wp\/v2\/media\/6663"}],"wp:attachment":[{"href":"https:\/\/wristbandfactory.eu\/et\/wp-json\/wp\/v2\/media?parent=5260"}],"wp:term":[{"taxonomy":"product_brand","embeddable":true,"href":"https:\/\/wristbandfactory.eu\/et\/wp-json\/wp\/v2\/product_brand?post=5260"},{"taxonomy":"product_cat","embeddable":true,"href":"https:\/\/wristbandfactory.eu\/et\/wp-json\/wp\/v2\/product_cat?post=5260"},{"taxonomy":"product_tag","embeddable":true,"href":"https:\/\/wristbandfactory.eu\/et\/wp-json\/wp\/v2\/product_tag?post=5260"}],"curies":[{"name":"t\u00f6\u00f6leht","href":"https:\/\/api.w.org\/{rel}","templated":true}]}}