{"id":5256,"date":"2025-10-23T16:41:54","date_gmt":"2025-10-23T13:41:54","guid":{"rendered":"https:\/\/wristbandfactory.eu\/?post_type=product&#038;p=5256"},"modified":"2026-01-05T00:22:55","modified_gmt":"2026-01-04T21:22:55","slug":"led-promotional-coasters-3-mode","status":"publish","type":"product","link":"https:\/\/wristbandfactory.eu\/et\/p\/led-promotional-coasters-3-mode\/","title":{"rendered":"LED reklaamalused (3 re\u017eiimiga)"},"content":{"rendered":"<p>Tavalisi joogialuseid on kerge eirata. Meie reklaamvalgustusega LED-joogialused muudavad iga laua valgusreklaamiks, k\u00f6ites t\u00e4helepanu firmapidudel, messidel ja sponsoreeritud \u00f6\u00f6elu\u00fcritustel.<\/p>\n<p>Vastupidavast akr\u00fc\u00fclist valmistatud joogialustel on 6 eredat mitmev\u00e4rvilist LED-i. Alusel olev lihtne nupp l\u00fclitab l\u00e4bi kolm erinevat valgustusasendit: p\u00fcsiv kuma, aeglane vilkumine ja kiire vilkumine, tagades, et teie eridisainiga br\u00e4nd j\u00e4\u00e4b n\u00e4htavaks.<\/p>\n<p>Igal joogialusel on isekleepuv aluskiht, mis v\u00f5imaldab selle kindlalt iga klaasi v\u00f5i pudeli p\u00f5hja k\u00fclge kinnitada. Need saabuvad koheseks kasutamiseks valmis kujul, kaasas on kaks n\u00f6\u00f6ppatareid. Need helendavad joogialused sobivad ideaalselt hulgim\u00fc\u00fcgiks, et suurendada br\u00e4ndi n\u00e4htavust.<\/p>\n<p><b>Peamised omadused:<\/b><\/p>\n<ul>\n<li>6 mitmev\u00e4rvilist LED-i ereda valgustuse tagamiseks<\/li>\n<li>3 valgusre\u017eiimi: fikseeritud, aeglane vilkumine ja kiire vilkumine<\/li>\n<li>Isekleepuv aluskiht joogin\u00f5udele h\u00f5lpsaks kinnitamiseks<\/li>\n<li>Vastupidav akr\u00fc\u00fclkonstruktsioon<\/li>\n<li>Lihtsa baasnupuga juhitav<\/li>\n<li>Sisaldab 2x n\u00f6\u00f6ppatareid<\/li>\n<\/ul>","protected":false},"excerpt":{"rendered":"<ul>\n<li>Valgustage oma br\u00e4ndi tooteesitlustel, messidel v\u00f5i festivalidel.<\/li>\n<li>Kolm mitmev\u00e4rvilist valgusre\u017eiimi: fikseeritud, kiire ja aeglane vilkumine.<\/li>\n<li>Isekleepuv aluspaber kleepub otse klaaside v\u00f5i pudelite p\u00f5hjale.<\/li>\n<li>Tarnitakse kasutusvalmis olekus koos kahe n\u00f6\u00f6ppatareiga.<\/li>\n<\/ul>","protected":false},"featured_media":6543,"comment_status":"closed","ping_status":"closed","template":"","meta":[],"product_brand":[],"product_cat":[119],"product_tag":[],"class_list":{"0":"post-5256","1":"product","2":"type-product","3":"status-publish","4":"has-post-thumbnail","6":"product_cat-drinkware-accessories","8":"first","9":"instock","10":"shipping-taxable","11":"purchasable","12":"product-type-simple"},"_links":{"self":[{"href":"https:\/\/wristbandfactory.eu\/et\/wp-json\/wp\/v2\/product\/5256","targetHints":{"allow":["GET"]}}],"collection":[{"href":"https:\/\/wristbandfactory.eu\/et\/wp-json\/wp\/v2\/product"}],"about":[{"href":"https:\/\/wristbandfactory.eu\/et\/wp-json\/wp\/v2\/types\/product"}],"replies":[{"embeddable":true,"href":"https:\/\/wristbandfactory.eu\/et\/wp-json\/wp\/v2\/comments?post=5256"}],"wp:featuredmedia":[{"embeddable":true,"href":"https:\/\/wristbandfactory.eu\/et\/wp-json\/wp\/v2\/media\/6543"}],"wp:attachment":[{"href":"https:\/\/wristbandfactory.eu\/et\/wp-json\/wp\/v2\/media?parent=5256"}],"wp:term":[{"taxonomy":"product_brand","embeddable":true,"href":"https:\/\/wristbandfactory.eu\/et\/wp-json\/wp\/v2\/product_brand?post=5256"},{"taxonomy":"product_cat","embeddable":true,"href":"https:\/\/wristbandfactory.eu\/et\/wp-json\/wp\/v2\/product_cat?post=5256"},{"taxonomy":"product_tag","embeddable":true,"href":"https:\/\/wristbandfactory.eu\/et\/wp-json\/wp\/v2\/product_tag?post=5256"}],"curies":[{"name":"t\u00f6\u00f6leht","href":"https:\/\/api.w.org\/{rel}","templated":true}]}}