{"id":5254,"date":"2025-10-23T16:34:48","date_gmt":"2025-10-23T13:34:48","guid":{"rendered":"https:\/\/wristbandfactory.eu\/?post_type=product&#038;p=5254"},"modified":"2026-01-05T14:53:43","modified_gmt":"2026-01-05T11:53:43","slug":"promotional-led-event-cups-340ml","status":"publish","type":"product","link":"https:\/\/wristbandfactory.eu\/et\/p\/promotional-led-event-cups-340ml\/","title":{"rendered":"Reklaam-LED-\u00fcrituste topsid (340ml)"},"content":{"rendered":"<p>Muutke oma j\u00e4rgmine firma\u00fcritus, festival v\u00f5i tooteesitlus tavalisest unustamatuks. Meie LED-\u00fcrituste tassid on d\u00fcnaamiline br\u00e4ndingu t\u00f6\u00f6riist, mis on loodud t\u00e4helepanu k\u00f6itmiseks ja teie logo valgustamiseks, tagades, et teie br\u00e4nd on pidustuste keskmes.<\/p>\n<p>Need 340 ml tassid on valmistatud vastupidavast PS-materjalist ning neil on sisseehitatud mitmev\u00e4rvilised LED-tuled, mida saab aktiveerida lihtsa nupuga p\u00f5hjas. Valige p\u00fcsiva tule v\u00f5i vilkuva re\u017eiimi vahel, et see sobiks teie \u00fcrituse energiaga. Need on ideaalne ja m\u00f5jus reklaamtoode kontsertidele, \u00f6\u00f6klubidesse, messidele ja erapidudele, pakkudes ainulaadset viisi jookide serveerimiseks ja oma br\u00e4ndi esitlemiseks. Iga tass on varustatud patareidega ja on eraldi pakendatud kraftkarpi, mis on levitamiseks valmis.<\/p>\n<p><b>Peamised omadused:<\/b><\/p>\n<ul>\n<li>Mahutavus: 340 ml<\/li>\n<li>Materjal: PS-plastik<\/li>\n<li>Valgustus: mitmev\u00e4rvilised LED-id kahe re\u017eiimiga (pidev ja vilkuv)<\/li>\n<li>Aktiveerimine: Nupp alusel<\/li>\n<li>Toide: n\u00f6\u00f6ppatareid on kaasas<\/li>\n<li>Pakend: Pakendatud eraldi kraft-disainiga karpi<\/li>\n<\/ul>\n<p>&nbsp;<\/p>","protected":false},"excerpt":{"rendered":"<ul>\n<li>Valgustage oma br\u00e4ndi ettev\u00f5tte \u00fcritustel ja festivalidel.<\/li>\n<li>Sisaldab p\u00fcsivaid ja vilkuvaid mitmev\u00e4rvilisi LED-re\u017eiime.<\/li>\n<li>Vastupidavast PS-materjalist (340 ml); patareid on kaasas.<\/li>\n<li>Tarnitakse lahtiselt pakendatud \u00fcksikpakendites kraftpaberist.<\/li>\n<\/ul>","protected":false},"featured_media":6590,"comment_status":"closed","ping_status":"closed","template":"","meta":[],"product_brand":[],"product_cat":[111],"product_tag":[],"class_list":{"0":"post-5254","1":"product","2":"type-product","3":"status-publish","4":"has-post-thumbnail","6":"product_cat-reusable-event-cups","8":"first","9":"instock","10":"shipping-taxable","11":"product-type-simple"},"_links":{"self":[{"href":"https:\/\/wristbandfactory.eu\/et\/wp-json\/wp\/v2\/product\/5254","targetHints":{"allow":["GET"]}}],"collection":[{"href":"https:\/\/wristbandfactory.eu\/et\/wp-json\/wp\/v2\/product"}],"about":[{"href":"https:\/\/wristbandfactory.eu\/et\/wp-json\/wp\/v2\/types\/product"}],"replies":[{"embeddable":true,"href":"https:\/\/wristbandfactory.eu\/et\/wp-json\/wp\/v2\/comments?post=5254"}],"wp:featuredmedia":[{"embeddable":true,"href":"https:\/\/wristbandfactory.eu\/et\/wp-json\/wp\/v2\/media\/6590"}],"wp:attachment":[{"href":"https:\/\/wristbandfactory.eu\/et\/wp-json\/wp\/v2\/media?parent=5254"}],"wp:term":[{"taxonomy":"product_brand","embeddable":true,"href":"https:\/\/wristbandfactory.eu\/et\/wp-json\/wp\/v2\/product_brand?post=5254"},{"taxonomy":"product_cat","embeddable":true,"href":"https:\/\/wristbandfactory.eu\/et\/wp-json\/wp\/v2\/product_cat?post=5254"},{"taxonomy":"product_tag","embeddable":true,"href":"https:\/\/wristbandfactory.eu\/et\/wp-json\/wp\/v2\/product_tag?post=5254"}],"curies":[{"name":"t\u00f6\u00f6leht","href":"https:\/\/api.w.org\/{rel}","templated":true}]}}