{"id":5252,"date":"2025-10-23T15:50:34","date_gmt":"2025-10-23T12:50:34","guid":{"rendered":"https:\/\/wristbandfactory.eu\/?post_type=product&#038;p=5252"},"modified":"2025-10-23T15:52:00","modified_gmt":"2025-10-23T12:52:00","slug":"vertical-pvc-id-holder","status":"publish","type":"product","link":"https:\/\/wristbandfactory.eu\/et\/p\/vertical-pvc-id-holder\/","title":{"rendered":"Vertikaalne PVC ID-hoidja"},"content":{"rendered":"<p>Tagage iga osaleja, t\u00f6\u00f6taja ja k\u00fclalise selge identifitseerimine meie vertikaalse PVC-st ID-hoidjaga. See hoidik on loodud professionaalseks kasutamiseks konverentsidel, messidel ja ettev\u00f5ttekeskkonnas ning pakub vastupidavat ja praktilist lahendust l\u00e4bip\u00e4\u00e4sukaartide ja isikutunnistuste esitlemiseks.<\/p>\n<p>L\u00e4bipaistvast ja vastupidavast PVC-st valmistatud kaardihoidja kaitseb isikutunnistusi kulumise ja rebenemise eest, hoides need samal ajal n\u00e4htavad. Hoidiku \u00fclaosa on tugevdatud igap\u00e4evaseks kasutamiseks, v\u00e4ltides rebenemist v\u00f5i kahjustusi kaelapaela kinnituskohas. Selle nutikas disain h\u00f5lmab mitmeid perforatsioone, pakkudes paindlikke kinnitusv\u00f5imalusi nii kesk- kui ka k\u00fclgkinnitusega kaelapaelaklambrite v\u00f5i kaardihoidjate rullide jaoks.<\/p>\n<p>Hulgim\u00fc\u00fcgis oleva kaubana on ID-hoidja \u201cSkoll\u201d (viide: 20639) ideaalne valik \u00fcrituste korraldajatele ja hankeametnikele, kes vajavad usaldusv\u00e4\u00e4rset, kulut\u00f5husat ja kiiresti kasutusele v\u00f5etavat lahendust suuremahuliste m\u00e4rkide paigaldamise vajaduste jaoks.<\/p>\n<p><b>Peamised omadused:<\/b><\/p>\n<ul>\n<li><b>Orientatsioon:<\/b> Vertikaalne<\/li>\n<li><b>Materjal:<\/b> L\u00e4bipaistev ja vastupidav PVC<\/li>\n<li><b>Kujundus:<\/b> Tugevdatud pealispind suurema vastupidavuse tagamiseks<\/li>\n<li><b>\u00dchilduvus:<\/b> Mitmeperforatsiooniga kesk- ja k\u00fclgkinnituste jaoks<\/li>\n<li><b>Kasutamine:<\/b> Ideaalne ettev\u00f5tte ID-kaartide, \u00fcrituste p\u00e4\u00e4smete ja l\u00e4bip\u00e4\u00e4sukaartide jaoks<\/li>\n<\/ul>","protected":false},"excerpt":{"rendered":"<ul>\n<li>Vastupidav l\u00e4bipaistev PVC konstruktsioon suure k\u00fclastatavusega \u00fcritusteks.<\/li>\n<li>Tugevdatud \u00fclemine serv hoiab \u00e4ra rebenemise ja m\u00e4rgi kadumise.<\/li>\n<li>Mitmek\u00fclgsed pesad sobivad k\u00f5ikidele standardsetele kaelaklambritele ja m\u00e4rgirullidele.<\/li>\n<li>Kulut\u00f5hus lahendus suuremahuliseks ettev\u00f5tete ja \u00fcrituste ID-ks.<\/li>\n<\/ul>","protected":false},"featured_media":5253,"comment_status":"closed","ping_status":"closed","template":"","meta":[],"product_brand":[],"product_cat":[91],"product_tag":[],"class_list":{"0":"post-5252","1":"product","2":"type-product","3":"status-publish","4":"has-post-thumbnail","6":"product_cat-badge-holders","8":"first","9":"instock","10":"shipping-taxable","11":"purchasable","12":"product-type-simple"},"_links":{"self":[{"href":"https:\/\/wristbandfactory.eu\/et\/wp-json\/wp\/v2\/product\/5252","targetHints":{"allow":["GET"]}}],"collection":[{"href":"https:\/\/wristbandfactory.eu\/et\/wp-json\/wp\/v2\/product"}],"about":[{"href":"https:\/\/wristbandfactory.eu\/et\/wp-json\/wp\/v2\/types\/product"}],"replies":[{"embeddable":true,"href":"https:\/\/wristbandfactory.eu\/et\/wp-json\/wp\/v2\/comments?post=5252"}],"wp:featuredmedia":[{"embeddable":true,"href":"https:\/\/wristbandfactory.eu\/et\/wp-json\/wp\/v2\/media\/5253"}],"wp:attachment":[{"href":"https:\/\/wristbandfactory.eu\/et\/wp-json\/wp\/v2\/media?parent=5252"}],"wp:term":[{"taxonomy":"product_brand","embeddable":true,"href":"https:\/\/wristbandfactory.eu\/et\/wp-json\/wp\/v2\/product_brand?post=5252"},{"taxonomy":"product_cat","embeddable":true,"href":"https:\/\/wristbandfactory.eu\/et\/wp-json\/wp\/v2\/product_cat?post=5252"},{"taxonomy":"product_tag","embeddable":true,"href":"https:\/\/wristbandfactory.eu\/et\/wp-json\/wp\/v2\/product_tag?post=5252"}],"curies":[{"name":"t\u00f6\u00f6leht","href":"https:\/\/api.w.org\/{rel}","templated":true}]}}