{"id":5247,"date":"2025-10-22T14:14:30","date_gmt":"2025-10-22T11:14:30","guid":{"rendered":"https:\/\/wristbandfactory.eu\/?post_type=product&#038;p=5247"},"modified":"2025-12-29T17:54:49","modified_gmt":"2025-12-29T14:54:49","slug":"elastic-fabric-wristbands","status":"publish","type":"product","link":"https:\/\/wristbandfactory.eu\/et\/p\/elastic-fabric-wristbands\/","title":{"rendered":"Elastsed tekstiilist k\u00e4epaelad"},"content":{"rendered":"<p data-path-to-node=\"8\">Pakkuge oma osalejatele \u00fclimat mugavust meie elastsetest kangast k\u00e4epaeltega. Need on valmistatud kvaliteetsest, pehmest ja venivast materjalist ning libisevad lihtsalt \u00fcle k\u00e4e randmele, v\u00e4listades vajaduse plastluku v\u00f5i -sulguri j\u00e4rele.<\/p>\n<p data-path-to-node=\"9\">See \u201c\u00fcks suurus sobib enamusele\u201d disain lihtsustab teie tellimis- ja levitamisprotsessi, muutes need ideaalseks ja probleemivabaks lahenduseks ettev\u00f5tte reklaamide, kauba ja mitmep\u00e4evaste \u00fcrituste jaoks, kus mugavus on v\u00f5tmet\u00e4htsusega.<\/p>\n<h3>T\u00e4isv\u00e4rviline eridisainiga br\u00e4nding<\/h3>\n<p data-path-to-node=\"11\">Kogu b\u00e4nd on t\u00fchi l\u00f5uend. Me kasutame k\u00f5rglahutusega, servast servani sublimatsioonitr\u00fcki, et tagada teie br\u00e4ndingu ergas, detailne ja sujuvalt pehmesse kangasse integreeritud olemine.<\/p>\n<h3>Valikuline nutikas silt (QR ja NFC)<\/h3>\n<p data-path-to-node=\"13\">Lisafunktsionaalsuse tagamiseks saab neid elastseid k\u00e4epaelu varustada eridisainiga tr\u00fckitud sildiga. See silt sobib ideaalselt unikaalse QR-koodi v\u00f5i v\u00f6\u00f6tkoodi lisamiseks juurdep\u00e4\u00e4suks v\u00f5i isegi NFC-sildi integreerimiseks. See muudab mugava k\u00e4epaela v\u00f5imsaks nutikaks t\u00f6\u00f6riistaks sularahata maksete v\u00f5i digitaalse suhtluse jaoks.<\/p>\n<h3 data-path-to-node=\"14\">Peamised omadused:<\/h3>\n<ul data-path-to-node=\"15\">\n<li>\n<p data-path-to-node=\"15,0,0\"><b>Materjal:<\/b> Kvaliteetne, pehme ja elastne veniv kangas.<\/p>\n<\/li>\n<li>\n<p data-path-to-node=\"15,1,0\"><b>Sobivus:<\/b> \u00dcks suurus sobib enamusele, venib vastavalt suurusele.<\/p>\n<\/li>\n<li>\n<p data-path-to-node=\"15,2,0\"><b>Sulgemine:<\/b> Sulgurit pole vaja; mugav libiseva disainiga.<\/p>\n<\/li>\n<li>\n<p data-path-to-node=\"15,3,0\"><b>Tr\u00fckkimine:<\/b> T\u00e4isv\u00e4rviline, k\u00f5rglahutusega sublimatsioon (servast servani).<\/p>\n<\/li>\n<li>\n<p data-path-to-node=\"15,4,0\"><b>Nutika tehnoloogia valik:<\/b> Saab varustada QR-koodide v\u00f5i NFC-siltide eridisainiga sildiga.<\/p>\n<\/li>\n<li>\n<p data-path-to-node=\"15,5,0\"><b>Ideaalne:<\/b> Kampaaniad, kaubad, festivalid ja mugav mitmep\u00e4evane kasutamine.<\/p>\n<\/li>\n<\/ul>","protected":false},"excerpt":{"rendered":"<ul>\n<li>\n<p data-path-to-node=\"7,0,0\"><b>\u00dclim mugavus:<\/b> Valmistatud pehmest, venivast ja \u00fche suurusega kangast.<\/p>\n<\/li>\n<li>\n<p data-path-to-node=\"7,1,0\"><b>Lukku pole vaja:<\/b> Libiseb kergesti peale, eemaldades igasuguse plastkorgi.<\/p>\n<\/li>\n<li>\n<p data-path-to-node=\"7,2,0\"><b>Elav br\u00e4nding:<\/b> T\u00e4ielikult kohandatav servast servani t\u00e4isv\u00e4rvilise sublimatsioonitr\u00fckiga.<\/p>\n<\/li>\n<li>\n<p data-path-to-node=\"7,3,0\"><b>Nutikas valik:<\/b> Saab varustada eridisainiga sildiga QR-koodide, v\u00f6\u00f6tkoodide v\u00f5i NFC-siltide jaoks.<\/p>\n<\/li>\n<\/ul>","protected":false},"featured_media":6382,"comment_status":"closed","ping_status":"closed","template":"","meta":[],"product_brand":[],"product_cat":[47],"product_tag":[],"class_list":{"0":"post-5247","1":"product","2":"type-product","3":"status-publish","4":"has-post-thumbnail","6":"product_cat-fabric-wristbands","8":"first","9":"instock","10":"shipping-taxable","11":"purchasable","12":"product-type-simple"},"_links":{"self":[{"href":"https:\/\/wristbandfactory.eu\/et\/wp-json\/wp\/v2\/product\/5247","targetHints":{"allow":["GET"]}}],"collection":[{"href":"https:\/\/wristbandfactory.eu\/et\/wp-json\/wp\/v2\/product"}],"about":[{"href":"https:\/\/wristbandfactory.eu\/et\/wp-json\/wp\/v2\/types\/product"}],"replies":[{"embeddable":true,"href":"https:\/\/wristbandfactory.eu\/et\/wp-json\/wp\/v2\/comments?post=5247"}],"wp:featuredmedia":[{"embeddable":true,"href":"https:\/\/wristbandfactory.eu\/et\/wp-json\/wp\/v2\/media\/6382"}],"wp:attachment":[{"href":"https:\/\/wristbandfactory.eu\/et\/wp-json\/wp\/v2\/media?parent=5247"}],"wp:term":[{"taxonomy":"product_brand","embeddable":true,"href":"https:\/\/wristbandfactory.eu\/et\/wp-json\/wp\/v2\/product_brand?post=5247"},{"taxonomy":"product_cat","embeddable":true,"href":"https:\/\/wristbandfactory.eu\/et\/wp-json\/wp\/v2\/product_cat?post=5247"},{"taxonomy":"product_tag","embeddable":true,"href":"https:\/\/wristbandfactory.eu\/et\/wp-json\/wp\/v2\/product_tag?post=5247"}],"curies":[{"name":"t\u00f6\u00f6leht","href":"https:\/\/api.w.org\/{rel}","templated":true}]}}