{"id":5242,"date":"2025-10-22T14:03:08","date_gmt":"2025-10-22T11:03:08","guid":{"rendered":"https:\/\/wristbandfactory.eu\/?post_type=product&#038;p=5242"},"modified":"2025-12-30T17:05:06","modified_gmt":"2025-12-30T14:05:06","slug":"pu-leather-wristbands","status":"publish","type":"product","link":"https:\/\/wristbandfactory.eu\/et\/p\/pu-leather-wristbands\/","title":{"rendered":"Kunstnahast k\u00e4epaelad"},"content":{"rendered":"<p>Pakkuge oma k\u00fclalistele t\u00f5eliselt esmaklassilist kogemust. Meie PU-nahast k\u00e4epaelad pakuvad ehtsa naha peent v\u00e4limust ja tunnet, seades teie \u00fcritusele, VIP-alale v\u00f5i tooteesitlusele k\u00f5rge standardi. Need on ideaalne valik klientidele, kes soovivad \u00fchendada stiili turvalise juurdep\u00e4\u00e4sukontrolliga.<\/p>\n<p>Kvaliteetsest pol\u00fcuretaanist (PU) nahast valmistatud k\u00e4epaelad on stiilne ja loomas\u00f5bralik (vegan) alternatiiv traditsioonilisele nahale. Neid on mugav kanda, kuid samas piisavalt tugevad, et kesta kogu \u00fcrituse v\u00e4ltel. Sile pind on suurep\u00e4rane l\u00f5uend teie br\u00e4ndile, millele saab peene ja elegantse viimistluse saavutamiseks tr\u00fckkida v\u00f5i reljeefida. Need k\u00e4epaelad kasutavad tavaliselt turvalist \u00fchekordselt kasutatavat sulgurit, mis tagab nende v\u00f5ltsimiskindluse ja ideaalse juurdep\u00e4\u00e4su haldamise.<\/p>\n<p><b>Peamised omadused:<\/b><\/p>\n<ul>\n<li><b>Materjal:<\/b> Kvaliteetne PU-nahk (veganis\u00f5bralik)<\/li>\n<li><b>V\u00e4limus:<\/b> Elegantne, professionaalne ja esmaklassiline<\/li>\n<li><b>Kohandamine:<\/b> Ideaalne logo tr\u00fckkimiseks v\u00f5i reljeeftr\u00fcki tegemiseks<\/li>\n<li><b>Sulgemine:<\/b> Turvaline \u00fchekordne sulgur \u00fcrituste kontrollimiseks<\/li>\n<li><b>Ideaalne:<\/b> VIP-alad, firma\u00fcritused, tooteesitlused ja k\u00fclalislahkus<\/li>\n<\/ul>\n<p>&nbsp;<\/p>","protected":false},"excerpt":{"rendered":"<ul>\n<li>Pakub ehtsa naha peent v\u00e4limust ja tunnet.<\/li>\n<li>Vastupidav, veekindel ja mugav pikaajaliseks kandmiseks.<\/li>\n<li>Ideaalne VIP-p\u00e4\u00e4smeteks, firmapidudeks ja esmaklassiliseks br\u00e4ndinguks.<\/li>\n<\/ul>\n<p>&nbsp;<\/p>","protected":false},"featured_media":6428,"comment_status":"closed","ping_status":"closed","template":"","meta":[],"product_brand":[],"product_cat":[117],"product_tag":[],"class_list":{"0":"post-5242","1":"product","2":"type-product","3":"status-publish","4":"has-post-thumbnail","6":"product_cat-leather-wristbands","8":"first","9":"instock","10":"shipping-taxable","11":"purchasable","12":"product-type-simple"},"_links":{"self":[{"href":"https:\/\/wristbandfactory.eu\/et\/wp-json\/wp\/v2\/product\/5242","targetHints":{"allow":["GET"]}}],"collection":[{"href":"https:\/\/wristbandfactory.eu\/et\/wp-json\/wp\/v2\/product"}],"about":[{"href":"https:\/\/wristbandfactory.eu\/et\/wp-json\/wp\/v2\/types\/product"}],"replies":[{"embeddable":true,"href":"https:\/\/wristbandfactory.eu\/et\/wp-json\/wp\/v2\/comments?post=5242"}],"wp:featuredmedia":[{"embeddable":true,"href":"https:\/\/wristbandfactory.eu\/et\/wp-json\/wp\/v2\/media\/6428"}],"wp:attachment":[{"href":"https:\/\/wristbandfactory.eu\/et\/wp-json\/wp\/v2\/media?parent=5242"}],"wp:term":[{"taxonomy":"product_brand","embeddable":true,"href":"https:\/\/wristbandfactory.eu\/et\/wp-json\/wp\/v2\/product_brand?post=5242"},{"taxonomy":"product_cat","embeddable":true,"href":"https:\/\/wristbandfactory.eu\/et\/wp-json\/wp\/v2\/product_cat?post=5242"},{"taxonomy":"product_tag","embeddable":true,"href":"https:\/\/wristbandfactory.eu\/et\/wp-json\/wp\/v2\/product_tag?post=5242"}],"curies":[{"name":"t\u00f6\u00f6leht","href":"https:\/\/api.w.org\/{rel}","templated":true}]}}